{"id":14129,"date":"2020-03-30T21:46:49","date_gmt":"2020-03-30T20:46:49","guid":{"rendered":"https:\/\/www.ateti.pt\/loja\/?post_type=product&#038;p=14129"},"modified":"2024-06-19T11:58:07","modified_gmt":"2024-06-19T10:58:07","slug":"massa-lacos-500gr-milaneza","status":"publish","type":"product","link":"https:\/\/www.ateti.pt\/loja\/produto\/massa-lacos-500gr-milaneza\/","title":{"rendered":"Massa La\u00e7os 500g Milaneza"},"content":{"rendered":"<p><strong>Massa La\u00e7os 500g Milaneza<\/strong><\/p>\n<p>Elegantes e visualmente bonitos, os la\u00e7os combinam bem com molhos \u00e0 base de vegetais, natas, iogurte, queijo fresco ou requeij\u00e3o. Quando preparar uma salada fria, aprecie a sua textura irregular.<\/p>\n<p>As massas Milaneza s\u00e3o adoradas por toda a gente.<\/p>\n<p>A Milaneza \u00e9 a massa n\u00ba 1 em Portugal.<\/p>\n<p>As raz\u00f5es deste sucesso s\u00e3o simples: uma rigorosa sele\u00e7\u00e3o dos melhores trigos duros e uma moderna tecnologia de fabrico, o que origina uma massa extremamente saborosa que agrada a todos.<\/p>\n<p>Quantidade: 500g<\/p>\n<p>Massas aliment\u00edcias de qualidade superior.<\/p>\n<p><strong>Ingredientes:<\/strong> S\u00eamola de trigo duro. Pode conter vest\u00edgios de ovo.<\/p>\n<h5>TEMPO DE COZEDURA:<\/h5>\n<p><strong>Al dente:<\/strong>\u00a011 minutos<\/p>\n<p><strong>Suave:<\/strong>\u00a013 minutos<\/p>\n<table id=\"nutritional-table\" border=\"0\" width=\"100%\" cellspacing=\"0\" cellpadding=\"0\">\n<tbody>\n<tr>\n<td>\n<table border=\"0\" width=\"100%\" cellspacing=\"0\" cellpadding=\"0\">\n<tbody>\n<tr>\n<td>\n<table border=\"0\" width=\"100%\" cellspacing=\"0\" cellpadding=\"0\">\n<tbody>\n<tr>\n<th align=\"left\" width=\"44%\"><\/th>\n<\/tr>\n<\/tbody>\n<\/table>\n<\/td>\n<\/tr>\n<tr>\n<td>\n<table border=\"0\" width=\"100%\" cellspacing=\"0\" cellpadding=\"0\">\n<tbody>\n<tr>\n<th align=\"left\" width=\"44%\">DECLARA\u00c7\u00c3O NUTRICIONAL-VALORES M\u00c9DIOS<br \/>\nNUTRITION DECLARATION-NUTRITION AVERAGE VALUES<br \/>\nD\u00c9CLARATION NUTRITIONNELLE-VALEURS NUTRITIONNELLE MOYENNES<\/th>\n<th width=\"22%\">POR\/ PER\/ POUR<br \/>\n100G<\/th>\n<th width=\"22%\">POR\/ PER\/ POUR<br \/>\n80G<\/th>\n<th width=\"12%\">% DR*<br \/>\n%RI*<br \/>\n%AR*<\/th>\n<\/tr>\n<\/tbody>\n<\/table>\n<\/td>\n<\/tr>\n<tr>\n<td>\n<table id=\"main\" width=\"100%\" cellspacing=\"0\" cellpadding=\"0\">\n<tbody>\n<tr>\n<td height=\"50\">\n<table border=\"0\" width=\"100%\" cellspacing=\"0\" cellpadding=\"0\">\n<tbody>\n<tr>\n<td width=\"43%\">Energia\/ Energy\/ \u00c9nergie<\/td>\n<td width=\"22%\">\n<table border=\"0\" width=\"100%\" cellspacing=\"0\" cellpadding=\"0\">\n<tbody>\n<tr>\n<td align=\"center\">1501 kJ<\/td>\n<\/tr>\n<tr>\n<td align=\"center\">354 kcal<\/td>\n<\/tr>\n<\/tbody>\n<\/table>\n<\/td>\n<td width=\"22%\">\n<table border=\"0\" width=\"100%\" cellspacing=\"0\" cellpadding=\"0\">\n<tbody>\n<tr>\n<td align=\"center\">1201 kJ<\/td>\n<\/tr>\n<tr>\n<td align=\"center\">283 kcal<\/td>\n<\/tr>\n<\/tbody>\n<\/table>\n<\/td>\n<td align=\"center\" width=\"12%\">14%<\/td>\n<\/tr>\n<\/tbody>\n<\/table>\n<\/td>\n<\/tr>\n<tr>\n<td bgcolor=\"#f6f6f6\" height=\"40\">\n<table border=\"0\" width=\"100%\" cellspacing=\"0\" cellpadding=\"0\">\n<tbody>\n<tr>\n<td width=\"43%\">\n<table border=\"0\" width=\"100%\" cellspacing=\"0\" cellpadding=\"0\">\n<tbody>\n<tr>\n<td>L\u00edpidos\/ Fat\/ Graisses<\/td>\n<\/tr>\n<tr>\n<td>dos quais \u00e1cidos gordos saturados\/ of which saturates\/ dont acides gras satur\u00e9s<\/td>\n<\/tr>\n<\/tbody>\n<\/table>\n<\/td>\n<td width=\"22%\">\n<table border=\"0\" width=\"100%\" cellspacing=\"0\" cellpadding=\"0\">\n<tbody>\n<tr>\n<td align=\"center\">1,8g<\/td>\n<\/tr>\n<tr>\n<td align=\"center\">0,4 g<\/td>\n<\/tr>\n<\/tbody>\n<\/table>\n<\/td>\n<td width=\"22%\">\n<table border=\"0\" width=\"100%\" cellspacing=\"0\" cellpadding=\"0\">\n<tbody>\n<tr>\n<td align=\"center\">1,4 g<\/td>\n<\/tr>\n<tr>\n<td align=\"center\">0,3 g<\/td>\n<\/tr>\n<\/tbody>\n<\/table>\n<\/td>\n<td width=\"12%\">\n<table border=\"0\" width=\"100%\" cellspacing=\"0\" cellpadding=\"0\">\n<tbody>\n<tr>\n<td align=\"center\">2%<\/td>\n<\/tr>\n<tr>\n<td align=\"center\">2%<\/td>\n<\/tr>\n<\/tbody>\n<\/table>\n<\/td>\n<\/tr>\n<\/tbody>\n<\/table>\n<\/td>\n<\/tr>\n<tr>\n<td height=\"50\">\n<table border=\"0\" width=\"100%\" cellspacing=\"0\" cellpadding=\"0\">\n<tbody>\n<tr>\n<td width=\"43%\">\n<table border=\"0\" width=\"100%\" cellspacing=\"0\" cellpadding=\"0\">\n<tbody>\n<tr>\n<td>Hidratos de Carbono\/ Carbohydrate\/ Glucides<\/td>\n<\/tr>\n<tr>\n<td>dos quais a\u00e7\u00facares\/ of which sugars\/ dont sucres<\/td>\n<\/tr>\n<\/tbody>\n<\/table>\n<\/td>\n<td width=\"22%\">\n<table border=\"0\" width=\"100%\" cellspacing=\"0\" cellpadding=\"0\">\n<tbody>\n<tr>\n<td align=\"center\">71 g<\/td>\n<\/tr>\n<tr>\n<td align=\"center\">5.0 g<\/td>\n<\/tr>\n<\/tbody>\n<\/table>\n<\/td>\n<td width=\"22%\">\n<table border=\"0\" width=\"100%\" cellspacing=\"0\" cellpadding=\"0\">\n<tbody>\n<tr>\n<td align=\"center\">57 g<\/td>\n<\/tr>\n<tr>\n<td align=\"center\">4,0 g<\/td>\n<\/tr>\n<\/tbody>\n<\/table>\n<\/td>\n<td width=\"12%\">\n<table border=\"0\" width=\"100%\" cellspacing=\"0\" cellpadding=\"0\">\n<tbody>\n<tr>\n<td align=\"center\">22%<\/td>\n<\/tr>\n<tr>\n<td align=\"center\">4%<\/td>\n<\/tr>\n<\/tbody>\n<\/table>\n<\/td>\n<\/tr>\n<\/tbody>\n<\/table>\n<\/td>\n<\/tr>\n<tr>\n<td bgcolor=\"#f6f6f6\">\n<table border=\"0\" width=\"100%\" cellspacing=\"0\" cellpadding=\"0\">\n<tbody>\n<tr>\n<td width=\"43%\">Fibra\/ Fibre\/ Fibres Alimentaires<\/td>\n<td align=\"center\" width=\"22%\">2,9 g<\/td>\n<td align=\"center\" width=\"22%\">2,3 g<\/td>\n<td align=\"center\" width=\"12%\">&#8212;-<\/td>\n<\/tr>\n<\/tbody>\n<\/table>\n<\/td>\n<\/tr>\n<tr>\n<td>\n<table border=\"0\" width=\"100%\" cellspacing=\"0\" cellpadding=\"0\">\n<tbody>\n<tr>\n<td width=\"43%\">Prote\u00ednas\/ Protein\/ Prot\u00e9ines<\/td>\n<td align=\"center\" width=\"22%\">12 g<\/td>\n<td align=\"center\" width=\"22%\">9,6 g<\/td>\n<td align=\"center\" width=\"12%\">19%<\/td>\n<\/tr>\n<\/tbody>\n<\/table>\n<\/td>\n<\/tr>\n<tr>\n<td bgcolor=\"#f6f6f6\">\n<table border=\"0\" width=\"100%\" cellspacing=\"0\" cellpadding=\"0\">\n<tbody>\n<tr>\n<td width=\"43%\">Sal\/ Salt\/ Sel<\/td>\n<td align=\"center\" width=\"22%\">0,025 g<\/td>\n<td align=\"center\" width=\"22%\">0,020g<\/td>\n<td align=\"center\" width=\"12%\">0,34%<\/td>\n<\/tr>\n<\/tbody>\n<\/table>\n<\/td>\n<\/tr>\n<\/tbody>\n<\/table>\n<\/td>\n<\/tr>\n<\/tbody>\n<\/table>\n<\/td>\n<\/tr>\n<\/tbody>\n<\/table>\n<h4>Como preparar Massa La\u00e7os Milaneza<\/h4>\n<p>Sugest\u00e3o de receita<\/p>\n<h5>La\u00e7os com sapateira<\/h5>\n<p><strong>Ingredientes:<\/strong><\/p>\n<p>400 g de <a href=\"https:\/\/www.ateti.pt\/loja\/categoria\/mercearia\/arrozemassas\/\">Massa La\u00e7os Milaneza<\/a><\/p>\n<p>200 g <a href=\"https:\/\/www.ateti.pt\/loja\/categoria\/refrigerados\/lacticinios\/manteigas-e-cremes-vegetais\/\">Manteiga<\/a><\/p>\n<p>400 g <a href=\"https:\/\/www.ateti.pt\/loja\/categoria\/congelados\/peixeemarisco\/\">Sapateira<\/a><\/p>\n<p>4 c. sopa de vinho <a href=\"https:\/\/www.ateti.pt\/loja\/categoria\/bebidas\/garrafeira\/\">branco seco ou Brandy<\/a><\/p>\n<p>175 ml <a href=\"https:\/\/www.ateti.pt\/loja\/categoria\/mercearia\/laticinios\/\">natas<\/a><\/p>\n<p>2 c. sopa de <a href=\"https:\/\/www.ateti.pt\/loja\/categoria\/mercearia\/temperos-e-molhos\/\">salsa\u00a0<\/a><\/p>\n<p>1 c. caf\u00e9 de <a href=\"https:\/\/www.ateti.pt\/loja\/categoria\/mercearia\/temperos-e-molhos\/\">pimenta\u00a0<\/a><\/p>\n<p><a href=\"https:\/\/www.ateti.pt\/loja\/categoria\/mercearia\/temperos-e-molhos\/\">Sal<\/a> q.b.<\/p>\n<p><strong>Prepara\u00e7\u00e3o:<\/strong><\/p>\n<p>Derreter metade da manteiga em fogo lento e juntar a carne desfiada da sapateira. Mexer cuidadosamente, juntar o vinho e levantar um pouco o lume para o fazer evaporar.<\/p>\n<p>Juntar as natas e envolver gentilmente. Temperar de sal e pimenta, mexer novamente e deixar cozinhar cerca de 3 minutos em fogo lento.<\/p>\n<p>Entretanto cozer a massa, escorrer e colocar numa ta\u00e7a pr\u00e9-aquecida.<\/p>\n<p>Juntar-lhe o resto da manteiga e envolver bem, por cima colocar o molho quente da sapateira.<\/p>\n<p>Polvilhar com salsa picada e servir de imediato.<\/p>\n<p>Bom apetite!<\/p>\n<p>Veja mais em <a href=\"https:\/\/www.ateti.pt\/loja\/categoria\/mercearia\/arrozemassas\/\">Arroz e Massas<\/a><\/p>\n","protected":false},"excerpt":{"rendered":"<p>2.80\u20ac\/KG<\/p>\n","protected":false},"featured_media":57678,"comment_status":"closed","ping_status":"closed","template":"","meta":{"_themeisle_gutenberg_block_has_review":false},"product_brand":[],"product_cat":[187,891,132],"product_tag":[],"woo-feed-brand":[],"class_list":{"0":"post-14129","1":"product","2":"type-product","3":"status-publish","4":"has-post-thumbnail","6":"product_cat-arrozemassas","7":"product_cat-iva-zero","8":"product_cat-mercearia","9":"ts_product_brand-milaneza","11":"first","12":"instock","13":"taxable","14":"shipping-taxable","15":"purchasable","16":"product-type-simple"},"_links":{"self":[{"href":"https:\/\/www.ateti.pt\/loja\/wp-json\/wp\/v2\/product\/14129","targetHints":{"allow":["GET"]}}],"collection":[{"href":"https:\/\/www.ateti.pt\/loja\/wp-json\/wp\/v2\/product"}],"about":[{"href":"https:\/\/www.ateti.pt\/loja\/wp-json\/wp\/v2\/types\/product"}],"replies":[{"embeddable":true,"href":"https:\/\/www.ateti.pt\/loja\/wp-json\/wp\/v2\/comments?post=14129"}],"wp:featuredmedia":[{"embeddable":true,"href":"https:\/\/www.ateti.pt\/loja\/wp-json\/wp\/v2\/media\/57678"}],"wp:attachment":[{"href":"https:\/\/www.ateti.pt\/loja\/wp-json\/wp\/v2\/media?parent=14129"}],"wp:term":[{"taxonomy":"product_brand","embeddable":true,"href":"https:\/\/www.ateti.pt\/loja\/wp-json\/wp\/v2\/product_brand?post=14129"},{"taxonomy":"product_cat","embeddable":true,"href":"https:\/\/www.ateti.pt\/loja\/wp-json\/wp\/v2\/product_cat?post=14129"},{"taxonomy":"product_tag","embeddable":true,"href":"https:\/\/www.ateti.pt\/loja\/wp-json\/wp\/v2\/product_tag?post=14129"},{"taxonomy":"woo-feed-brand","embeddable":true,"href":"https:\/\/www.ateti.pt\/loja\/wp-json\/wp\/v2\/woo-feed-brand?post=14129"}],"curies":[{"name":"wp","href":"https:\/\/api.w.org\/{rel}","templated":true}]}}