{"id":14128,"date":"2025-04-02T07:28:42","date_gmt":"2025-04-02T06:28:42","guid":{"rendered":"https:\/\/www.ateti.pt\/loja\/?post_type=product&#038;p=14128"},"modified":"2026-02-10T16:38:49","modified_gmt":"2026-02-10T16:38:49","slug":"massa-aletria-500gr-milaneza","status":"publish","type":"product","link":"https:\/\/www.ateti.pt\/loja\/produto\/massa-aletria-500gr-milaneza\/","title":{"rendered":"Massa Aletria 500g Milaneza"},"content":{"rendered":"<h5>Massa Aletria Milaneza<\/h5>\n<p>As massas Milaneza s\u00e3o adoradas por toda a gente.<br \/>\nA Milaneza \u00e9 a massa n\u00ba 1 em Portugal.<br \/>\nAs raz\u00f5es deste sucesso s\u00e3o simples: uma rigorosa sele\u00e7\u00e3o dos melhores trigos duros e uma moderna tecnologia de fabrico, o que origina uma massa extremamente saborosa que agrada a todos.<\/p>\n<p>Quantidade: 500g<\/p>\n<p>Tradicionalmente utilizada na confe\u00e7\u00e3o do famoso doce de Aletria, principalmente na \u00e9poca do Natal e P\u00e1scoa, sendo hoje uma deliciosa sobremesa em qualquer altura do ano. As suas meadas finas e fr\u00e1geis cozinham muito rapidamente, sendo tamb\u00e9m muitas vezes utilizada nas sopas tipo caldos e consom\u00e9s. Recentemente \u00e9 tamb\u00e9m utilizada para a confe\u00e7\u00e3o do t\u00e3o apetec\u00edvel chocolate do Dubai.<\/p>\n<table border=\"0\" width=\"100%\" cellspacing=\"0\" cellpadding=\"0\">\n<tbody>\n<tr>\n<td>\n<table border=\"0\" width=\"100%\" cellspacing=\"0\" cellpadding=\"0\">\n<tbody>\n<tr>\n<th align=\"left\" width=\"44%\">DECLARA\u00c7\u00c3O NUTRICIONAL-VALORES M\u00c9DIOS<br \/>\nNUTRITION DECLARATION-NUTRITION AVERAGE VALUES<br \/>\nD\u00c9CLARATION NUTRITIONNELLE-VALEURS NUTRITIONNELLE MOYENNES<\/th>\n<th width=\"22%\">POR\/ PER\/ POUR<br \/>\n100G<\/th>\n<th width=\"22%\">POR\/ PER\/ POUR<br \/>\n80G<\/th>\n<th width=\"12%\">% DR*<br \/>\n%RI*<br \/>\n%AR*<\/th>\n<\/tr>\n<\/tbody>\n<\/table>\n<\/td>\n<\/tr>\n<tr>\n<td>\n<table id=\"main\" width=\"100%\" cellspacing=\"0\" cellpadding=\"0\">\n<tbody>\n<tr>\n<td height=\"50\">\n<table border=\"0\" width=\"100%\" cellspacing=\"0\" cellpadding=\"0\">\n<tbody>\n<tr>\n<td width=\"43%\">Energia\/ Energy\/ \u00c9nergie<\/td>\n<td width=\"22%\">\n<table border=\"0\" width=\"100%\" cellspacing=\"0\" cellpadding=\"0\">\n<tbody>\n<tr>\n<td align=\"center\">1501 kJ<\/td>\n<\/tr>\n<tr>\n<td align=\"center\">354 kcal<\/td>\n<\/tr>\n<\/tbody>\n<\/table>\n<\/td>\n<td width=\"22%\">\n<table border=\"0\" width=\"100%\" cellspacing=\"0\" cellpadding=\"0\">\n<tbody>\n<tr>\n<td align=\"center\">1201 kJ<\/td>\n<\/tr>\n<tr>\n<td align=\"center\">283 kcal<\/td>\n<\/tr>\n<\/tbody>\n<\/table>\n<\/td>\n<td align=\"center\" width=\"12%\">14%<\/td>\n<\/tr>\n<\/tbody>\n<\/table>\n<\/td>\n<\/tr>\n<tr>\n<td bgcolor=\"#f6f6f6\" height=\"40\">\n<table border=\"0\" width=\"100%\" cellspacing=\"0\" cellpadding=\"0\">\n<tbody>\n<tr>\n<td width=\"43%\">\n<table border=\"0\" width=\"100%\" cellspacing=\"0\" cellpadding=\"0\">\n<tbody>\n<tr>\n<td>L\u00edpidos\/ Fat\/ Graisses<\/td>\n<\/tr>\n<tr>\n<td>dos quais \u00e1cidos gordos saturados\/ of which saturates\/ dont acides gras satur\u00e9s<\/td>\n<\/tr>\n<\/tbody>\n<\/table>\n<\/td>\n<td width=\"22%\">\n<table border=\"0\" width=\"100%\" cellspacing=\"0\" cellpadding=\"0\">\n<tbody>\n<tr>\n<td align=\"center\">1,8g<\/td>\n<\/tr>\n<tr>\n<td align=\"center\">0,4 g<\/td>\n<\/tr>\n<\/tbody>\n<\/table>\n<\/td>\n<td width=\"22%\">\n<table border=\"0\" width=\"100%\" cellspacing=\"0\" cellpadding=\"0\">\n<tbody>\n<tr>\n<td align=\"center\">1.4 g<\/td>\n<\/tr>\n<tr>\n<td align=\"center\">0.3 g<\/td>\n<\/tr>\n<\/tbody>\n<\/table>\n<\/td>\n<td width=\"12%\">\n<table border=\"0\" width=\"100%\" cellspacing=\"0\" cellpadding=\"0\">\n<tbody>\n<tr>\n<td align=\"center\">2%<\/td>\n<\/tr>\n<tr>\n<td align=\"center\">2%<\/td>\n<\/tr>\n<\/tbody>\n<\/table>\n<\/td>\n<\/tr>\n<\/tbody>\n<\/table>\n<\/td>\n<\/tr>\n<tr>\n<td height=\"50\">\n<table border=\"0\" width=\"100%\" cellspacing=\"0\" cellpadding=\"0\">\n<tbody>\n<tr>\n<td width=\"43%\">\n<table border=\"0\" width=\"100%\" cellspacing=\"0\" cellpadding=\"0\">\n<tbody>\n<tr>\n<td>Hidratos de Carbono\/ Carbohydrate\/ Glucides<\/td>\n<\/tr>\n<tr>\n<td>dos quais a\u00e7\u00facares\/ of which sugars\/ dont sucres<\/td>\n<\/tr>\n<\/tbody>\n<\/table>\n<\/td>\n<td width=\"22%\">\n<table border=\"0\" width=\"100%\" cellspacing=\"0\" cellpadding=\"0\">\n<tbody>\n<tr>\n<td align=\"center\">71 g<\/td>\n<\/tr>\n<tr>\n<td align=\"center\">5,0 g<\/td>\n<\/tr>\n<\/tbody>\n<\/table>\n<\/td>\n<td width=\"22%\">\n<table border=\"0\" width=\"100%\" cellspacing=\"0\" cellpadding=\"0\">\n<tbody>\n<tr>\n<td align=\"center\">57 g<\/td>\n<\/tr>\n<tr>\n<td align=\"center\">4,0 g<\/td>\n<\/tr>\n<\/tbody>\n<\/table>\n<\/td>\n<td width=\"12%\">\n<table border=\"0\" width=\"100%\" cellspacing=\"0\" cellpadding=\"0\">\n<tbody>\n<tr>\n<td align=\"center\">22%<\/td>\n<\/tr>\n<tr>\n<td align=\"center\">4%<\/td>\n<\/tr>\n<\/tbody>\n<\/table>\n<\/td>\n<\/tr>\n<\/tbody>\n<\/table>\n<\/td>\n<\/tr>\n<tr>\n<td bgcolor=\"#f6f6f6\">\n<table border=\"0\" width=\"100%\" cellspacing=\"0\" cellpadding=\"0\">\n<tbody>\n<tr>\n<td width=\"43%\">Fibra\/ Fibre\/ Fibres Alimentaires<\/td>\n<td align=\"center\" width=\"22%\">2,9 g<\/td>\n<td align=\"center\" width=\"22%\">2,3 g<\/td>\n<td align=\"center\" width=\"12%\">&#8212;-<\/td>\n<\/tr>\n<\/tbody>\n<\/table>\n<\/td>\n<\/tr>\n<tr>\n<td>\n<table border=\"0\" width=\"100%\" cellspacing=\"0\" cellpadding=\"0\">\n<tbody>\n<tr>\n<td width=\"43%\">Prote\u00ednas\/ Protein\/ Prot\u00e9ines<\/td>\n<td align=\"center\" width=\"22%\">12 g<\/td>\n<td align=\"center\" width=\"22%\">9,6 g<\/td>\n<td align=\"center\" width=\"12%\">19%<\/td>\n<\/tr>\n<\/tbody>\n<\/table>\n<\/td>\n<\/tr>\n<tr>\n<td bgcolor=\"#f6f6f6\">\n<table border=\"0\" width=\"100%\" cellspacing=\"0\" cellpadding=\"0\">\n<tbody>\n<tr>\n<td width=\"43%\">Sal\/ Salt\/ Sel<\/td>\n<td align=\"center\" width=\"22%\">0,025 g<\/td>\n<td align=\"center\" width=\"22%\">0,020g<\/td>\n<td align=\"center\" width=\"12%\">0,34%<\/td>\n<\/tr>\n<\/tbody>\n<\/table>\n<\/td>\n<\/tr>\n<\/tbody>\n<\/table>\n<\/td>\n<\/tr>\n<\/tbody>\n<\/table>\n<h5>TEMPO DE COZEDURA:<\/h5>\n<p><strong>Al dente:<\/strong>\u00a03 minutos<\/p>\n<p><strong>Suave:<\/strong>\u00a05 minutos<\/p>\n<h4>Como preparar aletria<\/h4>\n<p>Sugest\u00e3o de receita<\/p>\n<h5>Aletria especial de Natal<\/h5>\n<p><strong>Ingredientes:<\/strong><\/p>\n<p>-100g Massa Aletria Milaneza<\/p>\n<p>-1l \u00e1gua<\/p>\n<p>-pitada de sal<\/p>\n<p>-750ml ou leite<\/p>\n<p>-3 gemas de ovo<\/p>\n<p>-3 colheres amigo de milho<\/p>\n<p>-3 ou 4 colheres a\u00e7\u00facar de coco ou outro a gosto<\/p>\n<p>-2 gotas extrato de baunilha<\/p>\n<p>-1 casquinha de lim\u00e3o<\/p>\n<p><strong>Prepara\u00e7\u00e3o:<\/strong><\/p>\n<p>Num tacho, fora do lume, coloque as gemas, amido de milho, casquinha de lim\u00e3o, a\u00e7\u00facar de coco, baunilha e um pouquinho de leite.<\/p>\n<p>Misture tudo muito bem para n\u00e3o criar grumes e depois acrescente aos poucos, mexendo sempre, o restante leite.<\/p>\n<p>Leve ao lume e mexa sempre at\u00e9 engrossar.<\/p>\n<p>Noutro tacho, coloque a \u00e1gua e o sal. Quando estiver a ferver, acrescente a Aletria Milaneza e cozinhe durante 3 minutos.<\/p>\n<p>Ap\u00f3s esse tempo, escorra a Aletria e adicione \u00e0 mistura de leite.<\/p>\n<p>Deixe cozinhar mais 2 minutos para que a Aletria absorva todos os sabores.<\/p>\n<p>Retire e coloque numa travessa de servir.<\/p>\n<p>Bom apetite!<\/p>\n<p>Veja mais em <a href=\"https:\/\/www.ateti.pt\/loja\/categoria\/mercearia\/arrozemassas\/\">Arroz e Massas<\/a><\/p>\n","protected":false},"excerpt":{"rendered":"<p>3.38\u20ac\/kg<\/p>\n","protected":false},"featured_media":71326,"comment_status":"closed","ping_status":"closed","template":"","meta":{"_themeisle_gutenberg_block_has_review":false},"product_brand":[],"product_cat":[187,132],"product_tag":[],"woo-feed-brand":[],"class_list":{"0":"post-14128","1":"product","2":"type-product","3":"status-publish","4":"has-post-thumbnail","6":"product_cat-arrozemassas","7":"product_cat-mercearia","8":"ts_product_brand-milaneza","10":"first","11":"instock","12":"taxable","13":"shipping-taxable","14":"purchasable","15":"product-type-simple"},"_links":{"self":[{"href":"https:\/\/www.ateti.pt\/loja\/wp-json\/wp\/v2\/product\/14128","targetHints":{"allow":["GET"]}}],"collection":[{"href":"https:\/\/www.ateti.pt\/loja\/wp-json\/wp\/v2\/product"}],"about":[{"href":"https:\/\/www.ateti.pt\/loja\/wp-json\/wp\/v2\/types\/product"}],"replies":[{"embeddable":true,"href":"https:\/\/www.ateti.pt\/loja\/wp-json\/wp\/v2\/comments?post=14128"}],"wp:featuredmedia":[{"embeddable":true,"href":"https:\/\/www.ateti.pt\/loja\/wp-json\/wp\/v2\/media\/71326"}],"wp:attachment":[{"href":"https:\/\/www.ateti.pt\/loja\/wp-json\/wp\/v2\/media?parent=14128"}],"wp:term":[{"taxonomy":"product_brand","embeddable":true,"href":"https:\/\/www.ateti.pt\/loja\/wp-json\/wp\/v2\/product_brand?post=14128"},{"taxonomy":"product_cat","embeddable":true,"href":"https:\/\/www.ateti.pt\/loja\/wp-json\/wp\/v2\/product_cat?post=14128"},{"taxonomy":"product_tag","embeddable":true,"href":"https:\/\/www.ateti.pt\/loja\/wp-json\/wp\/v2\/product_tag?post=14128"},{"taxonomy":"woo-feed-brand","embeddable":true,"href":"https:\/\/www.ateti.pt\/loja\/wp-json\/wp\/v2\/woo-feed-brand?post=14128"}],"curies":[{"name":"wp","href":"https:\/\/api.w.org\/{rel}","templated":true}]}}