{"id":14126,"date":"2020-03-30T21:33:24","date_gmt":"2020-03-30T20:33:24","guid":{"rendered":"https:\/\/www.ateti.pt\/loja\/?post_type=product&#038;p=14126"},"modified":"2025-01-23T10:15:41","modified_gmt":"2025-01-23T10:15:41","slug":"massa-cotovelinhos-500gr-milaneza","status":"publish","type":"product","link":"https:\/\/www.ateti.pt\/loja\/produto\/massa-cotovelinhos-500gr-milaneza\/","title":{"rendered":"Massa Cotovelinhos 500g Milaneza"},"content":{"rendered":"<p><strong>Massa Cotovelinhos Milaneza<\/strong><\/p>\n<p>Massa Cotovelinhos Milaneza, massa do dia-a-dia. Pode juntar carne ou peixe que obter\u00e1 sempre uma refei\u00e7\u00e3o apetitosa. Os Cotovelinhos s\u00e3o a garantia de pratos variados todos os dias.<\/p>\n<blockquote><p>As massas Milaneza s\u00e3o adoradas por toda a gente.<\/p><\/blockquote>\n<p>A Milaneza \u00e9 a massa n\u00ba 1 em Portugal.<\/p>\n<p>As raz\u00f5es deste sucesso s\u00e3o simples: uma rigorosa sele\u00e7\u00e3o dos melhores trigos duros e uma moderna tecnologia de fabrico, o que origina uma massa extremamente saborosa que agrada a todos.<\/p>\n<p>Massas aliment\u00edcias de qualidade superior.<\/p>\n<p>Ingredientes: S\u00eamola de trigo duro.<\/p>\n<p>Pode conter vest\u00edgios de ovo.<\/p>\n<p><strong>Declara\u00e7\u00e3o Nutricional (por 100g): <\/strong><\/p>\n<p>Energia: 1501kj\/354kcal; L\u00edpidos: 1,8g; dos quais Saturados: 0,4g; Hidratos de Carbono: 71g; dos quais A\u00e7ucares: 5g; Fibra: 2,9g; Prote\u00ednas: 12g; Sal: 0,025g.<\/p>\n<p>Quantidade: 500g<\/p>\n<p>Encontre aqui mais <a href=\"https:\/\/www.ateti.pt\/loja\/categoria\/mercearia\/arrozemassas\/\">Arroz e Massas<\/a>.<\/p>\n<p><strong>Sugest\u00e3o de Receita <a href=\"https:\/\/www.milaneza.pt\/cotovelinhos-a-espanhola\/\">Massa Cotovelinhos Milaneza<\/a><\/strong><\/p>\n<p><strong>INGREDIENTES<\/strong><br \/>\n400 g de Cotovelinhos Milaneza<br \/>\n40 Am\u00eaijoas<br \/>\n24 Gambas<br \/>\n100 g de manteiga<br \/>\n1 dente de alho<br \/>\n3 cebolas m\u00e9dias<br \/>\n2 tomates<br \/>\n2 pimentos<br \/>\n2 cenouras<br \/>\nPerninhas de a\u00e7afr\u00e3o q.b.<br \/>\n2 l caldo de peixe<\/p>\n<h4>PREPARA\u00c7\u00c3O<\/h4>\n<p>Derreta a manteiga com o alho e em seguida, junte a cebola bem picada, a cenoura e o pimento picado muito fino.<\/p>\n<p>Deixe alourar, junte o tomate pelado e partido e o a\u00e7afr\u00e3o.<\/p>\n<p>Deixe cozer 2 minutos, junte as am\u00eaijoas e as gambas.<\/p>\n<p>Coza a massa \u201cal dente\u201d.<\/p>\n<p>Depois da massa cozida junte tudo e vai ao forno durante 7 minutos.<\/p>\n","protected":false},"excerpt":{"rendered":"<p>2,54\u20ac\/Kg<\/p>\n","protected":false},"featured_media":69655,"comment_status":"closed","ping_status":"closed","template":"","meta":{"_themeisle_gutenberg_block_has_review":false},"product_brand":[],"product_cat":[187,891,132],"product_tag":[],"woo-feed-brand":[],"class_list":{"0":"post-14126","1":"product","2":"type-product","3":"status-publish","4":"has-post-thumbnail","6":"product_cat-arrozemassas","7":"product_cat-iva-zero","8":"product_cat-mercearia","9":"ts_product_brand-milaneza","11":"first","12":"instock","13":"taxable","14":"shipping-taxable","15":"purchasable","16":"product-type-simple"},"_links":{"self":[{"href":"https:\/\/www.ateti.pt\/loja\/wp-json\/wp\/v2\/product\/14126","targetHints":{"allow":["GET"]}}],"collection":[{"href":"https:\/\/www.ateti.pt\/loja\/wp-json\/wp\/v2\/product"}],"about":[{"href":"https:\/\/www.ateti.pt\/loja\/wp-json\/wp\/v2\/types\/product"}],"replies":[{"embeddable":true,"href":"https:\/\/www.ateti.pt\/loja\/wp-json\/wp\/v2\/comments?post=14126"}],"wp:featuredmedia":[{"embeddable":true,"href":"https:\/\/www.ateti.pt\/loja\/wp-json\/wp\/v2\/media\/69655"}],"wp:attachment":[{"href":"https:\/\/www.ateti.pt\/loja\/wp-json\/wp\/v2\/media?parent=14126"}],"wp:term":[{"taxonomy":"product_brand","embeddable":true,"href":"https:\/\/www.ateti.pt\/loja\/wp-json\/wp\/v2\/product_brand?post=14126"},{"taxonomy":"product_cat","embeddable":true,"href":"https:\/\/www.ateti.pt\/loja\/wp-json\/wp\/v2\/product_cat?post=14126"},{"taxonomy":"product_tag","embeddable":true,"href":"https:\/\/www.ateti.pt\/loja\/wp-json\/wp\/v2\/product_tag?post=14126"},{"taxonomy":"woo-feed-brand","embeddable":true,"href":"https:\/\/www.ateti.pt\/loja\/wp-json\/wp\/v2\/woo-feed-brand?post=14126"}],"curies":[{"name":"wp","href":"https:\/\/api.w.org\/{rel}","templated":true}]}}