{"id":14125,"date":"2025-01-16T21:28:34","date_gmt":"2025-01-16T21:28:34","guid":{"rendered":"https:\/\/www.ateti.pt\/loja\/?post_type=product&#038;p=14125"},"modified":"2025-11-28T11:02:00","modified_gmt":"2025-11-28T11:02:00","slug":"massa-macarrao-milaneza-500g","status":"publish","type":"product","link":"https:\/\/www.ateti.pt\/loja\/produto\/massa-macarrao-milaneza-500g\/","title":{"rendered":"Massa Macarr\u00e3o Milaneza 500g"},"content":{"rendered":"<h5>Massa Macarr\u00e3o Milaneza<\/h5>\n<p>O Macarr\u00e3o \u00e9 uma massa espessa, larga e estriada. A sua textura absorve o sabor dos ingredientes, mantendo sempre a sua estrutura. Experimente molhos mais consistentes e surpreenda-se.<\/p>\n<p>Quantidade: 500g<\/p>\n<p>Massas aliment\u00edcias de qualidade superior. Ingredientes: S\u00eamola de trigo duro. Pode conter vest\u00edgios de ovo.<\/p>\n<p>Declara\u00e7\u00e3o Nutricional (por 100g): Energia: 1501kj\/354kcal; L\u00edpidos: 1,8g; dos quais Saturados: 0,4g; Hidratos de Carbono: 71g; dos quais A\u00e7ucares: 5g; Fibra: 2,9g; Prote\u00ednas: 12g; Sal: 0,025g.<\/p>\n<h4>Como preparar macarr\u00e3o<\/h4>\n<p>Sugest\u00e3o de receita<\/p>\n<h5><strong>Macarr\u00e3o com queijo feta<\/strong><\/h5>\n<p><strong>Ingredientes:<\/strong><\/p>\n<p><span class=\"s3\">200g <\/span><a href=\"https:\/\/www.ateti.pt\/loja\/categoria\/mercearia\/arrozemassas\/\">Macarr\u00e3o Riscado Perdiz<\/a><\/p>\n<p><span class=\"s3\">250g de tomate cereja<\/span><\/p>\n<p><span class=\"s3\">250g de queijo feta<\/span><\/p>\n<p><span class=\"s3\">6 <a href=\"https:\/\/www.ateti.pt\/loja\/categoria\/frutas-e-legumes\/legumes-frescos\/\">dentes de alho<\/a><\/span><\/p>\n<p><a href=\"https:\/\/www.ateti.pt\/loja\/categoria\/mercearia\/temperos-e-molhos\/\"><span class=\"s3\">or\u00e9g\u00e3os e manjeric\u00e3o<\/span><\/a><\/p>\n<p><a href=\"https:\/\/www.ateti.pt\/loja\/categoria\/mercearia\/azeiteseoleos\/\"><span class=\"s3\">azeite<\/span><\/a><\/p>\n<p><span class=\"s3\"><a href=\"https:\/\/www.ateti.pt\/loja\/categoria\/mercearia\/temperos-e-molhos\/\">Sal e pimenta<\/a> a gosto<\/span><\/p>\n<p><strong>Prepara\u00e7\u00e3o:<\/strong><\/p>\n<p class=\"p1\"><span class=\"s1\">Aque\u00e7a o forno a 180 graus e coloque os tomates e o bloco de queijo feta num tabuleiro (queijo no meio, tomates nas laterais). Adicione o alho, as ervas, tempere e regue com azeite. Cozinhe por 25 a 30 minutos.<\/span><\/p>\n<p class=\"p1\"><span class=\"s1\">Cozinhe o macarr\u00e3o de acordo com as instru\u00e7\u00f5es. Depois de assar os tomates, quebre o queijo feta com um garfo e misture, criando um molho de tomate cremoso. Adicione a massa cozida, misture, tempere a gosto e aprecie.<\/span><\/p>\n<p>Bom apetite!<\/p>\n<p>Veja mais em <a href=\"https:\/\/www.ateti.pt\/loja\/categoria\/mercearia\/arrozemassas\/\">Arroz e Massas<\/a><\/p>\n<p>&nbsp;<\/p>\n","protected":false},"excerpt":{"rendered":"<p>2.62\u20ac\/kg<\/p>\n","protected":false},"featured_media":57154,"comment_status":"closed","ping_status":"closed","template":"","meta":{"_themeisle_gutenberg_block_has_review":false},"product_brand":[],"product_cat":[187,891,132],"product_tag":[],"woo-feed-brand":[],"class_list":{"0":"post-14125","1":"product","2":"type-product","3":"status-publish","4":"has-post-thumbnail","6":"product_cat-arrozemassas","7":"product_cat-iva-zero","8":"product_cat-mercearia","9":"ts_product_brand-milaneza","11":"first","12":"instock","13":"taxable","14":"shipping-taxable","15":"purchasable","16":"product-type-simple"},"_links":{"self":[{"href":"https:\/\/www.ateti.pt\/loja\/wp-json\/wp\/v2\/product\/14125","targetHints":{"allow":["GET"]}}],"collection":[{"href":"https:\/\/www.ateti.pt\/loja\/wp-json\/wp\/v2\/product"}],"about":[{"href":"https:\/\/www.ateti.pt\/loja\/wp-json\/wp\/v2\/types\/product"}],"replies":[{"embeddable":true,"href":"https:\/\/www.ateti.pt\/loja\/wp-json\/wp\/v2\/comments?post=14125"}],"wp:featuredmedia":[{"embeddable":true,"href":"https:\/\/www.ateti.pt\/loja\/wp-json\/wp\/v2\/media\/57154"}],"wp:attachment":[{"href":"https:\/\/www.ateti.pt\/loja\/wp-json\/wp\/v2\/media?parent=14125"}],"wp:term":[{"taxonomy":"product_brand","embeddable":true,"href":"https:\/\/www.ateti.pt\/loja\/wp-json\/wp\/v2\/product_brand?post=14125"},{"taxonomy":"product_cat","embeddable":true,"href":"https:\/\/www.ateti.pt\/loja\/wp-json\/wp\/v2\/product_cat?post=14125"},{"taxonomy":"product_tag","embeddable":true,"href":"https:\/\/www.ateti.pt\/loja\/wp-json\/wp\/v2\/product_tag?post=14125"},{"taxonomy":"woo-feed-brand","embeddable":true,"href":"https:\/\/www.ateti.pt\/loja\/wp-json\/wp\/v2\/woo-feed-brand?post=14125"}],"curies":[{"name":"wp","href":"https:\/\/api.w.org\/{rel}","templated":true}]}}