{"id":14119,"date":"2020-03-30T21:01:14","date_gmt":"2020-03-30T21:01:14","guid":{"rendered":"https:\/\/www.ateti.pt\/loja\/?post_type=product&#038;p=14119"},"modified":"2026-03-07T15:05:05","modified_gmt":"2026-03-07T15:05:05","slug":"arroz-agulha-kg-cacarola","status":"publish","type":"product","link":"https:\/\/www.ateti.pt\/loja\/produto\/arroz-agulha-kg-cacarola\/","title":{"rendered":"Arroz Agulha Ca\u00e7arola 1Kg"},"content":{"rendered":"<p><strong>Arroz Agulha Ca\u00e7arola<\/strong><\/p>\n<p>Quantidade: 1Kg<\/p>\n<p>Arroz longo extra agulha.<\/p>\n<p><strong>Declara\u00e7\u00e3o Nutricional (por 100g):<\/strong> Energia: 1495,1kj\/352,1kcal; L\u00edpidos: 0,8g; dos quais Saturados: 0,2g; Hidratos de Carbono: 78,2g; dos quais A\u00e7ucares: &lt;0,1g; Fibra: 0,8g; Prote\u00ednas: 7,7g; Sal: 0,007g.<\/p>\n<p><strong>Arroz f\u00e1cil de cozer sempre solto<\/strong><\/p>\n<p>O arroz AGULHA \u00e9 um arroz de gr\u00e3o longo, distinguindo-se dos restantes pelo comprimento do seu gr\u00e3o e por permanecer solto quando \u00e9 cozinhado. Este arroz \u00e9 especialmente adequado para preparar guarni\u00e7\u00f5es, podendo ser servido branco ou com verduras e molhos.<\/p>\n<p><strong>Modo de Prepara\u00e7\u00e3o<\/strong><\/p>\n<p>1- Deite uma medida de arroz Cigala Agulha, previamente lavado, em duas medidas de \u00e1gua a ferver;<\/p>\n<p>2- Adicione sal a seu gosto;<\/p>\n<p>3- Mexa o arroz, tape o recipiente e deixe cozer em lume brando durante 10 a 12 minutos aproximadamente.<\/p>\n<p>Sugest\u00e3o de receita<\/p>\n<h5>Arroz de camar\u00e3o e abacate<\/h5>\n<p><strong>Ingredientes:<\/strong><\/p>\n<p>350 g de <a href=\"https:\/\/www.ateti.pt\/loja\/categoria\/mercearia\/arrozemassas\/\">Arroz Ca\u00e7arola Agulha<\/a><\/p>\n<p>800 g de <a href=\"https:\/\/www.ateti.pt\/loja\/categoria\/congelados\/peixeemarisco\/\">camar\u00e3o m\u00e9dio<\/a><\/p>\n<p>1 L de \u00e1gua<\/p>\n<p>150 g de tomates-cereja<\/p>\n<p>2 <a href=\"https:\/\/www.ateti.pt\/loja\/categoria\/frutas-e-legumes\/frutas-frescas\/\">abacates<\/a><\/p>\n<p>4 <a href=\"https:\/\/www.ateti.pt\/loja\/categoria\/frutas-e-legumes\/legumes-frescos\/\">dentes de alho<\/a><\/p>\n<p>50 ml de <a href=\"https:\/\/www.ateti.pt\/loja\/categoria\/mercearia\/azeiteseoleos\/\">azeite + azeite q.b.<\/a><\/p>\n<p>2 <a href=\"https:\/\/www.ateti.pt\/loja\/categoria\/frutas-e-legumes\/frutas-frescas\/\">limas + sumo de lima<\/a> q.b.<\/p>\n<p>Manjeric\u00e3o q.b.<\/p>\n<p><a href=\"https:\/\/www.ateti.pt\/loja\/categoria\/frutas-e-legumes\/legumes-frescos\/\">Sal e pimenta<\/a> q.b.<\/p>\n<p>Rodelas de lima para decorar<\/p>\n<p><strong>Prepara\u00e7\u00e3o:<\/strong><\/p>\n<p>1. Descasque os camar\u00f5es, fa\u00e7a um corte para retirar a tripa, coloque numa tigela e tempere com sumo das limas, sal e pimenta. Coloque as cascas num tacho, adicione a \u00e1gua e deixe ferver durante 15 minutos. Retire do lume e passe as cascas pelo passador de rede, reservando 450 ml do caldo.<\/p>\n<p>2. Descasque e esmague os dentes de alho, coloque-os num tacho com o azeite e o arroz e mexa bem. Regue com o caldo a ferver, que reservou, e tempere com sal e pimenta. Tape o tacho e deixe cozinhar em lume brando durante cerca de 18 minutos. Retire do lume e deixe repousar mais 5 minutos; mexa com um garfo para que fique solto e reserve.<\/p>\n<p>3. Leve ao lume uma frigideira com um fio de azeite, adicione os camar\u00f5es e saltei-os de ambos os lados durante 5 minutos.<\/p>\n<p>4. Abra os abacates, rejeite os caro\u00e7os e as cascas, corte-os em cubos e regue com um pouco de sumo de lima. Lave e corte os tomates-cereja em quartos.<\/p>\n<p>5. Adicione ao arroz, o tomate, o abacate, os camar\u00f5es, a raspa das limas e envolva. Sirva decorado com manjeric\u00e3o e rodelas de lima.<\/p>\n<p>Bom apetite!<\/p>\n<p>Veja mais em <a href=\"https:\/\/www.ateti.pt\/loja\/categoria\/mercearia\/arrozemassas\/\">Arroz e Massas<\/a><\/p>\n","protected":false},"excerpt":{"rendered":"<p>1.49\u20ac\/KG<\/p>\n","protected":false},"featured_media":57131,"comment_status":"closed","ping_status":"closed","template":"","meta":{"_themeisle_gutenberg_block_has_review":false},"product_brand":[],"product_cat":[187,891,132],"product_tag":[],"woo-feed-brand":[],"class_list":{"0":"post-14119","1":"product","2":"type-product","3":"status-publish","4":"has-post-thumbnail","6":"product_cat-arrozemassas","7":"product_cat-iva-zero","8":"product_cat-mercearia","9":"ts_product_brand-cacarola","11":"first","12":"instock","13":"sale","14":"taxable","15":"shipping-taxable","16":"purchasable","17":"product-type-simple"},"_links":{"self":[{"href":"https:\/\/www.ateti.pt\/loja\/wp-json\/wp\/v2\/product\/14119","targetHints":{"allow":["GET"]}}],"collection":[{"href":"https:\/\/www.ateti.pt\/loja\/wp-json\/wp\/v2\/product"}],"about":[{"href":"https:\/\/www.ateti.pt\/loja\/wp-json\/wp\/v2\/types\/product"}],"replies":[{"embeddable":true,"href":"https:\/\/www.ateti.pt\/loja\/wp-json\/wp\/v2\/comments?post=14119"}],"wp:featuredmedia":[{"embeddable":true,"href":"https:\/\/www.ateti.pt\/loja\/wp-json\/wp\/v2\/media\/57131"}],"wp:attachment":[{"href":"https:\/\/www.ateti.pt\/loja\/wp-json\/wp\/v2\/media?parent=14119"}],"wp:term":[{"taxonomy":"product_brand","embeddable":true,"href":"https:\/\/www.ateti.pt\/loja\/wp-json\/wp\/v2\/product_brand?post=14119"},{"taxonomy":"product_cat","embeddable":true,"href":"https:\/\/www.ateti.pt\/loja\/wp-json\/wp\/v2\/product_cat?post=14119"},{"taxonomy":"product_tag","embeddable":true,"href":"https:\/\/www.ateti.pt\/loja\/wp-json\/wp\/v2\/product_tag?post=14119"},{"taxonomy":"woo-feed-brand","embeddable":true,"href":"https:\/\/www.ateti.pt\/loja\/wp-json\/wp\/v2\/woo-feed-brand?post=14119"}],"curies":[{"name":"wp","href":"https:\/\/api.w.org\/{rel}","templated":true}]}}