{"id":14115,"date":"2025-01-25T18:49:06","date_gmt":"2025-01-25T18:49:06","guid":{"rendered":"https:\/\/www.ateti.pt\/loja\/?post_type=product&#038;p=14115"},"modified":"2025-03-03T12:01:07","modified_gmt":"2025-03-03T12:01:07","slug":"arroz-carolino-kg-pato-real","status":"publish","type":"product","link":"https:\/\/www.ateti.pt\/loja\/produto\/arroz-carolino-kg-pato-real\/","title":{"rendered":"Arroz Carolino Malandrinho 1kg Pato Real"},"content":{"rendered":"<p><strong>Arroz Carolino Pato Real<\/strong><\/p>\n<p><strong>Quantidade:<\/strong> 1Kg<\/p>\n<p><strong>Descri\u00e7\u00e3o:\u00a0<\/strong><\/p>\n<ul>\n<li>Origem 100% Nacional, com predomin\u00e2ncia do Vale do Mondego<\/li>\n<li>Caracterizado pela elevada capacidade de absor\u00e7\u00e3o do sabor, aroma e cor dos ingredientes com que \u00e9 cozinhado.<\/li>\n<li>\u00a0Especialmente indicado para confeccionar pratos t\u00edpicos da gastronomia portuguesa em que o arroz tem um papel fundamental e onde \u00e9 importante absorver os condimentos, como \u00e9 o caso do tradicional arroz \u201cmalandrinho. Ideal para arroz de marisco, arroz de polvo, arroz de cabidela, arroz de feij\u00e3o, arroz de tomate ou arroz doce.<\/li>\n<li>Tamb\u00e9m pode ser usado para cozinhar arroz solto muito saboroso, desde que se controlem bem a quantidade de \u00e1gua e o tempo de cozedura.<\/li>\n<\/ul>\n<p>Arroz longo extra carolino branqueado.<\/p>\n<p><strong>Declara\u00e7\u00e3o Nutricional (por 100g):<\/strong> Energia: 1466kj\/345kcal; L\u00edpidos: 1,1g; dos quais Saturados: 0,2g; Hidratos de Carbono: 76,8g; dos quais A\u00e7ucares: 1g; Fibras: 1,1g; Prote\u00ednas: 6,5g; Sal: 0,021g.<\/p>\n<p><strong>Sugest\u00e3o de prepara\u00e7\u00e3o (receita):<\/strong><\/p>\n<p><em>Arroz de Frango com Cogumelos<\/em><\/p>\n<p><strong>Ingredientes:<\/strong><\/p>\n<p>2 peitos de frango em peda\u00e7os<\/p>\n<div class=\"tabbed-content-panel\">\n<div id=\"tabbed-content-panel__body-206-1\" class=\"tabbed-content-panel__body tabbed-content-panel__body--is-active \" role=\"tabpanel\">\n<div class=\"par_tab_206 parsys\">\n<div class=\"component-wrapper section\">\n<div id=\"recipe-copy-3ca23d867fffc4dbf4763788b27315a8\" class=\"clearfix component recipe-copy\" data-config=\"recipe-copy-3ca23d867fffc4dbf4763788b27315a8-config\" data-server=\"true\" data-role=\"recipe-copy\">\n<div class=\"c-recipe-content c-recipe-content-ingredients__print\" data-componentname=\"recipeCopy\" data-component-experience-variant=\"default\" data-component-variants=\"defaultView\" data-component-positions=\"0\">\n<div class=\"c-recipe-content-ingredients\">\n<p>2 dentes de alho picados<\/p>\n<p>3 colheres de sopa de azeite<\/p>\n<p>1 cebola picada<\/p>\n<p>1 cenoura aos cubos<\/p>\n<p>200 g de cogumelos marron<\/p>\n<p>200 g de Arroz Carolino Pato Real<\/p>\n<p>2 cubos de Knorr Caldo de Galinha<\/p>\n<p>q.b. or\u00e9g\u00e3os frescos<\/p>\n<\/div>\n<\/div>\n<\/div>\n<\/div>\n<div class=\"component-wrapper section\">\n<div id=\"recipe-related-products-cf7e6bee686ed744a9ac77161f2ece76\" class=\"clearfix component recipe-related-products\" data-config=\"recipe-related-products-cf7e6bee686ed744a9ac77161f2ece76-config\" data-server=\"true\" data-role=\"recipe-related-products\">\n<div class=\"c-recipe-products \" data-componentname=\"recipeRelatedProducts\" data-component-experience-variant=\"default\" data-component-variants=\"defaultView\" data-component-positions=\"0\"><strong>Prepara\u00e7\u00e3o:<\/strong><\/div>\n<\/div>\n<\/div>\n<\/div>\n<\/div>\n<div id=\"tabbed-content-panel__body-96-2\" class=\"tabbed-content-panel__body \" role=\"tabpanel\">\n<div class=\"par_tab_96 parsys\">\n<div class=\"component-wrapper section\">\n<div id=\"recipe-cooking-method-1d94ee97b5fcb2d6026a8cb2b0b5decd\" class=\"clearfix component recipe-cooking-method\" data-config=\"recipe-cooking-method-1d94ee97b5fcb2d6026a8cb2b0b5decd-config\" data-server=\"true\" data-role=\"recipe-cooking-method\">\n<div class=\"c-recipe-cooking-method \" data-componentname=\"recipeCookingMethod\" data-component-experience-variant=\"default\" data-component-variants=\"defaultView\" data-component-positions=\"0\">\n<p><span class=\"c-recipe-cooking-method__description\">Tempere o frango com o alho picado e sal a gosto.<\/span><\/p>\n<p><span class=\"c-recipe-cooking-method__description\">Aque\u00e7a uma colher de sopa de azeite num tacho e frite os peda\u00e7os de frango. Deixe cozinhar por 4 minutos, mexendo sempre que necess\u00e1rio. Retire do tacho e reserve.<\/span><\/p>\n<p><span class=\"c-recipe-cooking-method__description\">No mesmo tacho, refogue a cebola no restante azeite at\u00e9 ficar transl\u00facida.<\/span><\/p>\n<p><span class=\"c-recipe-cooking-method__description\">Junte a cenoura aos cubos, os cogumelos em peda\u00e7os e deixe cozinhar por 3 minutos.<\/span><\/p>\n<p><span class=\"c-recipe-cooking-method__description\">Adicione o arroz, o frango e um litro de \u00e1gua. Envolva e deixe ferver.<\/span><\/p>\n<p><span class=\"c-recipe-cooking-method__description\">Junte os cubos de Knorr Caldo de Galinha e volte a misturar.<\/span><\/p>\n<p><span class=\"c-recipe-cooking-method__description\">Deixe cozinhar em lume brando por cerca de 15 minutos ou at\u00e9 o arroz estar cozinhado. Sempre que achar necess\u00e1rio acrescente um pouco de \u00e1gua.<\/span><\/p>\n<p><span class=\"c-recipe-cooking-method__description\">Sirva de imediato e termine com folhas de or\u00e9g\u00e3os frescos.<\/span><\/p>\n<p>Veja mais em <a href=\"https:\/\/www.ateti.pt\/loja\/categoria\/mercearia\/arrozemassas\/\">Arroz e Massas<\/a><\/p>\n<\/div>\n<\/div>\n<\/div>\n<\/div>\n<\/div>\n<\/div>\n","protected":false},"excerpt":{"rendered":"<p>1.59\u20ac\/KG<\/p>\n","protected":false},"featured_media":57048,"comment_status":"closed","ping_status":"closed","template":"","meta":{"_themeisle_gutenberg_block_has_review":false},"product_brand":[],"product_cat":[187,132],"product_tag":[],"woo-feed-brand":[],"class_list":{"0":"post-14115","1":"product","2":"type-product","3":"status-publish","4":"has-post-thumbnail","6":"product_cat-arrozemassas","7":"product_cat-mercearia","8":"ts_product_brand-pato-real","10":"first","11":"instock","12":"taxable","13":"shipping-taxable","14":"purchasable","15":"product-type-simple"},"_links":{"self":[{"href":"https:\/\/www.ateti.pt\/loja\/wp-json\/wp\/v2\/product\/14115","targetHints":{"allow":["GET"]}}],"collection":[{"href":"https:\/\/www.ateti.pt\/loja\/wp-json\/wp\/v2\/product"}],"about":[{"href":"https:\/\/www.ateti.pt\/loja\/wp-json\/wp\/v2\/types\/product"}],"replies":[{"embeddable":true,"href":"https:\/\/www.ateti.pt\/loja\/wp-json\/wp\/v2\/comments?post=14115"}],"wp:featuredmedia":[{"embeddable":true,"href":"https:\/\/www.ateti.pt\/loja\/wp-json\/wp\/v2\/media\/57048"}],"wp:attachment":[{"href":"https:\/\/www.ateti.pt\/loja\/wp-json\/wp\/v2\/media?parent=14115"}],"wp:term":[{"taxonomy":"product_brand","embeddable":true,"href":"https:\/\/www.ateti.pt\/loja\/wp-json\/wp\/v2\/product_brand?post=14115"},{"taxonomy":"product_cat","embeddable":true,"href":"https:\/\/www.ateti.pt\/loja\/wp-json\/wp\/v2\/product_cat?post=14115"},{"taxonomy":"product_tag","embeddable":true,"href":"https:\/\/www.ateti.pt\/loja\/wp-json\/wp\/v2\/product_tag?post=14115"},{"taxonomy":"woo-feed-brand","embeddable":true,"href":"https:\/\/www.ateti.pt\/loja\/wp-json\/wp\/v2\/woo-feed-brand?post=14115"}],"curies":[{"name":"wp","href":"https:\/\/api.w.org\/{rel}","templated":true}]}}