{"id":14101,"date":"2020-03-30T15:20:26","date_gmt":"2020-03-30T14:20:26","guid":{"rendered":"https:\/\/www.ateti.pt\/loja\/?post_type=product&#038;p=14101"},"modified":"2025-06-02T17:02:34","modified_gmt":"2025-06-02T16:02:34","slug":"arroz-vaporizado-kg-cozinha-velha","status":"publish","type":"product","link":"https:\/\/www.ateti.pt\/loja\/produto\/arroz-vaporizado-kg-cozinha-velha\/","title":{"rendered":"Arroz Vaporizado Cozinha Velha 1Kg"},"content":{"rendered":"<h5>Arroz Vaporizado Cozinha Velha<\/h5>\n<p><strong>Quantidade:<\/strong> 1Kg<\/p>\n<p>Arroz longo extra vaporizado.<\/p>\n<p><strong>Declara\u00e7\u00e3o Nutricional (por 100g):<\/strong> Energia: 1473kj\/347kcal; L\u00edpidos: 0,9g; dos quais Saturados: 0,2g; Hidratos de Carbono: 77g; dos quais A\u00e7ucares: 0,1g; Fibra: 1,2g; Prote\u00ednas: 7,1g; Sal: 0g.<\/p>\n<p>O arroz vaporizado \u00e9 um arroz de gr\u00e3o longo, submetido a um tratamento hidrot\u00e9rmico seguido de secagem. Assim, este processo permite fixar ao gr\u00e3o os sais minerais e as vitaminas, obtendo-se um arroz firme e dourado com todas as suas qualidades nutricionais.<\/p>\n<p>A marca Cozinha velha representa o valor da tradi\u00e7\u00e3o. Com varias d\u00e9cadas de exist\u00eancia, os seus produtos apresentam uma qualidade consistentemente alta. Sinta o sabor da tradi\u00e7\u00e3o.<br \/>\nArroz vaporizado da mais alta qualidade.<\/p>\n<h4>Sugest\u00e3o de como preparar arroz vaporizado<\/h4>\n<h5><strong>Arroz de Pato<\/strong><\/h5>\n<h4>Ingredientes:<\/h4>\n<p>\u00bd pato cortado em peda\u00e7os<\/p>\n<p>2 ch\u00e1venas de ch\u00e1 de Arroz Vaporizado Cozinha Velha<\/p>\n<p>4 ch\u00e1venas de caldo da cozedura do pato<\/p>\n<p>2 cebolas<\/p>\n<p>3 dentes de alho<\/p>\n<p>3 cenouras<\/p>\n<p>\u00bd chouri\u00e7o de carne<\/p>\n<p>1 folha de louro<\/p>\n<p>Vinho do Porto a gosto<\/p>\n<p>3 c. de sopa de azeite<\/p>\n<p>500 ml \u00e1gua<\/p>\n<p>Sal q.b.<\/p>\n<h4>Prepara\u00e7\u00e3o:<\/h4>\n<p>1. Na panela de press\u00e3o coloque o meio pato sem a pele e o chouri\u00e7o. Acrescente a cenoura cortada \u00e0s rodelas, a cebola em meias luas, os alhos e regue com o vinho do Porto e adicione 500 ml de \u00e1gua.<\/p>\n<p>2. Quando a panela come\u00e7ar a apitar deixe cozinhar por 30 minutos. Desligue e deixe arrefecer ainda com a tampa fechada para que a press\u00e3o saia por completo.<\/p>\n<p>3. Assim que poss\u00edvel desfie o pato, reserve o chouri\u00e7o e o caldo da cozedura.<\/p>\n<p>4. Num tacho coloque a cebola bem picada e o azeite, deixe refogar at\u00e9 a cebola ficar transl\u00facida. Acrescente o arroz e frite ligeiramente.<\/p>\n<p>5. Entretanto retire a folha de louro do caldo e com a varinha m\u00e1gica triture muito bem.<\/p>\n<p>6. Adicione agora ao arroz 4 ch\u00e1venas deste caldo que triturou e deixe cozinhar por 15 minutos.<\/p>\n<p>7. Num tabuleiro disponha uma camada do arroz, a seguir do frango desfiado e repita com o arroz. Corte \u00e0s rodelas o chouri\u00e7o reservado e disponha por cima do arroz.<\/p>\n<p>8. Leve ao forno por 20 a 30 minutos ou at\u00e9 ficar tostadinho.<\/p>\n<p>Bom apetite!<\/p>\n<p>Veja mais em <a href=\"https:\/\/www.ateti.pt\/loja\/categoria\/mercearia\/arrozemassas\/\">Arroz e Massas<\/a><\/p>\n","protected":false},"excerpt":{"rendered":"<p>1,69\u20ac\/kg<\/p>\n","protected":false},"featured_media":72921,"comment_status":"closed","ping_status":"closed","template":"","meta":{"_themeisle_gutenberg_block_has_review":false},"product_brand":[],"product_cat":[187,891,132],"product_tag":[],"woo-feed-brand":[],"class_list":{"0":"post-14101","1":"product","2":"type-product","3":"status-publish","4":"has-post-thumbnail","6":"product_cat-arrozemassas","7":"product_cat-iva-zero","8":"product_cat-mercearia","9":"ts_product_brand-cozinha-velha","11":"first","12":"instock","13":"taxable","14":"shipping-taxable","15":"purchasable","16":"product-type-simple"},"_links":{"self":[{"href":"https:\/\/www.ateti.pt\/loja\/wp-json\/wp\/v2\/product\/14101","targetHints":{"allow":["GET"]}}],"collection":[{"href":"https:\/\/www.ateti.pt\/loja\/wp-json\/wp\/v2\/product"}],"about":[{"href":"https:\/\/www.ateti.pt\/loja\/wp-json\/wp\/v2\/types\/product"}],"replies":[{"embeddable":true,"href":"https:\/\/www.ateti.pt\/loja\/wp-json\/wp\/v2\/comments?post=14101"}],"wp:featuredmedia":[{"embeddable":true,"href":"https:\/\/www.ateti.pt\/loja\/wp-json\/wp\/v2\/media\/72921"}],"wp:attachment":[{"href":"https:\/\/www.ateti.pt\/loja\/wp-json\/wp\/v2\/media?parent=14101"}],"wp:term":[{"taxonomy":"product_brand","embeddable":true,"href":"https:\/\/www.ateti.pt\/loja\/wp-json\/wp\/v2\/product_brand?post=14101"},{"taxonomy":"product_cat","embeddable":true,"href":"https:\/\/www.ateti.pt\/loja\/wp-json\/wp\/v2\/product_cat?post=14101"},{"taxonomy":"product_tag","embeddable":true,"href":"https:\/\/www.ateti.pt\/loja\/wp-json\/wp\/v2\/product_tag?post=14101"},{"taxonomy":"woo-feed-brand","embeddable":true,"href":"https:\/\/www.ateti.pt\/loja\/wp-json\/wp\/v2\/woo-feed-brand?post=14101"}],"curies":[{"name":"wp","href":"https:\/\/api.w.org\/{rel}","templated":true}]}}