{"id":14064,"date":"2020-03-30T10:33:03","date_gmt":"2020-03-30T09:33:03","guid":{"rendered":"https:\/\/www.ateti.pt\/loja\/?post_type=product&#038;p=14064"},"modified":"2026-04-08T20:23:13","modified_gmt":"2026-04-08T19:23:13","slug":"hamburguer-bovino-4unid-frigosto","status":"publish","type":"product","link":"https:\/\/www.ateti.pt\/loja\/produto\/hamburguer-bovino-4unid-frigosto\/","title":{"rendered":"Hamb\u00farguer Bovino Congelado Frigosto 4un."},"content":{"rendered":"<h5>Hamb\u00farguer Bovino Congelado Frigosto<\/h5>\n<p>Quantidade: 4un.<\/p>\n<p><strong>Ingredientes:<\/strong> Carne de bovino (52%), \u00e1gua, prote\u00edna de soja, \u00f3leo de girassol, fibra vegetal, sal, alho e especiarias. Pode conter vest\u00edgios de ovo, peixes, crust\u00e1ceos e leite.<\/p>\n<p><strong>Modo de prepara\u00e7\u00e3o:<\/strong><\/p>\n<p>Fritar: depois de aquecer um pouco o \u00f3leo ou a margarina, frite os hamb\u00fargueres sem os descongelar: cerca de 3 a 4 minutos em lume brando, virando-os para alourar uniformemente. Grelhar: se pretende grelhar proceda de igual modo depois da grelha bem aquecida. Proceder \u00e0 confe\u00e7\u00e3o completa antes de consumir!<\/p>\n<p>Importante: N\u00e3o voltar a congelar ap\u00f3s descongela\u00e7\u00e3o.<\/p>\n<p><strong>Valores nutricionais (100g):<\/strong> energia: 647 kj\/155 kcal; l\u00edpidos: 8,8g, os quais saturados: 3,5g; hidratos de carbono: 3,6g, dos quais a\u00e7\u00facares: 0,4g; fibras alimentares: 1,8g; prote\u00ednas: 15g; sal: 1,3g.<\/p>\n<p>Veja mais em <a href=\"https:\/\/www.ateti.pt\/loja\/categoria\/congelados\/pre-cozinhados\/\">Pr\u00e9-Cozinhados Congelados<\/a><\/p>\n","protected":false},"excerpt":{"rendered":"<p>0.70\u20ac\/Un<\/p>\n<p>&nbsp;<\/p>\n","protected":false},"featured_media":60633,"comment_status":"closed","ping_status":"closed","template":"","meta":{"_themeisle_gutenberg_block_has_review":false},"product_brand":[],"product_cat":[182,177,183],"product_tag":[],"woo-feed-brand":[],"class_list":{"0":"post-14064","1":"product","2":"type-product","3":"status-publish","4":"has-post-thumbnail","6":"product_cat-carne","7":"product_cat-congelados","8":"product_cat-pre-cozinhados","9":"ts_product_brand-frigosto","11":"first","12":"instock","13":"taxable","14":"shipping-taxable","15":"purchasable","16":"product-type-simple"},"_links":{"self":[{"href":"https:\/\/www.ateti.pt\/loja\/wp-json\/wp\/v2\/product\/14064","targetHints":{"allow":["GET"]}}],"collection":[{"href":"https:\/\/www.ateti.pt\/loja\/wp-json\/wp\/v2\/product"}],"about":[{"href":"https:\/\/www.ateti.pt\/loja\/wp-json\/wp\/v2\/types\/product"}],"replies":[{"embeddable":true,"href":"https:\/\/www.ateti.pt\/loja\/wp-json\/wp\/v2\/comments?post=14064"}],"wp:featuredmedia":[{"embeddable":true,"href":"https:\/\/www.ateti.pt\/loja\/wp-json\/wp\/v2\/media\/60633"}],"wp:attachment":[{"href":"https:\/\/www.ateti.pt\/loja\/wp-json\/wp\/v2\/media?parent=14064"}],"wp:term":[{"taxonomy":"product_brand","embeddable":true,"href":"https:\/\/www.ateti.pt\/loja\/wp-json\/wp\/v2\/product_brand?post=14064"},{"taxonomy":"product_cat","embeddable":true,"href":"https:\/\/www.ateti.pt\/loja\/wp-json\/wp\/v2\/product_cat?post=14064"},{"taxonomy":"product_tag","embeddable":true,"href":"https:\/\/www.ateti.pt\/loja\/wp-json\/wp\/v2\/product_tag?post=14064"},{"taxonomy":"woo-feed-brand","embeddable":true,"href":"https:\/\/www.ateti.pt\/loja\/wp-json\/wp\/v2\/woo-feed-brand?post=14064"}],"curies":[{"name":"wp","href":"https:\/\/api.w.org\/{rel}","templated":true}]}}