{"id":14015,"date":"2020-03-28T12:15:29","date_gmt":"2020-03-28T11:15:29","guid":{"rendered":"https:\/\/www.ateti.pt\/loja\/?post_type=product&#038;p=14015"},"modified":"2026-02-16T16:05:28","modified_gmt":"2026-02-16T16:05:28","slug":"caldo-de-galinha-8-cubos-80g-knorr","status":"publish","type":"product","link":"https:\/\/www.ateti.pt\/loja\/produto\/caldo-de-galinha-8-cubos-80g-knorr\/","title":{"rendered":"Caldo de Galinha Knorr 8 Cubos"},"content":{"rendered":"<p><strong>Caldo de Galinha Knorr<\/strong><\/p>\n<p>Quantidade: 8 Cubos<\/p>\n<p><em>Sem conservantes \/ Sem corantes artificiais \/ Isento de Gl\u00faten<\/em><\/p>\n<p>Torne os seus cozinhados ainda mais f\u00e1ceis com\u00a0<b>Knorr Caldo de Galinha<\/b>.<\/p>\n<p>Cozinhe de forma eficiente, sem comprometer a qualidade poupando tempo e esfor\u00e7o a preparar o seu caldo.<\/p>\n<p>Feito com ingredientes de elevada qualidade, este caldo vai real\u00e7ar o sabor natural dos seus ingredientes frescos. Para al\u00e9m de usar para temperar, experimente adicionar <b>Knorr Caldo de Galinha<\/b> em sopas, risotto e muito mais.<\/p>\n<p>Pode ser usado para fazer um caldo, dissolvendo em \u00e1gua ou para temperar a carne, formando uma pasta com azeite.<\/p>\n<p><strong><span class=\"label\">Ingredientes:<\/span><\/strong><\/p>\n<p><span id=\"ingredientStatement\">Sal, intensificadores de sabor (glutamato monoss\u00f3dico, guanilato e inosinato diss\u00f3dicos), gordura de palma, amido, gordura de palma totalmente hidrogenada, gordura de galinha (3,1%), aromas, carne de galinha (0,7%), curcuma\u00b9 (0,3%), salsa\u00b9 (0,1%), xarope de caramelo, maltodextrina, antioxidante (extratos de rosmaninho).<\/span><\/p>\n<p><span id=\"ingredientStatement\">\u00b9Proveniente de agricultura sustent\u00e1vel.<\/span><\/p>\n<p>Conservar em local seco e fresco.<\/p>\n<p><strong>Valores nutricionais:<\/strong> (m\u00e9dios por 100g)<\/p>\n<p>N\u00e3o Preparado:<\/p>\n<p>Energia: 1125.00 kJ \/ 268.00 kcal<\/p>\n<p>L\u00edpidos: 22.00 g<\/p>\n<p>Dos quais \u00e1cidos gordos saturados: 14.00 g<\/p>\n<p>Hidratos de carbono: 7.70 g<\/p>\n<p>Dos quais a\u00e7\u00facares: &lt;0.50 g<\/p>\n<p>Prote\u00ednas: 9.60 g<\/p>\n<p>Sal: 52.90 g<\/p>\n<p><strong>Instru\u00e7\u00f5es de utiliza\u00e7\u00e3o:<\/strong><\/p>\n<p>Dissolva um cubo em 500 ml de \u00e1gua a ferver e ter\u00e1 um caldo de galinha pronto. Misture um cubo com um pouco de azeite para formar uma pasta e barre sobre a galinha para obter mais sabor.<\/p>\n<p><strong>Sugest\u00e3o de prepara\u00e7\u00e3o (receita):<\/strong><\/p>\n<p><em>Arroz de Frango com Cogumelos<\/em><\/p>\n<p><strong>Ingredientes:<\/strong><\/p>\n<p>2 peitos de frango em peda\u00e7os<\/p>\n<div class=\"tabbed-content-panel\">\n<div id=\"tabbed-content-panel__body-206-1\" class=\"tabbed-content-panel__body tabbed-content-panel__body--is-active \" role=\"tabpanel\">\n<div class=\"par_tab_206 parsys\">\n<div class=\"component-wrapper section\">\n<div id=\"recipe-copy-3ca23d867fffc4dbf4763788b27315a8\" class=\"clearfix component recipe-copy\" data-config=\"recipe-copy-3ca23d867fffc4dbf4763788b27315a8-config\" data-server=\"true\" data-role=\"recipe-copy\">\n<div class=\"c-recipe-content c-recipe-content-ingredients__print\" data-componentname=\"recipeCopy\" data-component-experience-variant=\"default\" data-component-variants=\"defaultView\" data-component-positions=\"0\">\n<div class=\"c-recipe-content-ingredients\">\n<p>2 dentes de alho picados<\/p>\n<p>3 colheres de sopa de azeite<\/p>\n<p>1 cebola picada<\/p>\n<p>1 cenoura aos cubos<\/p>\n<p>200 g de cogumelos marron<\/p>\n<p>200 g de arroz carolino<\/p>\n<p>2 cubos de Caldo de Galinha Knorr<\/p>\n<p>q.b. or\u00e9g\u00e3os frescos<\/p>\n<\/div>\n<\/div>\n<\/div>\n<\/div>\n<div class=\"component-wrapper section\">\n<div id=\"recipe-related-products-cf7e6bee686ed744a9ac77161f2ece76\" class=\"clearfix component recipe-related-products\" data-config=\"recipe-related-products-cf7e6bee686ed744a9ac77161f2ece76-config\" data-server=\"true\" data-role=\"recipe-related-products\">\n<div class=\"c-recipe-products \" data-componentname=\"recipeRelatedProducts\" data-component-experience-variant=\"default\" data-component-variants=\"defaultView\" data-component-positions=\"0\"><strong>Prepara\u00e7\u00e3o:<\/strong><\/div>\n<\/div>\n<\/div>\n<\/div>\n<\/div>\n<div id=\"tabbed-content-panel__body-96-2\" class=\"tabbed-content-panel__body \" role=\"tabpanel\">\n<div class=\"par_tab_96 parsys\">\n<div class=\"component-wrapper section\">\n<div id=\"recipe-cooking-method-1d94ee97b5fcb2d6026a8cb2b0b5decd\" class=\"clearfix component recipe-cooking-method\" data-config=\"recipe-cooking-method-1d94ee97b5fcb2d6026a8cb2b0b5decd-config\" data-server=\"true\" data-role=\"recipe-cooking-method\">\n<div class=\"c-recipe-cooking-method \" data-componentname=\"recipeCookingMethod\" data-component-experience-variant=\"default\" data-component-variants=\"defaultView\" data-component-positions=\"0\">\n<p><span class=\"c-recipe-cooking-method__description\">Tempere o frango com o alho picado e sal a gosto.<\/span><\/p>\n<p><span class=\"c-recipe-cooking-method__description\">Aque\u00e7a uma colher de sopa de azeite num tacho e frite os peda\u00e7os de frango. Deixe cozinhar por 4 minutos, mexendo sempre que necess\u00e1rio. Retire do tacho e reserve.<\/span><\/p>\n<p><span class=\"c-recipe-cooking-method__description\">No mesmo tacho, refogue a cebola no restante azeite at\u00e9 ficar transl\u00facida.<\/span><\/p>\n<p><span class=\"c-recipe-cooking-method__description\">Junte a cenoura aos cubos, os cogumelos em peda\u00e7os e deixe cozinhar por 3 minutos.<\/span><\/p>\n<p><span class=\"c-recipe-cooking-method__description\">Adicione o arroz, o frango e um litro de \u00e1gua. Envolva e deixe ferver.<\/span><\/p>\n<p><span class=\"c-recipe-cooking-method__description\">Junte os cubos de Knorr Caldo de Galinha e volte a misturar.<\/span><\/p>\n<p><span class=\"c-recipe-cooking-method__description\">Deixe cozinhar em lume brando por cerca de 15 minutos ou at\u00e9 o arroz estar cozinhado. Sempre que achar necess\u00e1rio acrescente um pouco de \u00e1gua.<\/span><\/p>\n<p><span class=\"c-recipe-cooking-method__description\">Sirva de imediato e termine com folhas de or\u00e9g\u00e3os frescos.<\/span><\/p>\n<\/div>\n<\/div>\n<\/div>\n<\/div>\n<\/div>\n<\/div>\n<p>Veja mais em <a href=\"https:\/\/www.ateti.pt\/loja\/categoria\/mercearia\/temperos-e-molhos\/\">Temperos e Molhos<\/a><\/p>\n","protected":false},"excerpt":{"rendered":"<p>0.24\u20ac\/unidade<\/p>\n","protected":false},"featured_media":61132,"comment_status":"closed","ping_status":"closed","template":"","meta":{"_themeisle_gutenberg_block_has_review":false},"product_brand":[],"product_cat":[132,174],"product_tag":[],"woo-feed-brand":[],"class_list":{"0":"post-14015","1":"product","2":"type-product","3":"status-publish","4":"has-post-thumbnail","6":"product_cat-mercearia","7":"product_cat-temperos-e-molhos","8":"ts_product_brand-knorr","10":"first","11":"instock","12":"taxable","13":"shipping-taxable","14":"purchasable","15":"product-type-simple"},"_links":{"self":[{"href":"https:\/\/www.ateti.pt\/loja\/wp-json\/wp\/v2\/product\/14015","targetHints":{"allow":["GET"]}}],"collection":[{"href":"https:\/\/www.ateti.pt\/loja\/wp-json\/wp\/v2\/product"}],"about":[{"href":"https:\/\/www.ateti.pt\/loja\/wp-json\/wp\/v2\/types\/product"}],"replies":[{"embeddable":true,"href":"https:\/\/www.ateti.pt\/loja\/wp-json\/wp\/v2\/comments?post=14015"}],"wp:featuredmedia":[{"embeddable":true,"href":"https:\/\/www.ateti.pt\/loja\/wp-json\/wp\/v2\/media\/61132"}],"wp:attachment":[{"href":"https:\/\/www.ateti.pt\/loja\/wp-json\/wp\/v2\/media?parent=14015"}],"wp:term":[{"taxonomy":"product_brand","embeddable":true,"href":"https:\/\/www.ateti.pt\/loja\/wp-json\/wp\/v2\/product_brand?post=14015"},{"taxonomy":"product_cat","embeddable":true,"href":"https:\/\/www.ateti.pt\/loja\/wp-json\/wp\/v2\/product_cat?post=14015"},{"taxonomy":"product_tag","embeddable":true,"href":"https:\/\/www.ateti.pt\/loja\/wp-json\/wp\/v2\/product_tag?post=14015"},{"taxonomy":"woo-feed-brand","embeddable":true,"href":"https:\/\/www.ateti.pt\/loja\/wp-json\/wp\/v2\/woo-feed-brand?post=14015"}],"curies":[{"name":"wp","href":"https:\/\/api.w.org\/{rel}","templated":true}]}}