{"id":13963,"date":"2022-07-14T09:02:06","date_gmt":"2022-07-14T08:02:06","guid":{"rendered":"https:\/\/www.ateti.pt\/loja\/?post_type=product&#038;p=13963"},"modified":"2025-05-06T19:39:54","modified_gmt":"2025-05-06T18:39:54","slug":"vinho-rose-grf-0-75l-santa-esperanca","status":"publish","type":"product","link":"https:\/\/www.ateti.pt\/loja\/produto\/vinho-rose-grf-0-75l-santa-esperanca\/","title":{"rendered":"Vinho Ros\u00e9 75cl Santa Esperan\u00e7a"},"content":{"rendered":"<p><strong>Vinho Ros\u00e9 Santa Esperan\u00e7a<\/strong><\/p>\n<p>Quantidade: 75cl<\/p>\n<p>\u00c1lcool: 12.5% vol.<\/p>\n<p>Alerg\u00e9nios: Cont\u00e9m sulfitos e di\u00f3xido de enxofre.<\/p>\n<p>Veja mais em <a href=\"https:\/\/www.ateti.pt\/loja\/categoria\/bebidas\/garrafeira\/\">Garrafeira<\/a><\/p>\n<p>&nbsp;<\/p>\n","protected":false},"excerpt":{"rendered":"<p>3.27\u20ac\/l<\/p>\n","protected":false},"featured_media":13964,"comment_status":"closed","ping_status":"closed","template":"","meta":{"_themeisle_gutenberg_block_has_review":false},"product_brand":[],"product_cat":[158,173,624],"product_tag":[],"woo-feed-brand":[],"class_list":{"0":"post-13963","1":"product","2":"type-product","3":"status-publish","4":"has-post-thumbnail","6":"product_cat-bebidas","7":"product_cat-garrafeira","8":"product_cat-vinho-rose","9":"pa_tipologia-vinho-rose","10":"ts_product_brand-santa-esperanca","12":"first","13":"instock","14":"taxable","15":"shipping-taxable","16":"purchasable","17":"product-type-simple"},"_links":{"self":[{"href":"https:\/\/www.ateti.pt\/loja\/wp-json\/wp\/v2\/product\/13963","targetHints":{"allow":["GET"]}}],"collection":[{"href":"https:\/\/www.ateti.pt\/loja\/wp-json\/wp\/v2\/product"}],"about":[{"href":"https:\/\/www.ateti.pt\/loja\/wp-json\/wp\/v2\/types\/product"}],"replies":[{"embeddable":true,"href":"https:\/\/www.ateti.pt\/loja\/wp-json\/wp\/v2\/comments?post=13963"}],"wp:featuredmedia":[{"embeddable":true,"href":"https:\/\/www.ateti.pt\/loja\/wp-json\/wp\/v2\/media\/13964"}],"wp:attachment":[{"href":"https:\/\/www.ateti.pt\/loja\/wp-json\/wp\/v2\/media?parent=13963"}],"wp:term":[{"taxonomy":"product_brand","embeddable":true,"href":"https:\/\/www.ateti.pt\/loja\/wp-json\/wp\/v2\/product_brand?post=13963"},{"taxonomy":"product_cat","embeddable":true,"href":"https:\/\/www.ateti.pt\/loja\/wp-json\/wp\/v2\/product_cat?post=13963"},{"taxonomy":"product_tag","embeddable":true,"href":"https:\/\/www.ateti.pt\/loja\/wp-json\/wp\/v2\/product_tag?post=13963"},{"taxonomy":"woo-feed-brand","embeddable":true,"href":"https:\/\/www.ateti.pt\/loja\/wp-json\/wp\/v2\/woo-feed-brand?post=13963"}],"curies":[{"name":"wp","href":"https:\/\/api.w.org\/{rel}","templated":true}]}}