{"id":13933,"date":"2021-11-10T19:02:34","date_gmt":"2021-11-10T18:02:34","guid":{"rendered":"https:\/\/www.ateti.pt\/loja\/?post_type=product&#038;p=13933"},"modified":"2025-12-02T13:26:35","modified_gmt":"2025-12-02T13:26:35","slug":"tarte-crumble-maca-frutos-vermelhos-900gr-davigel","status":"publish","type":"product","link":"https:\/\/www.ateti.pt\/loja\/produto\/tarte-crumble-maca-frutos-vermelhos-900gr-davigel\/","title":{"rendered":"Tarte Crumble Ma\u00e7\u00e3 e Frutos Vermelhos Congelada 900g Davigel"},"content":{"rendered":"<h5>Tarte Ma\u00e7\u00e3 e Frutos Vermelhos Davigel<\/h5>\n<p>Quantidade: 900g<\/p>\n<p>Veja mais em <a href=\"https:\/\/www.ateti.pt\/loja\/categoria\/congelados\/sobremesas-frescos-e-congelados\/\">Sobremesas<\/a><\/p>\n","protected":false},"excerpt":{"rendered":"<p>13.32\u20ac\/kg<\/p>\n","protected":false},"featured_media":35127,"comment_status":"closed","ping_status":"closed","template":"","meta":{"_themeisle_gutenberg_block_has_review":false},"product_brand":[],"product_cat":[177,180],"product_tag":[],"woo-feed-brand":[],"class_list":{"0":"post-13933","1":"product","2":"type-product","3":"status-publish","4":"has-post-thumbnail","6":"product_cat-congelados","7":"product_cat-sobremesas-frescos-e-congelados","8":"ts_product_brand-davigel","10":"first","11":"instock","12":"taxable","13":"shipping-taxable","14":"purchasable","15":"product-type-simple"},"_links":{"self":[{"href":"https:\/\/www.ateti.pt\/loja\/wp-json\/wp\/v2\/product\/13933","targetHints":{"allow":["GET"]}}],"collection":[{"href":"https:\/\/www.ateti.pt\/loja\/wp-json\/wp\/v2\/product"}],"about":[{"href":"https:\/\/www.ateti.pt\/loja\/wp-json\/wp\/v2\/types\/product"}],"replies":[{"embeddable":true,"href":"https:\/\/www.ateti.pt\/loja\/wp-json\/wp\/v2\/comments?post=13933"}],"wp:featuredmedia":[{"embeddable":true,"href":"https:\/\/www.ateti.pt\/loja\/wp-json\/wp\/v2\/media\/35127"}],"wp:attachment":[{"href":"https:\/\/www.ateti.pt\/loja\/wp-json\/wp\/v2\/media?parent=13933"}],"wp:term":[{"taxonomy":"product_brand","embeddable":true,"href":"https:\/\/www.ateti.pt\/loja\/wp-json\/wp\/v2\/product_brand?post=13933"},{"taxonomy":"product_cat","embeddable":true,"href":"https:\/\/www.ateti.pt\/loja\/wp-json\/wp\/v2\/product_cat?post=13933"},{"taxonomy":"product_tag","embeddable":true,"href":"https:\/\/www.ateti.pt\/loja\/wp-json\/wp\/v2\/product_tag?post=13933"},{"taxonomy":"woo-feed-brand","embeddable":true,"href":"https:\/\/www.ateti.pt\/loja\/wp-json\/wp\/v2\/woo-feed-brand?post=13933"}],"curies":[{"name":"wp","href":"https:\/\/api.w.org\/{rel}","templated":true}]}}