{"id":13927,"date":"2021-10-11T18:40:15","date_gmt":"2021-10-11T17:40:15","guid":{"rendered":"https:\/\/www.ateti.pt\/loja\/?post_type=product&#038;p=13927"},"modified":"2024-04-04T09:52:17","modified_gmt":"2024-04-04T09:52:17","slug":"presunto-1-8-neutura-500gr","status":"publish","type":"product","link":"https:\/\/www.ateti.pt\/loja\/produto\/presunto-1-8-neutura-500gr\/","title":{"rendered":"Presunto 1\/8 500g Neutura"},"content":{"rendered":"<h5>Presunto 1\/8 Neutura<\/h5>\n<p>Quantidade: 500g<\/p>\n<p><strong>Ingredientes:\u00a0<\/strong>Perna de su\u00edna(96%), sal marinho, a\u00e7\u00facar, dextrose, conservantes(E250, E252), e antioxidante(E316, E331).<\/p>\n<p><strong>Valores nutricionais:\u00a0<\/strong>Energia: 795kj\/189kcal; L\u00edpidos: 5.8g, dos quais saturados: 2.1g; Hidratos de Carbono: \u00ab1g, dos quais a\u00e7\u00facares: \u00ab0.5g; Fibra: \u00ab1g; Prote\u00ednas: 33.4g; Sal: 6.6g.<\/p>\n<p>&nbsp;<\/p>\n<p>Veja mais em <a href=\"https:\/\/neutura.pt\/\">Neutura<\/a><\/p>\n<p>Veja mais em <a href=\"https:\/\/www.ateti.pt\/loja\/categoria\/refrigerados\/charcutaria\/\">Charcutaria<\/a><\/p>\n","protected":false},"excerpt":{"rendered":"<p>14.98\u20ac\/KG<\/p>\n","protected":false},"featured_media":34163,"comment_status":"closed","ping_status":"closed","template":"","meta":{"_themeisle_gutenberg_block_has_review":false},"product_brand":[],"product_cat":[179,622],"product_tag":[],"woo-feed-brand":[],"class_list":{"0":"post-13927","1":"product","2":"type-product","3":"status-publish","4":"has-post-thumbnail","6":"product_cat-charcutaria","7":"product_cat-refrigerados","8":"ts_product_brand-neutura","10":"first","11":"instock","12":"taxable","13":"shipping-taxable","14":"purchasable","15":"product-type-simple"},"_links":{"self":[{"href":"https:\/\/www.ateti.pt\/loja\/wp-json\/wp\/v2\/product\/13927","targetHints":{"allow":["GET"]}}],"collection":[{"href":"https:\/\/www.ateti.pt\/loja\/wp-json\/wp\/v2\/product"}],"about":[{"href":"https:\/\/www.ateti.pt\/loja\/wp-json\/wp\/v2\/types\/product"}],"replies":[{"embeddable":true,"href":"https:\/\/www.ateti.pt\/loja\/wp-json\/wp\/v2\/comments?post=13927"}],"wp:featuredmedia":[{"embeddable":true,"href":"https:\/\/www.ateti.pt\/loja\/wp-json\/wp\/v2\/media\/34163"}],"wp:attachment":[{"href":"https:\/\/www.ateti.pt\/loja\/wp-json\/wp\/v2\/media?parent=13927"}],"wp:term":[{"taxonomy":"product_brand","embeddable":true,"href":"https:\/\/www.ateti.pt\/loja\/wp-json\/wp\/v2\/product_brand?post=13927"},{"taxonomy":"product_cat","embeddable":true,"href":"https:\/\/www.ateti.pt\/loja\/wp-json\/wp\/v2\/product_cat?post=13927"},{"taxonomy":"product_tag","embeddable":true,"href":"https:\/\/www.ateti.pt\/loja\/wp-json\/wp\/v2\/product_tag?post=13927"},{"taxonomy":"woo-feed-brand","embeddable":true,"href":"https:\/\/www.ateti.pt\/loja\/wp-json\/wp\/v2\/woo-feed-brand?post=13927"}],"curies":[{"name":"wp","href":"https:\/\/api.w.org\/{rel}","templated":true}]}}