{"id":13923,"date":"2021-06-01T19:04:40","date_gmt":"2021-06-01T18:04:40","guid":{"rendered":"https:\/\/www.ateti.pt\/loja\/?post_type=product&#038;p=13923"},"modified":"2024-06-09T15:48:23","modified_gmt":"2024-06-09T14:48:23","slug":"vinho-branco-grf-0-75l-monte-velho","status":"publish","type":"product","link":"https:\/\/www.ateti.pt\/loja\/produto\/vinho-branco-grf-0-75l-monte-velho\/","title":{"rendered":"Vinho Branco Monte Velho 75cl"},"content":{"rendered":"<h5>Vinho Branco Monte Velho<\/h5>\n<p>Quantidade: 75cl<\/p>\n<p>\u00c1lcool: 13,5% vol.<\/p>\n<p>Alerg\u00e9nios: Cont\u00e9m sulfitos e di\u00f3xido de enxofre.<\/p>\n<p class=\"mb-0\">Regi\u00e3o:\u00a0Alentejo<\/p>\n<p class=\"mb-0\">Sabor e Aroma:\u00a0Firme, intenso e equilibrado de final longo que confirma a sensa\u00e7\u00e3o arom\u00e1tica. Notas de lim\u00e3o e fruta branca fresca e delicada.<\/p>\n<p class=\"mb-0\">Veja mais em <a href=\"https:\/\/www.ateti.pt\/loja\/categoria\/bebidas\/garrafeira\/\">Garrafeira<\/a><\/p>\n","protected":false},"excerpt":{"rendered":"<p>5.72\u20ac\/LT<\/p>\n","protected":false},"featured_media":31568,"comment_status":"closed","ping_status":"closed","template":"","meta":{"_themeisle_gutenberg_block_has_review":false},"product_brand":[],"product_cat":[158,173],"product_tag":[],"woo-feed-brand":[],"class_list":{"0":"post-13923","1":"product","2":"type-product","3":"status-publish","4":"has-post-thumbnail","6":"product_cat-bebidas","7":"product_cat-garrafeira","8":"ts_product_brand-monte-velho","10":"first","11":"instock","12":"taxable","13":"shipping-taxable","14":"purchasable","15":"product-type-simple"},"_links":{"self":[{"href":"https:\/\/www.ateti.pt\/loja\/wp-json\/wp\/v2\/product\/13923","targetHints":{"allow":["GET"]}}],"collection":[{"href":"https:\/\/www.ateti.pt\/loja\/wp-json\/wp\/v2\/product"}],"about":[{"href":"https:\/\/www.ateti.pt\/loja\/wp-json\/wp\/v2\/types\/product"}],"replies":[{"embeddable":true,"href":"https:\/\/www.ateti.pt\/loja\/wp-json\/wp\/v2\/comments?post=13923"}],"wp:featuredmedia":[{"embeddable":true,"href":"https:\/\/www.ateti.pt\/loja\/wp-json\/wp\/v2\/media\/31568"}],"wp:attachment":[{"href":"https:\/\/www.ateti.pt\/loja\/wp-json\/wp\/v2\/media?parent=13923"}],"wp:term":[{"taxonomy":"product_brand","embeddable":true,"href":"https:\/\/www.ateti.pt\/loja\/wp-json\/wp\/v2\/product_brand?post=13923"},{"taxonomy":"product_cat","embeddable":true,"href":"https:\/\/www.ateti.pt\/loja\/wp-json\/wp\/v2\/product_cat?post=13923"},{"taxonomy":"product_tag","embeddable":true,"href":"https:\/\/www.ateti.pt\/loja\/wp-json\/wp\/v2\/product_tag?post=13923"},{"taxonomy":"woo-feed-brand","embeddable":true,"href":"https:\/\/www.ateti.pt\/loja\/wp-json\/wp\/v2\/woo-feed-brand?post=13923"}],"curies":[{"name":"wp","href":"https:\/\/api.w.org\/{rel}","templated":true}]}}