{"id":13903,"date":"2021-10-11T10:32:00","date_gmt":"2021-10-11T09:32:00","guid":{"rendered":"https:\/\/www.ateti.pt\/loja\/?post_type=product&#038;p=13903"},"modified":"2026-04-10T15:06:03","modified_gmt":"2026-04-10T14:06:03","slug":"croquete-carne-saco-20unid-neutura","status":"publish","type":"product","link":"https:\/\/www.ateti.pt\/loja\/produto\/croquete-carne-saco-20unid-neutura\/","title":{"rendered":"Croquete Carne Congelado 20un Neutura"},"content":{"rendered":"<h5>Croquete Carne Congelados Neutura<\/h5>\n<p>Quantidade: 20un.<\/p>\n<p><strong>Curiosidade:<\/strong>O\u00a0<b>croquete<\/b> \u00e9 um tipo de salgado recheado com carne desfiada, normalmente\u00a0bovina, mas pode ser preparado com\u00a0aves\u00a0ou\u00a0peixes. Muito popular no\u00a0Brasil\u00a0e em\u00a0Portugal.\u00a0S\u00e3o encontradas receitas com carne mo\u00edda,\u00a0frango,\u00a0camar\u00e3o,\u00a0bacalhau,\u00a0sardinha,\u00a0atum,\u00a0salm\u00e3o, entre outros. Tamb\u00e9m s\u00e3o encontradas varia\u00e7\u00f5es com queijo\u00a0e vegetais como\u00a0aspargos,\u00a0batata\u00a0e\u00a0cenoura.<\/p>\n<p><strong>Ingredientes: <\/strong>Farinha de trigo, carne de vaca (28%), \u00e1gua, p\u00e3o ralado (gl\u00faten), floco de batata (batata, emulsionante (E471), antioxidantes (E450, E304), regulador de acidez (E330), conservantes (E233) (sulfitos) e especiarias, soja, cebola, sal, condimento \u00e0 base de carne de vaca, farinha de trigo, sal, MSG (E621), aromas, gordura vegetal hidrogenada, vegetais desidratados, carne de vaca (4%), espessante (E410), amido modificado (E1422), lactose, caramelo corante, molho de soja, prote\u00edna de leite e extratos de especiarias, \u00f3leo de girassol, mat\u00e9rias gordas vegetais (palma e \u00f3leo de colza) percialmente hidrogenadas, polpa de tomate (sumo e polpa de tomate concentrado), sal, regulador de acidez (\u00e1cido citr\u00edco)), alho (sulfitos), caldo de frango (sal, f\u00e9cula de milho, intensificador de sabor (glutamato monos\u00f3dico), a\u00e7\u00facar, gordura vegetal parcialmente hidrogenada de palma, extrato de prote\u00ednas vegetais de soja, extrato de levedura, godura de frango (1,5%), carne de frango (1,2%), aroma de frango, verduras (cebola, alho, salsa), especiarias (corcuma)), palntas arom\u00e1ticas e especiarias. Pode conter vest\u00edgios de ovo, peixe, soja, aipo, mostarda, sulfitos, moluscos.<\/p>\n<p><strong>Valores nutricionais (100g):<\/strong> Energia: 813 kj\/194 kcal; Lip\u00eddos: 6g, dos quais saturados: 2,5g; hidratos de carbono: 23g, dos quais a\u00e7ucares: 3g; prote\u00ednas: 11g; sal: 1,87g<\/p>\n<p>Prepara\u00e7\u00e3o: fritar sem descongelar em \u00f3leo abundante a temperaturas entre 160\u00baC e 180\u00baC, durante 5-8 minutos.<\/p>\n<p>Veja mais em <a href=\"https:\/\/www.ateti.pt\/loja\/categoria\/congelados\/pre-cozinhados\/\">Pr\u00e9-Cozinhados<\/a><\/p>\n<p>Veja mais em <a href=\"https:\/\/neutura.pt\/\">Neutura<\/a><\/p>\n","protected":false},"excerpt":{"rendered":"<p>0,16\u20ac \/ unid<\/p>\n","protected":false},"featured_media":34201,"comment_status":"closed","ping_status":"closed","template":"","meta":{"_themeisle_gutenberg_block_has_review":false},"product_brand":[],"product_cat":[177,183],"product_tag":[],"woo-feed-brand":[],"class_list":{"0":"post-13903","1":"product","2":"type-product","3":"status-publish","4":"has-post-thumbnail","6":"product_cat-congelados","7":"product_cat-pre-cozinhados","8":"ts_product_brand-neutura","10":"first","11":"instock","12":"taxable","13":"shipping-taxable","14":"purchasable","15":"product-type-simple"},"_links":{"self":[{"href":"https:\/\/www.ateti.pt\/loja\/wp-json\/wp\/v2\/product\/13903","targetHints":{"allow":["GET"]}}],"collection":[{"href":"https:\/\/www.ateti.pt\/loja\/wp-json\/wp\/v2\/product"}],"about":[{"href":"https:\/\/www.ateti.pt\/loja\/wp-json\/wp\/v2\/types\/product"}],"replies":[{"embeddable":true,"href":"https:\/\/www.ateti.pt\/loja\/wp-json\/wp\/v2\/comments?post=13903"}],"wp:featuredmedia":[{"embeddable":true,"href":"https:\/\/www.ateti.pt\/loja\/wp-json\/wp\/v2\/media\/34201"}],"wp:attachment":[{"href":"https:\/\/www.ateti.pt\/loja\/wp-json\/wp\/v2\/media?parent=13903"}],"wp:term":[{"taxonomy":"product_brand","embeddable":true,"href":"https:\/\/www.ateti.pt\/loja\/wp-json\/wp\/v2\/product_brand?post=13903"},{"taxonomy":"product_cat","embeddable":true,"href":"https:\/\/www.ateti.pt\/loja\/wp-json\/wp\/v2\/product_cat?post=13903"},{"taxonomy":"product_tag","embeddable":true,"href":"https:\/\/www.ateti.pt\/loja\/wp-json\/wp\/v2\/product_tag?post=13903"},{"taxonomy":"woo-feed-brand","embeddable":true,"href":"https:\/\/www.ateti.pt\/loja\/wp-json\/wp\/v2\/woo-feed-brand?post=13903"}],"curies":[{"name":"wp","href":"https:\/\/api.w.org\/{rel}","templated":true}]}}