{"id":13900,"date":"2021-10-11T10:25:36","date_gmt":"2021-10-11T09:25:36","guid":{"rendered":"https:\/\/www.ateti.pt\/loja\/?post_type=product&#038;p=13900"},"modified":"2026-02-13T12:46:30","modified_gmt":"2026-02-13T12:46:30","slug":"rissol-camarao-saco-20unid-neutura","status":"publish","type":"product","link":"https:\/\/www.ateti.pt\/loja\/produto\/rissol-camarao-saco-20unid-neutura\/","title":{"rendered":"Rissol Camar\u00e3o Congelado 20un Neutura"},"content":{"rendered":"<p><strong>Rissol Camar\u00e3o Congelado Neutura<\/strong><\/p>\n<p>Quantidade: 20un.<\/p>\n<h4>Ingredientes:<\/h4>\n<p>Farinha de trigo, \u00e1gua, p\u00e3o ralado(gl\u00faten), camar\u00e3o(10%), sal, \u00f3leo de girassol, condimento \u00e1 base de camar\u00e3o(farinha de trigo, vegetais desidratados(cebola, tomate), gordura vegetal(\u00f3leo de palma refinado, xarope de glucose e prote\u00edna de leite), sal, intensificador de sabor(E421), amido modificado(E1422), camar\u00e3o em p\u00f3, amido de milho, dextrose, especiarias(mostarda) e extrato de especiarias, molho de soja e aromas, caldo de marisco(sal, f\u00e9cula de milho, intensificador de sabor(glutamato monoss\u00f3dico)), a\u00e7\u00facar, gordura vegetal parcialmente hidrogenada de palma, extrato de prote\u00ednas vegetais de soja, extrato de levedura, camar\u00e3o desidratado, aroma de camar\u00e3o, cebola, corantes naturais(E-150d e E-160c), especiarias (curcuma), cebola, mat\u00e9rias gordas vegetais(palma e \u00f3leo de colza) parcialmente hidrogenadas. Polpa de tomate(sumo e polpa de tomate concentrado, sal, regulador de acidez(\u00e1cido c\u00edtrico)), alho(sulfitos). Especiarias e plantas arom\u00e1ticas.<\/p>\n<p>Pode conter vest\u00edgios de ovo, peixe, aipo, moluscos.<\/p>\n<p>Como preparar <strong>Rissol Camar\u00e3o Congelado Neutura<\/strong>: Fritar sem descongelar em \u00f3leo abundante a temperaturas entre 160\u00baC e 180\u00baC, durante 5 a 8 minutos.<\/p>\n<p><strong>Valores nutricionais:\u00a0<\/strong>Energia: 731kj\/173kcal; L\u00edpidos:2g, dos quais \u00e1cidos gordos saturados: 0.5g; Hidratos de carbono:33g, dos quais a\u00e7\u00facares: 5g; Prote\u00edna: 5g; Sal:1.05g.<\/p>\n<p>Veja mais em <a href=\"https:\/\/www.ateti.pt\/loja\/categoria\/congelados\/pre-cozinhados\/\">Pr\u00e9-Cozinhados congelados<\/a><\/p>\n<p>Veja mais em <a href=\"https:\/\/neutura.pt\/\">Neutura<\/a><\/p>\n","protected":false},"excerpt":{"rendered":"<p>0,15\u20ac\/unid<\/p>\n","protected":false},"featured_media":34206,"comment_status":"closed","ping_status":"closed","template":"","meta":{"_themeisle_gutenberg_block_has_review":false},"product_brand":[],"product_cat":[177,183],"product_tag":[],"woo-feed-brand":[],"class_list":{"0":"post-13900","1":"product","2":"type-product","3":"status-publish","4":"has-post-thumbnail","6":"product_cat-congelados","7":"product_cat-pre-cozinhados","8":"ts_product_brand-neutura","10":"first","11":"instock","12":"taxable","13":"shipping-taxable","14":"purchasable","15":"product-type-simple"},"_links":{"self":[{"href":"https:\/\/www.ateti.pt\/loja\/wp-json\/wp\/v2\/product\/13900","targetHints":{"allow":["GET"]}}],"collection":[{"href":"https:\/\/www.ateti.pt\/loja\/wp-json\/wp\/v2\/product"}],"about":[{"href":"https:\/\/www.ateti.pt\/loja\/wp-json\/wp\/v2\/types\/product"}],"replies":[{"embeddable":true,"href":"https:\/\/www.ateti.pt\/loja\/wp-json\/wp\/v2\/comments?post=13900"}],"wp:featuredmedia":[{"embeddable":true,"href":"https:\/\/www.ateti.pt\/loja\/wp-json\/wp\/v2\/media\/34206"}],"wp:attachment":[{"href":"https:\/\/www.ateti.pt\/loja\/wp-json\/wp\/v2\/media?parent=13900"}],"wp:term":[{"taxonomy":"product_brand","embeddable":true,"href":"https:\/\/www.ateti.pt\/loja\/wp-json\/wp\/v2\/product_brand?post=13900"},{"taxonomy":"product_cat","embeddable":true,"href":"https:\/\/www.ateti.pt\/loja\/wp-json\/wp\/v2\/product_cat?post=13900"},{"taxonomy":"product_tag","embeddable":true,"href":"https:\/\/www.ateti.pt\/loja\/wp-json\/wp\/v2\/product_tag?post=13900"},{"taxonomy":"woo-feed-brand","embeddable":true,"href":"https:\/\/www.ateti.pt\/loja\/wp-json\/wp\/v2\/woo-feed-brand?post=13900"}],"curies":[{"name":"wp","href":"https:\/\/api.w.org\/{rel}","templated":true}]}}