{"id":13896,"date":"2020-03-27T17:06:43","date_gmt":"2020-03-27T16:06:43","guid":{"rendered":"https:\/\/www.ateti.pt\/loja\/?post_type=product&#038;p=13896"},"modified":"2026-02-16T15:55:34","modified_gmt":"2026-02-16T15:55:34","slug":"vaqueiro-250gr","status":"publish","type":"product","link":"https:\/\/www.ateti.pt\/loja\/produto\/vaqueiro-250gr\/","title":{"rendered":"Vaqueiro 250g"},"content":{"rendered":"<p><strong>Vaqueiro<\/strong><\/p>\n<p>Quantidade: 250g<\/p>\n<p><a href=\"https:\/\/www.ateti.pt\/loja\/wp-content\/uploads\/2020\/03\/R\u00f3tulo_Vaqueiro_250g.jpg\"><img loading=\"lazy\" decoding=\"async\" class=\"alignnone size-full wp-image-18303\" src=\"https:\/\/www.ateti.pt\/loja\/wp-content\/uploads\/2020\/03\/R\u00f3tulo_Vaqueiro_250g.jpg\" alt=\"Queijo_Ru\u00ednas_A_Queijeira_do_Raba\u00e7al_300g\" width=\"260\" height=\"109\" \/><\/a> <a href=\"https:\/\/www.ateti.pt\/loja\/wp-content\/uploads\/2020\/03\/Vaqueiro_250g.jpg\"><img loading=\"lazy\" decoding=\"async\" class=\"alignnone size-full wp-image-18304\" src=\"https:\/\/www.ateti.pt\/loja\/wp-content\/uploads\/2020\/03\/Vaqueiro_250g.jpg\" alt=\"Queijo_Ru\u00ednas_A_Queijeira_do_Raba\u00e7al_300g\" width=\"249\" height=\"197\" \/><\/a><\/p>\n<h5>Cogumelos salteados com vegetais<\/h5>\n<p><strong>Ingredientes:<\/strong><\/p>\n<div class=\"col-xs-12 col-md-4 col-lg-4 recipe-detail-body-left\">\n<div class=\"recipe-detail-ingredients\">\n<div class=\"check-list field-ingredientstext\">\n<ul>\n<li>1 alho franc\u00eas pequeno<\/li>\n<li>1 cebola<\/li>\n<li>1 cenoura<\/li>\n<li>1 courgette pequena<\/li>\n<li>50 g de Vaqueiro Cl\u00e1ssica<\/li>\n<li>1 dente de Alho<\/li>\n<li>250 g de cogumelos<\/li>\n<li>sal<\/li>\n<li>pimenta preta de moinho<\/li>\n<\/ul>\n<\/div>\n<\/div>\n<\/div>\n<div class=\"col-xs-12 col-md-8 col-lg-5 offset-lg-1 recipe-detail-body-right\">\n<div class=\"recipe-detail-instructions\">\n<p><strong>Prepara\u00e7\u00e3o:<\/strong><\/p>\n<div class=\"field-instructionstext\">\n<ol>\n<li>Corte o alho franc\u00eas em rodelas, lave e escorra.<\/li>\n<li>Descasque a cebola e corte-a em gomos finos.<\/li>\n<li>Pele a cenoura, corte-a ao meio e depois em meias luas. Lave a courgette,<\/li>\n<li>elimine as pontas, corte-a ao meio longitudinalmente e depois em meias luas.<\/li>\n<li>Derreta a Vaqueiro Cl\u00e1ssica e o dente de alho numa frigideira larga ou num wok, junte o alho franc\u00eas e a cebola e salteie at\u00e9 estarem moles,<\/li>\n<li>Adicione a cenoura, salteie durante mais 3 a 4 minutos e introduza os cogumelos e a courgette. Deixe cozinhar mais 3 a 4 minutos, tempere com sal e pimenta mo\u00edda na altura, reduza o lume e deixe acabar de cozinhar, tapado, at\u00e9 os legumes estarem tenros.<\/li>\n<\/ol>\n<p>Bom apetite!<\/p>\n<\/div>\n<\/div>\n<\/div>\n<p>Veja mais em <a href=\"https:\/\/www.ateti.pt\/loja\/categoria\/refrigerados\/lacticinios\/\">Latic\u00ednios<\/a><\/p>\n","protected":false},"excerpt":{"rendered":"<p>7,56\u20ac\/KG<\/p>\n","protected":false},"featured_media":13897,"comment_status":"closed","ping_status":"closed","template":"","meta":{"_themeisle_gutenberg_block_has_review":false},"product_brand":[],"product_cat":[178,186,622],"product_tag":[],"woo-feed-brand":[],"class_list":{"0":"post-13896","1":"product","2":"type-product","3":"status-publish","4":"has-post-thumbnail","6":"product_cat-lacticinios","7":"product_cat-manteigas-e-cremes-vegetais","8":"product_cat-refrigerados","9":"ts_product_brand-vaqueiro","11":"first","12":"instock","13":"taxable","14":"shipping-taxable","15":"purchasable","16":"product-type-simple"},"_links":{"self":[{"href":"https:\/\/www.ateti.pt\/loja\/wp-json\/wp\/v2\/product\/13896","targetHints":{"allow":["GET"]}}],"collection":[{"href":"https:\/\/www.ateti.pt\/loja\/wp-json\/wp\/v2\/product"}],"about":[{"href":"https:\/\/www.ateti.pt\/loja\/wp-json\/wp\/v2\/types\/product"}],"replies":[{"embeddable":true,"href":"https:\/\/www.ateti.pt\/loja\/wp-json\/wp\/v2\/comments?post=13896"}],"wp:featuredmedia":[{"embeddable":true,"href":"https:\/\/www.ateti.pt\/loja\/wp-json\/wp\/v2\/media\/13897"}],"wp:attachment":[{"href":"https:\/\/www.ateti.pt\/loja\/wp-json\/wp\/v2\/media?parent=13896"}],"wp:term":[{"taxonomy":"product_brand","embeddable":true,"href":"https:\/\/www.ateti.pt\/loja\/wp-json\/wp\/v2\/product_brand?post=13896"},{"taxonomy":"product_cat","embeddable":true,"href":"https:\/\/www.ateti.pt\/loja\/wp-json\/wp\/v2\/product_cat?post=13896"},{"taxonomy":"product_tag","embeddable":true,"href":"https:\/\/www.ateti.pt\/loja\/wp-json\/wp\/v2\/product_tag?post=13896"},{"taxonomy":"woo-feed-brand","embeddable":true,"href":"https:\/\/www.ateti.pt\/loja\/wp-json\/wp\/v2\/woo-feed-brand?post=13896"}],"curies":[{"name":"wp","href":"https:\/\/api.w.org\/{rel}","templated":true}]}}