{"id":13884,"date":"2021-10-11T16:02:30","date_gmt":"2021-10-11T15:02:30","guid":{"rendered":"https:\/\/www.ateti.pt\/loja\/?post_type=product&#038;p=13884"},"modified":"2024-04-04T13:51:09","modified_gmt":"2024-04-04T13:51:09","slug":"chamuca-frango-cov-6unid-neutura","status":"publish","type":"product","link":"https:\/\/www.ateti.pt\/loja\/produto\/chamuca-frango-cov-6unid-neutura\/","title":{"rendered":"Chamu\u00e7a Frango Congelada 6un Neutura"},"content":{"rendered":"<h5>Chamu\u00e7a Frango Congelada Neutura<\/h5>\n<p>Quantidade: 6un.<\/p>\n<p><strong>Curiosidade:<\/strong> Especialidade de origem indiana constitu\u00edda por fritos de forma triangular recheados com uma mistura condimentada de feij\u00e3o ou gr\u00e3o, batata ou carne picada, ervas arom\u00e1ticas e vegetais.<\/p>\n<p>Veja mais em <a href=\"https:\/\/neutura.pt\/\">Neutura<\/a><\/p>\n<p>Veja mais em <a href=\"https:\/\/www.ateti.pt\/loja\/categoria\/frescos-e-congelados\/pre-cozinhados\/\">Pr\u00e9-cozinhados congelados<\/a><\/p>\n","protected":false},"excerpt":{"rendered":"<p>11,33\u20ac\/kg<\/p>\n","protected":false},"featured_media":34195,"comment_status":"closed","ping_status":"closed","template":"","meta":{"_themeisle_gutenberg_block_has_review":false},"product_brand":[],"product_cat":[177,183],"product_tag":[],"woo-feed-brand":[],"class_list":{"0":"post-13884","1":"product","2":"type-product","3":"status-publish","4":"has-post-thumbnail","6":"product_cat-congelados","7":"product_cat-pre-cozinhados","8":"ts_product_brand-neutura","10":"first","11":"instock","12":"taxable","13":"shipping-taxable","14":"purchasable","15":"product-type-simple"},"_links":{"self":[{"href":"https:\/\/www.ateti.pt\/loja\/wp-json\/wp\/v2\/product\/13884","targetHints":{"allow":["GET"]}}],"collection":[{"href":"https:\/\/www.ateti.pt\/loja\/wp-json\/wp\/v2\/product"}],"about":[{"href":"https:\/\/www.ateti.pt\/loja\/wp-json\/wp\/v2\/types\/product"}],"replies":[{"embeddable":true,"href":"https:\/\/www.ateti.pt\/loja\/wp-json\/wp\/v2\/comments?post=13884"}],"wp:featuredmedia":[{"embeddable":true,"href":"https:\/\/www.ateti.pt\/loja\/wp-json\/wp\/v2\/media\/34195"}],"wp:attachment":[{"href":"https:\/\/www.ateti.pt\/loja\/wp-json\/wp\/v2\/media?parent=13884"}],"wp:term":[{"taxonomy":"product_brand","embeddable":true,"href":"https:\/\/www.ateti.pt\/loja\/wp-json\/wp\/v2\/product_brand?post=13884"},{"taxonomy":"product_cat","embeddable":true,"href":"https:\/\/www.ateti.pt\/loja\/wp-json\/wp\/v2\/product_cat?post=13884"},{"taxonomy":"product_tag","embeddable":true,"href":"https:\/\/www.ateti.pt\/loja\/wp-json\/wp\/v2\/product_tag?post=13884"},{"taxonomy":"woo-feed-brand","embeddable":true,"href":"https:\/\/www.ateti.pt\/loja\/wp-json\/wp\/v2\/woo-feed-brand?post=13884"}],"curies":[{"name":"wp","href":"https:\/\/api.w.org\/{rel}","templated":true}]}}