{"id":13882,"date":"2021-10-11T16:00:59","date_gmt":"2021-10-11T15:00:59","guid":{"rendered":"https:\/\/www.ateti.pt\/loja\/?post_type=product&#038;p=13882"},"modified":"2024-11-01T10:59:06","modified_gmt":"2024-11-01T10:59:06","slug":"rissol-peixe-cov-8unid-neutura","status":"publish","type":"product","link":"https:\/\/www.ateti.pt\/loja\/produto\/rissol-peixe-cov-8unid-neutura\/","title":{"rendered":"Rissol Peixe Congelado 8un Neutura"},"content":{"rendered":"<p><strong>Rissol Peixe Neutura 8un.<\/strong><\/p>\n<p>Quantidade: 8un.<\/p>\n<p><strong>Ingredientes:<\/strong> Farinha de trigo, pescada (meriuccius hubssi, capturado Atl\u00e2ntico Sudoeste, FAO 41, redes de arrastar) (15%), \u00e1gua, p\u00e3o ralado (gl\u00faten), sal, cebola, caldo de peixe (sal, f\u00e9cula de milho, intensificador de sabor(glutamato monoss\u00f3dico), a\u00e7\u00facar, gordura vegetal parcialmente hidrogenada de palma, extrato de prote\u00ednas vegetais de soja, extrato de levedura, aroma de peixe, camar\u00e3o desidratado(2%), cebola, corantes naturais (E-150d e E-160c), especiarias (curcuma)), condimento \u00e1 base de camar\u00e3o (farinha de trigo, vegetais desidratados(cebola, tomate), gordura vegetal(\u00f3leo de palma refinado, xarope de glucose e prote\u00edna de leite), sal, intensificador de sabor(E621), amido modificado (E1422), camar\u00e3o em p\u00f3, amido de milho, dextrose, especiarias(mostarda) e extratos de especiarias, molho de soja e aromas), \u00f3leo de girassol, mat\u00e9rias gordas vegetais(palma e \u00f3leode colza), parcialmente hidrogenadas, polpa de tomate(sumo e popa de tomate concentrado, sal, regulador de acidez(\u00e1cido c\u00edtrico), alho (silfitos), especiarias e plantas arom\u00e1ticas. Suscet\u00edvel de conter espinhas.<\/p>\n<p>Pode conter vest\u00edgios de ovo, aipo, moluscos.<\/p>\n<p><strong>Valores nutricionais por 100g:\u00a0<\/strong>719kj\/170kcal; L\u00edpidos: 2g, dos quais saturados: 0.7g; Hidratos de carbono: 32g, dos quais a\u00e7\u00facares: 6g; prote\u00ednas: 7g; Sal: 1g.<\/p>\n<p><strong>Modo de prepara\u00e7\u00e3o:\u00a0<\/strong>Fritas sem descongelar em \u00f3leo abundante a temperaturas entre 160\u00baC e 180\u00baC, durante 5 a 8 minutos.<\/p>\n<p>Veja mais em <a href=\"https:\/\/www.ateti.pt\/loja\/categoria\/congelados\/pre-cozinhados\/\">Pr\u00e9-Cozinhados Congelados<\/a><\/p>\n<p>Veja mais em <a href=\"https:\/\/neutura.pt\/\">Neutura<\/a><\/p>\n","protected":false},"excerpt":{"rendered":"<p>4,52\u20ac\/kg<\/p>\n","protected":false},"featured_media":34217,"comment_status":"closed","ping_status":"closed","template":"","meta":{"_themeisle_gutenberg_block_has_review":false},"product_brand":[],"product_cat":[177,183],"product_tag":[],"woo-feed-brand":[],"class_list":{"0":"post-13882","1":"product","2":"type-product","3":"status-publish","4":"has-post-thumbnail","6":"product_cat-congelados","7":"product_cat-pre-cozinhados","8":"ts_product_brand-neutura","10":"first","11":"instock","12":"taxable","13":"shipping-taxable","14":"purchasable","15":"product-type-simple"},"_links":{"self":[{"href":"https:\/\/www.ateti.pt\/loja\/wp-json\/wp\/v2\/product\/13882","targetHints":{"allow":["GET"]}}],"collection":[{"href":"https:\/\/www.ateti.pt\/loja\/wp-json\/wp\/v2\/product"}],"about":[{"href":"https:\/\/www.ateti.pt\/loja\/wp-json\/wp\/v2\/types\/product"}],"replies":[{"embeddable":true,"href":"https:\/\/www.ateti.pt\/loja\/wp-json\/wp\/v2\/comments?post=13882"}],"wp:featuredmedia":[{"embeddable":true,"href":"https:\/\/www.ateti.pt\/loja\/wp-json\/wp\/v2\/media\/34217"}],"wp:attachment":[{"href":"https:\/\/www.ateti.pt\/loja\/wp-json\/wp\/v2\/media?parent=13882"}],"wp:term":[{"taxonomy":"product_brand","embeddable":true,"href":"https:\/\/www.ateti.pt\/loja\/wp-json\/wp\/v2\/product_brand?post=13882"},{"taxonomy":"product_cat","embeddable":true,"href":"https:\/\/www.ateti.pt\/loja\/wp-json\/wp\/v2\/product_cat?post=13882"},{"taxonomy":"product_tag","embeddable":true,"href":"https:\/\/www.ateti.pt\/loja\/wp-json\/wp\/v2\/product_tag?post=13882"},{"taxonomy":"woo-feed-brand","embeddable":true,"href":"https:\/\/www.ateti.pt\/loja\/wp-json\/wp\/v2\/woo-feed-brand?post=13882"}],"curies":[{"name":"wp","href":"https:\/\/api.w.org\/{rel}","templated":true}]}}