{"id":13881,"date":"2021-10-11T15:57:36","date_gmt":"2021-10-11T14:57:36","guid":{"rendered":"https:\/\/www.ateti.pt\/loja\/?post_type=product&#038;p=13881"},"modified":"2026-01-14T15:22:33","modified_gmt":"2026-01-14T15:22:33","slug":"rissol-leitao-cov-4unid-neutura","status":"publish","type":"product","link":"https:\/\/www.ateti.pt\/loja\/produto\/rissol-leitao-cov-4unid-neutura\/","title":{"rendered":"Rissol Leit\u00e3o Congelado 4un Neutura"},"content":{"rendered":"<p><strong>Rissol Leit\u00e3o Congelado Neutura<\/strong><\/p>\n<p>Quantidade: 4un.<\/p>\n<p><strong>Ingredientes:<\/strong> Farinha de trigo, \u00e1gua(17%) Carne de porco, p\u00e3o ralado(gl\u00faten), \u00f3leo de girassol, alho(sulfitos), sal, mat\u00e9rias\u00a0 gordas vegetais(palma e \u00f3leo de colza) parcialmente hidrogenadas, soja, caldo de frango(sal, f\u00e9cula de milho, intensificador de sabor(glutamato monoss\u00f3dico9, a\u00e7\u00facar, gordura vegetal parcialmente hidrogenada de palma, extrato de prote\u00ednas vegetais de Soja, extrato de levedura, gordura de frango(1.5%), carne de frango(1.2%), aroma de frango, verduras(cebola, alho, salsa), especiarias(curcuma), Especiarias e Plantas Arom\u00e1ticas.<\/p>\n<p>Pode conter vest\u00edgios de Crust\u00e1ceos, Ovo, Peixe, Leite Aipo, Mostarda; Moluscos.<\/p>\n<p><strong>Valores nutricionais por 100g:\u00a0<\/strong>Energia: 860kj\/204kcal; L\u00edpidos: 4g, dos quais \u00e1cidos gordos saturados: 1.3g; Hidratos de Carbono: 31g, dos quais a\u00e7\u00facares: 4g; Prote\u00ednas: 9g; Sal: 0.97g.<\/p>\n<p>Veja mais em <a href=\"https:\/\/neutura.pt\/\">Neutura<\/a><\/p>\n","protected":false},"excerpt":{"rendered":"<p>0.79\u20ac\/un<\/p>\n","protected":false},"featured_media":34216,"comment_status":"closed","ping_status":"closed","template":"","meta":{"_themeisle_gutenberg_block_has_review":false},"product_brand":[],"product_cat":[177,183],"product_tag":[],"woo-feed-brand":[],"class_list":{"0":"post-13881","1":"product","2":"type-product","3":"status-publish","4":"has-post-thumbnail","6":"product_cat-congelados","7":"product_cat-pre-cozinhados","8":"ts_product_brand-neutura","10":"first","11":"instock","12":"taxable","13":"shipping-taxable","14":"purchasable","15":"product-type-simple"},"_links":{"self":[{"href":"https:\/\/www.ateti.pt\/loja\/wp-json\/wp\/v2\/product\/13881","targetHints":{"allow":["GET"]}}],"collection":[{"href":"https:\/\/www.ateti.pt\/loja\/wp-json\/wp\/v2\/product"}],"about":[{"href":"https:\/\/www.ateti.pt\/loja\/wp-json\/wp\/v2\/types\/product"}],"replies":[{"embeddable":true,"href":"https:\/\/www.ateti.pt\/loja\/wp-json\/wp\/v2\/comments?post=13881"}],"wp:featuredmedia":[{"embeddable":true,"href":"https:\/\/www.ateti.pt\/loja\/wp-json\/wp\/v2\/media\/34216"}],"wp:attachment":[{"href":"https:\/\/www.ateti.pt\/loja\/wp-json\/wp\/v2\/media?parent=13881"}],"wp:term":[{"taxonomy":"product_brand","embeddable":true,"href":"https:\/\/www.ateti.pt\/loja\/wp-json\/wp\/v2\/product_brand?post=13881"},{"taxonomy":"product_cat","embeddable":true,"href":"https:\/\/www.ateti.pt\/loja\/wp-json\/wp\/v2\/product_cat?post=13881"},{"taxonomy":"product_tag","embeddable":true,"href":"https:\/\/www.ateti.pt\/loja\/wp-json\/wp\/v2\/product_tag?post=13881"},{"taxonomy":"woo-feed-brand","embeddable":true,"href":"https:\/\/www.ateti.pt\/loja\/wp-json\/wp\/v2\/woo-feed-brand?post=13881"}],"curies":[{"name":"wp","href":"https:\/\/api.w.org\/{rel}","templated":true}]}}