{"id":13878,"date":"2021-08-23T15:54:07","date_gmt":"2021-08-23T14:54:07","guid":{"rendered":"https:\/\/www.ateti.pt\/loja\/?post_type=product&#038;p=13878"},"modified":"2026-01-14T15:28:16","modified_gmt":"2026-01-14T15:28:16","slug":"rissol-frango-cov-8unid-neutura","status":"publish","type":"product","link":"https:\/\/www.ateti.pt\/loja\/produto\/rissol-frango-cov-8unid-neutura\/","title":{"rendered":"Rissol Frango Congelado Neutura covete 8un."},"content":{"rendered":"<p><strong>Rissol Frango Congelado Neutura<\/strong><\/p>\n<p><strong>Quantidade:<\/strong> 8un.<\/p>\n<p><strong>Ingredientes:<\/strong> Farinha de trigo, frango(18%), \u00e1gua, soja, p\u00e3o ralado (gl\u00faten), sal, cebola, \u00f3leo de girassol, polpa de tomate (sumo e polpa de tomate concentrado, sal, regulador de acidez(\u00e1cido c\u00edtrico)), caldo de frango(sal, f\u00e9cula de milho, intensificador de sabor(glutamato monoss\u00f3dico), a\u00e7\u00facar, gordura vegetal parcialmente hidrogenada de palma, extrato de prote\u00ednas vegetais de soja, extrato de levedura, gordura de frango (1,5%), carne de frango(1,2%), aroma de frango, verduras (cebola, alho, salsa), especiarias(curcuma)), mat\u00e9rias gordas vegetais(palma e \u00f3leo de colza), parcialmente hidrogenada, alho (sulfitos), especiarias e plantas arom\u00e1ticas, suscet\u00edvel de conter ossos. Pode conter vest\u00edgios de crust\u00e1ceos, ovo, peixe, leite, aipo, mostarda, moluscos.<\/p>\n<p><strong>Valores nutricionais por 100g:\u00a0<\/strong>Energia: 804kj\/190kcal; L\u00edpidos: 3g, dos quais saturados: 0.9g; Hidratos de carbono: 34g, dos quais a\u00e7\u00facares: 4g; Prote\u00ednas: 7g; Sal: 0.99g.<\/p>\n<p><strong>Modo de prepara\u00e7\u00e3o:<\/strong><\/p>\n<p>Fritar sem descongelar em \u00f3leo abundante a temperaturas entre 160\u00baC e 180\u00baC, durante 5 a 8 minutos.<\/p>\n<p>Veja mais em <a href=\"https:\/\/www.ateti.pt\/loja\/categoria\/congelados\/pre-cozinhados\/\">Pr\u00e9-Cozinhados Congelados<\/a><\/p>\n<p>Veja mais em <a href=\"https:\/\/neutura.pt\/\">Neutura<\/a><\/p>\n","protected":false},"excerpt":{"rendered":"<p>4,52\u20ac\/kg<\/p>\n","protected":false},"featured_media":32984,"comment_status":"closed","ping_status":"closed","template":"","meta":{"_themeisle_gutenberg_block_has_review":false},"product_brand":[],"product_cat":[177,183],"product_tag":[],"woo-feed-brand":[],"class_list":{"0":"post-13878","1":"product","2":"type-product","3":"status-publish","4":"has-post-thumbnail","6":"product_cat-congelados","7":"product_cat-pre-cozinhados","8":"ts_product_brand-neutura","10":"first","11":"instock","12":"taxable","13":"shipping-taxable","14":"purchasable","15":"product-type-simple"},"_links":{"self":[{"href":"https:\/\/www.ateti.pt\/loja\/wp-json\/wp\/v2\/product\/13878","targetHints":{"allow":["GET"]}}],"collection":[{"href":"https:\/\/www.ateti.pt\/loja\/wp-json\/wp\/v2\/product"}],"about":[{"href":"https:\/\/www.ateti.pt\/loja\/wp-json\/wp\/v2\/types\/product"}],"replies":[{"embeddable":true,"href":"https:\/\/www.ateti.pt\/loja\/wp-json\/wp\/v2\/comments?post=13878"}],"wp:featuredmedia":[{"embeddable":true,"href":"https:\/\/www.ateti.pt\/loja\/wp-json\/wp\/v2\/media\/32984"}],"wp:attachment":[{"href":"https:\/\/www.ateti.pt\/loja\/wp-json\/wp\/v2\/media?parent=13878"}],"wp:term":[{"taxonomy":"product_brand","embeddable":true,"href":"https:\/\/www.ateti.pt\/loja\/wp-json\/wp\/v2\/product_brand?post=13878"},{"taxonomy":"product_cat","embeddable":true,"href":"https:\/\/www.ateti.pt\/loja\/wp-json\/wp\/v2\/product_cat?post=13878"},{"taxonomy":"product_tag","embeddable":true,"href":"https:\/\/www.ateti.pt\/loja\/wp-json\/wp\/v2\/product_tag?post=13878"},{"taxonomy":"woo-feed-brand","embeddable":true,"href":"https:\/\/www.ateti.pt\/loja\/wp-json\/wp\/v2\/woo-feed-brand?post=13878"}],"curies":[{"name":"wp","href":"https:\/\/api.w.org\/{rel}","templated":true}]}}