{"id":13877,"date":"2021-10-11T15:52:36","date_gmt":"2021-10-11T14:52:36","guid":{"rendered":"https:\/\/www.ateti.pt\/loja\/?post_type=product&#038;p=13877"},"modified":"2025-07-03T14:23:46","modified_gmt":"2025-07-03T13:23:46","slug":"rissol-carne-cov-8unid-neutura","status":"publish","type":"product","link":"https:\/\/www.ateti.pt\/loja\/produto\/rissol-carne-cov-8unid-neutura\/","title":{"rendered":"Rissol Carne Congelado 8un Neutura"},"content":{"rendered":"<h5>Rissol Carne Congelado Neutura<\/h5>\n<p>Quantidade: 8un.<\/p>\n<p><strong>Ingredientes: <\/strong>Farinha de trigo, \u00e1gua, p\u00e3o ralado (glut\u00e9n), (5%) carne de vaca, (8%) carne de porco, soja, \u00f3leo de girassol, sal, mat\u00e9rias gordas vegetais (palma e \u00f3leo de colza) parcialmente hidrogenadas. Chouri\u00e7o (carne de su\u00edno 90 %). Couratos, massa de piment\u00e3o (piment\u00e3o e sal), prote\u00edna de soja, sal, gorgura de su\u00edno, especiarias, a\u00e7\u00facar, emulsionantes (difosfatos) e conservantes (nitr\u00e3o de s\u00f3dio)). Cebola, piment\u00e3o doce, polpa de tomate (sumo e polpa de tomate concentrado, sal, regulador de acidez (\u00e1cido citr\u00edco)). Caldo de frango (sal, f\u00e9cula de milho, intensificador de sabor (glutamato monos\u00f3dico), a\u00e7\u00facar, gordura vegetal parcialmente hidrogenada de palma, extrato de prote\u00ednas vegetais de soja, extrato de levedura, gordura de frango (1,5%), carne de frango (1,2%), aroma de frango , verduras (cebola, alho, salsa), espaciarias (corcuma), alho (sulfitos), noz moscada, especiarias e plantas arom\u00e1ticas. Pode conter vestigios de crust\u00e1ceos, ovo, peixe, leite, aipo, mostarda, moluscos.<\/p>\n<p><strong>Valores nutricionais (100g):<\/strong> Energia: 834 kj\/198 kcal; Lip\u00eddos: 4g, dos quais saturados: 1,2g; hidratos de carbono: 33g, dos quais a\u00e7ucares: 4g; prote\u00ednas: 6g; sal: 1,08g<\/p>\n<p>Veja mais em <a href=\"https:\/\/www.ateti.pt\/loja\/categoria\/congelados\/pre-cozinhados\/\">Pr\u00e9-Cozinhados Congelados<\/a><\/p>\n<p>Veja mais em <a href=\"https:\/\/neutura.pt\/\">Neutura<\/a><\/p>\n","protected":false},"excerpt":{"rendered":"<p>4,52\u20ac\/kg<\/p>\n","protected":false},"featured_media":34214,"comment_status":"closed","ping_status":"closed","template":"","meta":{"_themeisle_gutenberg_block_has_review":false},"product_brand":[],"product_cat":[177,183],"product_tag":[],"woo-feed-brand":[],"class_list":{"0":"post-13877","1":"product","2":"type-product","3":"status-publish","4":"has-post-thumbnail","6":"product_cat-congelados","7":"product_cat-pre-cozinhados","8":"ts_product_brand-neutura","10":"first","11":"instock","12":"taxable","13":"shipping-taxable","14":"purchasable","15":"product-type-simple"},"_links":{"self":[{"href":"https:\/\/www.ateti.pt\/loja\/wp-json\/wp\/v2\/product\/13877","targetHints":{"allow":["GET"]}}],"collection":[{"href":"https:\/\/www.ateti.pt\/loja\/wp-json\/wp\/v2\/product"}],"about":[{"href":"https:\/\/www.ateti.pt\/loja\/wp-json\/wp\/v2\/types\/product"}],"replies":[{"embeddable":true,"href":"https:\/\/www.ateti.pt\/loja\/wp-json\/wp\/v2\/comments?post=13877"}],"wp:featuredmedia":[{"embeddable":true,"href":"https:\/\/www.ateti.pt\/loja\/wp-json\/wp\/v2\/media\/34214"}],"wp:attachment":[{"href":"https:\/\/www.ateti.pt\/loja\/wp-json\/wp\/v2\/media?parent=13877"}],"wp:term":[{"taxonomy":"product_brand","embeddable":true,"href":"https:\/\/www.ateti.pt\/loja\/wp-json\/wp\/v2\/product_brand?post=13877"},{"taxonomy":"product_cat","embeddable":true,"href":"https:\/\/www.ateti.pt\/loja\/wp-json\/wp\/v2\/product_cat?post=13877"},{"taxonomy":"product_tag","embeddable":true,"href":"https:\/\/www.ateti.pt\/loja\/wp-json\/wp\/v2\/product_tag?post=13877"},{"taxonomy":"woo-feed-brand","embeddable":true,"href":"https:\/\/www.ateti.pt\/loja\/wp-json\/wp\/v2\/woo-feed-brand?post=13877"}],"curies":[{"name":"wp","href":"https:\/\/api.w.org\/{rel}","templated":true}]}}