{"id":13850,"date":"2021-06-28T15:31:53","date_gmt":"2021-06-28T14:31:53","guid":{"rendered":"https:\/\/www.ateti.pt\/loja\/?post_type=product&#038;p=13850"},"modified":"2025-11-12T12:26:59","modified_gmt":"2025-11-12T12:26:59","slug":"manteiga-mimosa-250gr","status":"publish","type":"product","link":"https:\/\/www.ateti.pt\/loja\/produto\/manteiga-mimosa-250gr\/","title":{"rendered":"Manteiga Mimosa 250g"},"content":{"rendered":"<h5>Manteiga Mimosa<\/h5>\n<p>Quantidade: 250g<\/p>\n<p><strong>Ingredientes:\u00a0<\/strong>Nata pasteurizada, sal:1,2% e fermentos l\u00e1cteos.<\/p>\n<p><strong>Origem:\u00a0<\/strong> Portugal<\/p>\n<p><strong>Valores nutricionais:<\/strong> Energia: 3056kj\/743kcal; L\u00edpidos: 82g, dos quais saturados: 54g, dos quais monoinsaturados: 22g, dos quais polinsaturados: 2.2g; Hidratos de carbono: 0.7g, dos quais a\u00e7\u00facares: 0.7g; Prote\u00ednas: 0.6g; Sal: 1.3g.<\/p>\n<p>Veja mais em <a href=\"https:\/\/www.ateti.pt\/loja\/categoria\/refrigerados\/lacticinios\/manteigas-e-cremes-vegetais\/\">Manteigas e Cremes Vegetais<\/a><\/p>\n<p>&nbsp;<\/p>\n","protected":false},"excerpt":{"rendered":"<p>10.12\u20ac\/Kg<\/p>\n","protected":false},"featured_media":31732,"comment_status":"closed","ping_status":"closed","template":"","meta":{"_themeisle_gutenberg_block_has_review":false},"product_brand":[],"product_cat":[891,178,186,622],"product_tag":[],"woo-feed-brand":[],"class_list":{"0":"post-13850","1":"product","2":"type-product","3":"status-publish","4":"has-post-thumbnail","6":"product_cat-iva-zero","7":"product_cat-lacticinios","8":"product_cat-manteigas-e-cremes-vegetais","9":"product_cat-refrigerados","10":"ts_product_brand-mimosa","12":"first","13":"instock","14":"taxable","15":"shipping-taxable","16":"purchasable","17":"product-type-simple"},"_links":{"self":[{"href":"https:\/\/www.ateti.pt\/loja\/wp-json\/wp\/v2\/product\/13850","targetHints":{"allow":["GET"]}}],"collection":[{"href":"https:\/\/www.ateti.pt\/loja\/wp-json\/wp\/v2\/product"}],"about":[{"href":"https:\/\/www.ateti.pt\/loja\/wp-json\/wp\/v2\/types\/product"}],"replies":[{"embeddable":true,"href":"https:\/\/www.ateti.pt\/loja\/wp-json\/wp\/v2\/comments?post=13850"}],"wp:featuredmedia":[{"embeddable":true,"href":"https:\/\/www.ateti.pt\/loja\/wp-json\/wp\/v2\/media\/31732"}],"wp:attachment":[{"href":"https:\/\/www.ateti.pt\/loja\/wp-json\/wp\/v2\/media?parent=13850"}],"wp:term":[{"taxonomy":"product_brand","embeddable":true,"href":"https:\/\/www.ateti.pt\/loja\/wp-json\/wp\/v2\/product_brand?post=13850"},{"taxonomy":"product_cat","embeddable":true,"href":"https:\/\/www.ateti.pt\/loja\/wp-json\/wp\/v2\/product_cat?post=13850"},{"taxonomy":"product_tag","embeddable":true,"href":"https:\/\/www.ateti.pt\/loja\/wp-json\/wp\/v2\/product_tag?post=13850"},{"taxonomy":"woo-feed-brand","embeddable":true,"href":"https:\/\/www.ateti.pt\/loja\/wp-json\/wp\/v2\/woo-feed-brand?post=13850"}],"curies":[{"name":"wp","href":"https:\/\/api.w.org\/{rel}","templated":true}]}}