{"id":13822,"date":"2020-03-27T15:27:58","date_gmt":"2020-03-27T14:27:58","guid":{"rendered":"https:\/\/www.ateti.pt\/loja\/?post_type=product&#038;p=13822"},"modified":"2025-11-12T12:26:27","modified_gmt":"2025-11-12T12:26:27","slug":"manteiga-milhafre-250gr","status":"publish","type":"product","link":"https:\/\/www.ateti.pt\/loja\/produto\/manteiga-milhafre-250gr\/","title":{"rendered":"Manteiga Milhafre 250g"},"content":{"rendered":"<p><strong>Manteiga Milhafre<\/strong><\/p>\n<p>Quantidade: 250g<\/p>\n<div class=\"title row\">\n<p>A Manteiga Milhafre dos A\u00e7ores \u00e9 reconhecida pelas suas caracter\u00edsticas sensoriais distintivas, que lhe valem a prefer\u00eancia dos consumidores. Com um sabor verdadeiramente \u00fanico, cor intensa e uma textura macia combina na perfei\u00e7\u00e3o com todo o tipo de p\u00e3o e de tostas. A pureza e naturalidade da sua regi\u00e3o de origem \u2013 os A\u00e7ores \u2013 contribuem para a sua singularidade.<\/p>\n<p><strong>Valores nutricionais por 100g de produto:<\/strong> Energia: 3051kj\/742kcal; L\u00edpidos: 82g, dos quais saturados: 54g; Hidratos de Carbono: 0.5g, dos quais a\u00e7\u00facares:0.5g; Prote\u00ednas:0.5g; Sal: 1.5g.<\/p>\n<\/div>\n<div class=\"product_list row\">Veja mais em <a href=\"https:\/\/www.ateti.pt\/loja\/categoria\/refrigerados\/lacticinios\/manteigas-e-cremes-vegetais\/\">Manteigas e Cremes Vegetais<\/a><\/div>\n<p>&nbsp;<\/p>\n","protected":false},"excerpt":{"rendered":"<p>9,72\u20ac\/KG<\/p>\n","protected":false},"featured_media":62990,"comment_status":"closed","ping_status":"closed","template":"","meta":{"_themeisle_gutenberg_block_has_review":false},"product_brand":[],"product_cat":[891,178,186,622],"product_tag":[],"woo-feed-brand":[],"class_list":{"0":"post-13822","1":"product","2":"type-product","3":"status-publish","4":"has-post-thumbnail","6":"product_cat-iva-zero","7":"product_cat-lacticinios","8":"product_cat-manteigas-e-cremes-vegetais","9":"product_cat-refrigerados","10":"ts_product_brand-milhafre","12":"first","13":"instock","14":"taxable","15":"shipping-taxable","16":"purchasable","17":"product-type-simple"},"_links":{"self":[{"href":"https:\/\/www.ateti.pt\/loja\/wp-json\/wp\/v2\/product\/13822","targetHints":{"allow":["GET"]}}],"collection":[{"href":"https:\/\/www.ateti.pt\/loja\/wp-json\/wp\/v2\/product"}],"about":[{"href":"https:\/\/www.ateti.pt\/loja\/wp-json\/wp\/v2\/types\/product"}],"replies":[{"embeddable":true,"href":"https:\/\/www.ateti.pt\/loja\/wp-json\/wp\/v2\/comments?post=13822"}],"wp:featuredmedia":[{"embeddable":true,"href":"https:\/\/www.ateti.pt\/loja\/wp-json\/wp\/v2\/media\/62990"}],"wp:attachment":[{"href":"https:\/\/www.ateti.pt\/loja\/wp-json\/wp\/v2\/media?parent=13822"}],"wp:term":[{"taxonomy":"product_brand","embeddable":true,"href":"https:\/\/www.ateti.pt\/loja\/wp-json\/wp\/v2\/product_brand?post=13822"},{"taxonomy":"product_cat","embeddable":true,"href":"https:\/\/www.ateti.pt\/loja\/wp-json\/wp\/v2\/product_cat?post=13822"},{"taxonomy":"product_tag","embeddable":true,"href":"https:\/\/www.ateti.pt\/loja\/wp-json\/wp\/v2\/product_tag?post=13822"},{"taxonomy":"woo-feed-brand","embeddable":true,"href":"https:\/\/www.ateti.pt\/loja\/wp-json\/wp\/v2\/woo-feed-brand?post=13822"}],"curies":[{"name":"wp","href":"https:\/\/api.w.org\/{rel}","templated":true}]}}