{"id":13821,"date":"2021-10-11T10:22:06","date_gmt":"2021-10-11T09:22:06","guid":{"rendered":"https:\/\/www.ateti.pt\/loja\/?post_type=product&#038;p=13821"},"modified":"2026-01-14T14:56:12","modified_gmt":"2026-01-14T14:56:12","slug":"tentaculos-pota-inteiros-900g-neutura","status":"publish","type":"product","link":"https:\/\/www.ateti.pt\/loja\/produto\/tentaculos-pota-inteiros-900g-neutura\/","title":{"rendered":"Tent\u00e1culos Pota Inteiros Congelado 800g Neutura"},"content":{"rendered":"<h5>Tent\u00e1culos Pota Inteiros Congelados Neutura<\/h5>\n<p>Quantidade: 900g<\/p>\n<p>Nome cient\u00edfico: Dosidicus Gigas<\/p>\n<p>Capturado no Pac\u00edfico FAO87<\/p>\n<p>Arte de pesca: Anzois e aparelhos de anzol<\/p>\n<p>Ingredientes: Tent\u00e1culos de pota, \u00e1gua, sal e antioxidantes(E331).<\/p>\n<p>Declara\u00e7\u00e3o nutricional de 100g: Energia: 176kj\/42kcal; L\u00edpidos: 0.4g, dos quais \u00e1cidos gordos saturados: 0.1g; Hidratos de carbono:&lt;1g, dos quais a\u00e7\u00facares:&lt;0.5g; Prote\u00ednas:9,5g; Sal:2,79g.<\/p>\n<p>Cont\u00e9m moluscos.<\/p>\n<p>Consumir ap\u00f3s confe\u00e7\u00e3o(tratamento t\u00e9rmico)<\/p>\n<p>Produto ultracongelado- N\u00e3o voltar a congelar.<\/p>\n<p>Conserva\u00e7\u00e3o: Conservar a -18\u00baC<\/p>\n<h4>Como preparar tent\u00e1culos de pota<\/h4>\n<p><strong>Sugest\u00e3o de Receita:<\/strong><\/p>\n<p>Ingredientes:<\/p>\n<p><label for=\"ilg-0\"><span class=\"ingredient-qty\" data-qty=\"1\">1<\/span> Kg de\u00a0<\/label><a href=\"https:\/\/www.ateti.pt\/loja\/categoria\/congelados\/peixeemarisco\/\">Tent\u00e1culos Pota Inteiros Congelados Neutura<\/a><label for=\"ilg-0\"><\/label><\/p>\n<p><label for=\"ilg-1\"><\/label><label for=\"ilg-1\">1 Kg de\u00a0<a href=\"https:\/\/www.ateti.pt\/loja\/categoria\/frutas-e-legumes\/legumes-frescos\/\">batatas<\/a>\u00a0para assar<\/label><\/p>\n<p><label for=\"ilg-2\"><a href=\"https:\/\/www.ateti.pt\/loja\/categoria\/mercearia\/azeiteseoleos\/\">Azeite<\/a>\u00a0qb<\/label><\/p>\n<p><label for=\"ilg-3\">6 dentes de\u00a0<a href=\"https:\/\/www.ateti.pt\/loja\/categoria\/frutas-e-legumes\/legumes-frescos\/\">alhos<\/a>\u00a0(grandes)<\/label><\/p>\n<p><label for=\"ilg-4\"><a href=\"https:\/\/www.ateti.pt\/loja\/categoria\/mercearia\/temperos-e-molhos\/\">Pimentas<\/a>\u00a0(preta e branca q.b.)<\/label><\/p>\n<p><label for=\"ilg-5\">2 folhas de\u00a0<a href=\"https:\/\/www.ateti.pt\/loja\/categoria\/mercearia\/temperos-e-molhos\/\">louro<\/a><\/label><\/p>\n<p>Prepara\u00e7\u00e3o:<\/p>\n<p>1-Comece por cozer os tent\u00e1culos de pota na panela de press\u00e3o por 20 minutos para ficarem bem macias. N\u00e3o acrescente sal na cozedura para n\u00e3o ficar duro (tal como se faz quando se est\u00e1 a cozinhar polvo). Deve-se contar os 20 minutos de cozedura ap\u00f3s a \u00e1gua come\u00e7ar a ferver e o vapor come\u00e7ar a sair pela \u201cbailarina\u201d.<\/p>\n<p>2-Enquanto os tent\u00e1culos cozem, lave muito bem as batatas com a casca, seque-as e coloque-as, sem as descascar, num tabuleiro juntamente com sal a gosto (coloquei uma camada generosa de sal grosso). Leve a assar (dependendo do tamanho pode demorar cerca de 30m a 40m a assar), v\u00e1 picando com o garfo para ver se j\u00e1 est\u00e3o cozinhadas.<\/p>\n<p>3-Passados os 20 minutos, retire a press\u00e3o da panela e escorra os tent\u00e1culos. Num tabuleiro de ir ao forno, coloque os tent\u00e1culos com os dentes de alhos picados, 2 folhas de louro, pimentas preta e branca mo\u00edda na hora, colorau q.b. e azeite a gosto (coloque azeite generosamente para depois regar as batatas com o azeite que foi ao forno). Envolva todos os ingredientes e leve ao forno a 200\/220\u00baC durante cerca de 25m.<\/p>\n<p>4-Quando as batatas j\u00e1 estiveram assadas, retire o excesso de sal e com um garfo espalme as batatas at\u00e9 estas abrirem. Disponha as batatas no tabuleiro juntamente com os tent\u00e1culos e regue com azeite ainda quente.<\/p>\n<p>Bom apetite!<\/p>\n<p>Veja mais em\u00a0<a href=\"https:\/\/neutura.pt\/\" target=\"_blank\" rel=\"noopener\">Neutura<\/a><\/p>\n<p>Veja mais em\u00a0<a href=\"https:\/\/www.ateti.pt\/loja\/categoria\/congelados\/peixeemarisco\/\">Peixe e Marisco congelados<\/a><\/p>\n","protected":false},"excerpt":{"rendered":"<p>7.24\u20ac\/kg<\/p>\n","protected":false},"featured_media":34190,"comment_status":"closed","ping_status":"closed","template":"","meta":{"_themeisle_gutenberg_block_has_review":false},"product_brand":[],"product_cat":[177,181],"product_tag":[],"woo-feed-brand":[],"class_list":{"0":"post-13821","1":"product","2":"type-product","3":"status-publish","4":"has-post-thumbnail","6":"product_cat-congelados","7":"product_cat-peixeemarisco","8":"ts_product_brand-neutura","10":"first","11":"instock","12":"taxable","13":"shipping-taxable","14":"purchasable","15":"product-type-simple"},"_links":{"self":[{"href":"https:\/\/www.ateti.pt\/loja\/wp-json\/wp\/v2\/product\/13821","targetHints":{"allow":["GET"]}}],"collection":[{"href":"https:\/\/www.ateti.pt\/loja\/wp-json\/wp\/v2\/product"}],"about":[{"href":"https:\/\/www.ateti.pt\/loja\/wp-json\/wp\/v2\/types\/product"}],"replies":[{"embeddable":true,"href":"https:\/\/www.ateti.pt\/loja\/wp-json\/wp\/v2\/comments?post=13821"}],"wp:featuredmedia":[{"embeddable":true,"href":"https:\/\/www.ateti.pt\/loja\/wp-json\/wp\/v2\/media\/34190"}],"wp:attachment":[{"href":"https:\/\/www.ateti.pt\/loja\/wp-json\/wp\/v2\/media?parent=13821"}],"wp:term":[{"taxonomy":"product_brand","embeddable":true,"href":"https:\/\/www.ateti.pt\/loja\/wp-json\/wp\/v2\/product_brand?post=13821"},{"taxonomy":"product_cat","embeddable":true,"href":"https:\/\/www.ateti.pt\/loja\/wp-json\/wp\/v2\/product_cat?post=13821"},{"taxonomy":"product_tag","embeddable":true,"href":"https:\/\/www.ateti.pt\/loja\/wp-json\/wp\/v2\/product_tag?post=13821"},{"taxonomy":"woo-feed-brand","embeddable":true,"href":"https:\/\/www.ateti.pt\/loja\/wp-json\/wp\/v2\/woo-feed-brand?post=13821"}],"curies":[{"name":"wp","href":"https:\/\/api.w.org\/{rel}","templated":true}]}}