{"id":13798,"date":"2021-10-11T10:25:53","date_gmt":"2021-10-11T09:25:53","guid":{"rendered":"https:\/\/www.ateti.pt\/loja\/?post_type=product&#038;p=13798"},"modified":"2024-04-04T11:12:46","modified_gmt":"2024-04-04T11:12:46","slug":"migas-de-paloco-demolhadas-congeladas-neutura-500g","status":"publish","type":"product","link":"https:\/\/www.ateti.pt\/loja\/produto\/migas-de-paloco-demolhadas-congeladas-neutura-500g\/","title":{"rendered":"Migas de Paloco Demolhadas Congeladas 500g Neutura"},"content":{"rendered":"<h5>Migas de Paloco Demolhadas Congeladas Neutura<\/h5>\n<p>Quantidade: 500g<\/p>\n<p>Nome Cient\u00edfico: Theragra Chalcogramma<\/p>\n<p>Capturado no Pac\u00edfico Noroeste FAO61<\/p>\n<p>Arte de pesca: Redes de arrastar.<\/p>\n<p>Ingredientes: Paloco, sal e \u00e1gua.<\/p>\n<p>Declara\u00e7\u00e3o Nutricional: Energia: 265kj\/62kcal; L\u00edpidos:&lt;0,5g; dos quais \u00e1cidos gordos saturados:0,2g; Hidratos de Carbono: &lt;0,5g; dos quais A\u00e7ucares: &lt;0,5g; Prote\u00ednas: 15,6g; Sal: 1,04g.<\/p>\n<p>Cont\u00e9m peixe. Pode conter espinhas e vest\u00edgios de moluscos.<\/p>\n<p>Consumir ap\u00f3s confe\u00e7\u00e3o(tratamento t\u00e9rmico)<\/p>\n<p>Produto congelado- N\u00e3o voltar a congelar.<\/p>\n<p><strong>Conserva\u00e7\u00e3o:<\/strong> Conservar a -18\u00baC.<\/p>\n<h4>Como preparar migas de paloco<\/h4>\n<p>Sugest\u00e3o de receita<\/p>\n<h5>Migas de Paloco gratinadas com del\u00edcias do mar<\/h5>\n<p><strong>Ingredientes:<\/strong><\/p>\n<p><span class=\"wpurp-recipe-ingredient-quantity\" data-normalized=\"500\" data-fraction=\"\" data-original=\"500\">500<\/span>\u00a0<span class=\"wpurp-recipe-ingredient-unit\" data-original=\"g\">g<\/span> <span class=\"wpurp-recipe-ingredient-name\"><span class=\"wpurp-recipe-ingredient-name\"><a href=\"https:\/\/www.ateti.pt\/loja\/categoria\/congelados\/peixeemarisco\/\">Migas de Paloco Demolhadas Congeladas Neutura<br \/>\n<\/a><\/span><\/span><\/p>\n<p><span class=\"wpurp-recipe-ingredient-quantity\" data-normalized=\"120\" data-fraction=\"\" data-original=\"120\">120<\/span>\u00a0<span class=\"wpurp-recipe-ingredient-unit\" data-original=\"g\">g<\/span>\u00a0<span class=\"wpurp-recipe-ingredient-name\">de <a href=\"https:\/\/www.ateti.pt\/loja\/categoria\/congelados\/peixeemarisco\/\">del\u00edcias do mar<\/a><\/span><\/p>\n<p><span class=\"wpurp-recipe-ingredient-quantity\" data-normalized=\"800\" data-fraction=\"\" data-original=\"800\">800<\/span>\u00a0<span class=\"wpurp-recipe-ingredient-unit\" data-original=\"g\">g<\/span>\u00a0<span class=\"wpurp-recipe-ingredient-name\">de pur\u00e9 de batata<\/span><\/p>\n<p><span class=\"wpurp-recipe-ingredient-quantity\" data-normalized=\"1\" data-fraction=\"\" data-original=\"1\">1<\/span>\u00a0<span class=\"wpurp-recipe-ingredient-name\"><a href=\"https:\/\/www.ateti.pt\/loja\/categoria\/frutas-e-legumes\/legumes-frescos\/\">alho-franc\u00eas<\/a><\/span><\/p>\n<p><span class=\"wpurp-recipe-ingredient-quantity\" data-normalized=\"1\" data-fraction=\"\" data-original=\"1\">1<\/span>\u00a0<span class=\"wpurp-recipe-ingredient-name\"><a href=\"https:\/\/www.ateti.pt\/loja\/categoria\/frutas-e-legumes\/legumes-frescos\/\">cenoura<\/a><\/span><\/p>\n<p><span class=\"wpurp-recipe-ingredient-quantity\" data-normalized=\"2\" data-fraction=\"\" data-original=\"2\">2<\/span>\u00a0<span class=\"wpurp-recipe-ingredient-name\"><a href=\"https:\/\/www.ateti.pt\/loja\/categoria\/frutas-e-legumes\/legumes-frescos\/\">cebolas<\/a><\/span><\/p>\n<p><span class=\"wpurp-recipe-ingredient-quantity\" data-normalized=\"2\" data-fraction=\"\" data-original=\"2\">2<\/span>\u00a0<span class=\"wpurp-recipe-ingredient-name\"><a href=\"https:\/\/www.ateti.pt\/loja\/categoria\/frutas-e-legumes\/legumes-frescos\/\">dentes de alho<\/a><\/span><\/p>\n<p><span class=\"wpurp-recipe-ingredient-quantity\" data-normalized=\"50\" data-fraction=\"\" data-original=\"50\">50<\/span>\u00a0<span class=\"wpurp-recipe-ingredient-unit\" data-original=\"ml\">ml<\/span>\u00a0<span class=\"wpurp-recipe-ingredient-name\">de\u00a0<a href=\"https:\/\/www.ateti.pt\/loja\/categoria\/mercearia\/azeiteseoleos\/\">azeite<\/a><\/span><\/p>\n<p><span class=\"wpurp-recipe-ingredient-quantity\" data-normalized=\"2\" data-fraction=\"\" data-original=\"2\">2<\/span>\u00a0<span class=\"wpurp-recipe-ingredient-unit\" data-original=\"colheres (sopa)\">colheres (sopa)<\/span>\u00a0<span class=\"wpurp-recipe-ingredient-name\">de <a href=\"https:\/\/www.ateti.pt\/loja\/categoria\/mercearia\/temperos-e-molhos\/\">salsa picada<\/a><\/span><\/p>\n<p><span class=\"wpurp-recipe-ingredient-name\"><a href=\"https:\/\/www.ateti.pt\/loja\/categoria\/mercearia\/temperos-e-molhos\/\">Sal e pimenta<\/a> q.b<\/span><\/p>\n<p><span class=\"wpurp-recipe-ingredient-name\">Ovo batido para pincelar<\/span><\/p>\n<p><strong>Prepara\u00e7\u00e3o:<\/strong><\/p>\n<div class=\"wpurp-rows-row\">\n<div class=\"wpurp-rows\">\n<div class=\"wpurp-rows-row\">\n<div class=\"wpurp-recipe-instructions\">\n<div class=\"wpurp-recipe-instruction-group-container wpurp-recipe-instruction-group-container-\">\n<div class=\"wpurp-rows\">\n<div class=\"wpurp-rows-row\">\n<div class=\"wpurp-rows\">\n<div class=\"wpurp-rows-row\"><span class=\"wpurp-recipe-instruction-text\">1-Descasque as cebolas, corte-as em meias-luas e aloure-as num tacho com o azeite. Adicione os alhos picados, refogue-os ligeiramente, depois junte a cenoura ralada e o alho-franc\u00eas, cortado em rodelas finas, e misture.<\/span><\/div>\n<div><\/div>\n<\/div>\n<div class=\"wpurp-rows\">\n<div class=\"wpurp-rows-row\"><span class=\"wpurp-recipe-instruction-text\">2-Cozinhe mais um pouco, acrescente as migas, envolva e deixe cozinhar. Por fim, junte as del\u00edcias do mar, cortadas em peda\u00e7os, e a salsa picada. Tempere com sal e pimenta, mexa e retire do lume, quando estiver apuradinho.<\/span><\/div>\n<div><\/div>\n<\/div>\n<div class=\"wpurp-rows\">\n<div class=\"wpurp-rows-row\"><span class=\"wpurp-recipe-instruction-text\">3-Coloque metade do pur\u00e9 numa travessa de forno e espalhe-o at\u00e9 cobrir o fundo. Disponha o preparado de peixe por cima, espalhe novamente e cubra com o restante pur\u00e9. Pincele toda a superf\u00edcie com ovo batido e leve ao forno, pr\u00e9-aquecido a 180\u00bac, por cerca de 10 minutos. Sirva quente.<\/span><\/div>\n<div><\/div>\n<div>Bom apetite!<\/div>\n<div><\/div>\n<\/div>\n<div>Veja mais em <a href=\"https:\/\/neutura.pt\/\">Neutura<\/a><\/div>\n<div><\/div>\n<div>Veja mais em<a href=\"https:\/\/www.ateti.pt\/loja\/categoria\/congelados\/peixeemarisco\/\"> Peixe e Marisco congelado<\/a><\/div>\n<\/div>\n<\/div>\n<\/div>\n<\/div>\n<\/div>\n<\/div>\n<\/div>\n<div class=\"wpurp-rows-row\">\n<div class=\"wpurp-rows\">\n<div class=\"wpurp-rows-row\">\n<div class=\"wpurp-rows\">\n<div class=\"wpurp-rows-row\"><\/div>\n<\/div>\n<\/div>\n<\/div>\n<\/div>\n","protected":false},"excerpt":{"rendered":"<p>10.38\u20ac\/kg<\/p>\n","protected":false},"featured_media":34185,"comment_status":"closed","ping_status":"closed","template":"","meta":{"_themeisle_gutenberg_block_has_review":false},"product_brand":[],"product_cat":[589,177,181],"product_tag":[],"woo-feed-brand":[],"class_list":{"0":"post-13798","1":"product","2":"type-product","3":"status-publish","4":"has-post-thumbnail","6":"product_cat-bacalhau-congelado","7":"product_cat-congelados","8":"product_cat-peixeemarisco","9":"ts_product_brand-neutura","11":"first","12":"instock","13":"taxable","14":"shipping-taxable","15":"purchasable","16":"product-type-simple"},"_links":{"self":[{"href":"https:\/\/www.ateti.pt\/loja\/wp-json\/wp\/v2\/product\/13798","targetHints":{"allow":["GET"]}}],"collection":[{"href":"https:\/\/www.ateti.pt\/loja\/wp-json\/wp\/v2\/product"}],"about":[{"href":"https:\/\/www.ateti.pt\/loja\/wp-json\/wp\/v2\/types\/product"}],"replies":[{"embeddable":true,"href":"https:\/\/www.ateti.pt\/loja\/wp-json\/wp\/v2\/comments?post=13798"}],"wp:featuredmedia":[{"embeddable":true,"href":"https:\/\/www.ateti.pt\/loja\/wp-json\/wp\/v2\/media\/34185"}],"wp:attachment":[{"href":"https:\/\/www.ateti.pt\/loja\/wp-json\/wp\/v2\/media?parent=13798"}],"wp:term":[{"taxonomy":"product_brand","embeddable":true,"href":"https:\/\/www.ateti.pt\/loja\/wp-json\/wp\/v2\/product_brand?post=13798"},{"taxonomy":"product_cat","embeddable":true,"href":"https:\/\/www.ateti.pt\/loja\/wp-json\/wp\/v2\/product_cat?post=13798"},{"taxonomy":"product_tag","embeddable":true,"href":"https:\/\/www.ateti.pt\/loja\/wp-json\/wp\/v2\/product_tag?post=13798"},{"taxonomy":"woo-feed-brand","embeddable":true,"href":"https:\/\/www.ateti.pt\/loja\/wp-json\/wp\/v2\/woo-feed-brand?post=13798"}],"curies":[{"name":"wp","href":"https:\/\/api.w.org\/{rel}","templated":true}]}}