{"id":13790,"date":"2026-01-01T14:17:19","date_gmt":"2026-01-01T14:17:19","guid":{"rendered":"https:\/\/www.ateti.pt\/loja\/?post_type=product&#038;p=13790"},"modified":"2026-03-25T12:21:00","modified_gmt":"2026-03-25T12:21:00","slug":"santal-plus-maca-330ml","status":"publish","type":"product","link":"https:\/\/www.ateti.pt\/loja\/produto\/santal-plus-maca-330ml\/","title":{"rendered":"Sumo Plus Ma\u00e7\u00e3 330ml Santal"},"content":{"rendered":"<p><strong>Sumo Plus Ma\u00e7\u00e3 Santal<\/strong><\/p>\n<p>Santal \u00e9 sin\u00f3nimo de Qualidade, Inova\u00e7\u00e3o e Dedica\u00e7\u00e3o. O sabor e a mestria que vai muito al\u00e9m da fruta.<\/p>\n<p>Sumo Santal Plus Ma\u00e7\u00e3 330 ml n\u00e3o cont\u00e9m corantes, baixo em a\u00e7\u00facares e em calorias, e com vitaminas C e E. Vitamina C: contribui para o normal funcionamento do sistema imunit\u00e1rio; Vitamina E: contribui para a prote\u00e7\u00e3o das c\u00e9lulas contra oxida\u00e7\u00f5es indesej\u00e1ve. Sumo com aromas Naturais.<\/p>\n<p><strong>Quantidade:<\/strong> 330mL<\/p>\n<p>Bebida de sumo de ma\u00e7\u00e3 com leite e vitaminas C, E. Teor m\u00ednimo de sumo: 20%<\/p>\n<p><strong>Ingredientes<\/strong><\/p>\n<p>\u00c1gua, sumo de ma\u00e7\u00e3 proveniente de concentrado (20%), leite magro (10%), a\u00e7\u00facar, dextrose, estabilizador: pectina regulador de acidez: \u00e1cido c\u00edtrico, vitaminas C e E, aroma. A eventual concentra\u00e7\u00e3o de polpa \u00e9 t\u00edpica do produto. Conservar \u00e1 temperatura ambiente em local fresco e seco. Agitar antes de abrir e servir fresco. Ap\u00f3s abertura, conservar no frigor\u00edfico e consumir no prazo de 4 dias.<\/p>\n<p><strong>Valores nutricionais (100g):<\/strong> Energia: 178 kj\/42 kcal; Lip\u00eddos: 0g, dos quais saturados: 0g; hidratos de carbono: 10g, dos quais a\u00e7ucares: 9,8g; prote\u00ednas: 0,4; sal: 0,03g; vitamina C: 8mg; vitamina E: 2mg<\/p>\n<p>Veja mais em <a href=\"https:\/\/www.ateti.pt\/loja\/categoria\/bebidas\/sumos\/\">Sumos<\/a><\/p>\n","protected":false},"excerpt":{"rendered":"<p>3.00\u20ac\/l<\/p>\n","protected":false},"featured_media":35872,"comment_status":"closed","ping_status":"closed","template":"","meta":{"_themeisle_gutenberg_block_has_review":false},"product_brand":[],"product_cat":[158,159],"product_tag":[],"woo-feed-brand":[],"class_list":{"0":"post-13790","1":"product","2":"type-product","3":"status-publish","4":"has-post-thumbnail","6":"product_cat-bebidas","7":"product_cat-sumos","8":"ts_product_brand-santal","10":"first","11":"instock","12":"taxable","13":"shipping-taxable","14":"purchasable","15":"product-type-simple"},"_links":{"self":[{"href":"https:\/\/www.ateti.pt\/loja\/wp-json\/wp\/v2\/product\/13790","targetHints":{"allow":["GET"]}}],"collection":[{"href":"https:\/\/www.ateti.pt\/loja\/wp-json\/wp\/v2\/product"}],"about":[{"href":"https:\/\/www.ateti.pt\/loja\/wp-json\/wp\/v2\/types\/product"}],"replies":[{"embeddable":true,"href":"https:\/\/www.ateti.pt\/loja\/wp-json\/wp\/v2\/comments?post=13790"}],"wp:featuredmedia":[{"embeddable":true,"href":"https:\/\/www.ateti.pt\/loja\/wp-json\/wp\/v2\/media\/35872"}],"wp:attachment":[{"href":"https:\/\/www.ateti.pt\/loja\/wp-json\/wp\/v2\/media?parent=13790"}],"wp:term":[{"taxonomy":"product_brand","embeddable":true,"href":"https:\/\/www.ateti.pt\/loja\/wp-json\/wp\/v2\/product_brand?post=13790"},{"taxonomy":"product_cat","embeddable":true,"href":"https:\/\/www.ateti.pt\/loja\/wp-json\/wp\/v2\/product_cat?post=13790"},{"taxonomy":"product_tag","embeddable":true,"href":"https:\/\/www.ateti.pt\/loja\/wp-json\/wp\/v2\/product_tag?post=13790"},{"taxonomy":"woo-feed-brand","embeddable":true,"href":"https:\/\/www.ateti.pt\/loja\/wp-json\/wp\/v2\/woo-feed-brand?post=13790"}],"curies":[{"name":"wp","href":"https:\/\/api.w.org\/{rel}","templated":true}]}}