{"id":13787,"date":"2021-07-11T12:10:29","date_gmt":"2021-07-11T11:10:29","guid":{"rendered":"https:\/\/www.ateti.pt\/loja\/?post_type=product&#038;p=13787"},"modified":"2026-03-11T15:00:42","modified_gmt":"2026-03-11T15:00:42","slug":"mariscada-900g-congelada-neutura","status":"publish","type":"product","link":"https:\/\/www.ateti.pt\/loja\/produto\/mariscada-900g-congelada-neutura\/","title":{"rendered":"Mariscada Congelada Neutura 900g"},"content":{"rendered":"<h5>Mariscada Congelada Neutura 900g<\/h5>\n<p>Quantidade: 900g<\/p>\n<p><strong>Ingredientes:<\/strong> Del\u00edcias do mar- Surimi 25%(LUCIANO, capturado no Pac\u00edfico Centro-Oeste), a\u00e7\u00facar, humidificante (E451), amido de TRIGO, amido de batata, amido de milho, a\u00e7\u00facar, sal, extrato de CARANGUEJO (\u00e1gua, CARANGUEJO, maltodextrina, sal, a\u00e7\u00facar), aroma de CARANGUEJO, \u00f3leo de SOJA, regulador de acidez(E200), vinho de arroz (\u00e1gua de arroz, a\u00e7\u00facar), corantes(E120 e E160c), prote\u00edna de SOJA*<\/p>\n<p>Cont\u00e9m:<\/p>\n<p>-AMEIJOA-VIETNAMITA C\/casca-Meretrix Ivrata- Capturado no Pac\u00edfico Centro- Oeste por Dragas<\/p>\n<p>-Miolo de Mexilh\u00e3o-(MEXILH\u00c3O(Mytilus galloprovincialis), sal e \u00e1gua)- Produto de Aquicultura(Espanha)<\/p>\n<p>-Miolo de Camar\u00e3o-(CAMAR\u00c3O, (Parapenaeopsis stylifera), antioxidantes (E330, E331) e Corante(E160c) (Cont\u00e9m SULFITOS)- (Capturado no \u00cdndico Oeste por Redes de arrastar)<\/p>\n<p>&#8211; Camar\u00e3o Inteiro-(CAMAR\u00c3O(Penaeus vannamei), conservante (E223) (cont\u00e9m SULFITOS))- Produto de Aquicultura (Nova Zel\u00e2ndia)<\/p>\n<p>Alerg\u00e9nios: Pode conter vest\u00edgios de outros peixes, moluscos e crust\u00e1ceos.<\/p>\n<p>Valores nutricionais: Energia: 368kj\/87kcal; L\u00edpidos: 1.7g, dos quais saturados: 1.0g; Hidratos de carbono: 8g, dos quais a\u00e7\u00facares: \u00ab0.5g; Prote\u00ednas:10g; Sal: 1.1g.<\/p>\n<p>Produzido em Portugal<\/p>\n<p><strong>Conserva\u00e7\u00e3o:<\/strong> Manter a -18\u00baC.<\/p>\n<p>Uma vez\u00a0 descongelado, n\u00e3o voltar a congelar.<\/p>\n<h4>Como preparar Mariscada<\/h4>\n<p>Sugest\u00e3o de receita<\/p>\n<h5>Arroz de Marisco<\/h5>\n<p><strong>Ingredientes:\u00a0<\/strong><\/p>\n<div class=\"rdisc-left\">\n<div class=\"ingredients\">\n<div class=\"rd-ingredients mb10\">\n<div class=\"ingredients\">\n<p><label for=\"ilg-0\"><span class=\"ingredient-qty\" data-qty=\"1\">1<\/span> covete de <a href=\"https:\/\/www.ateti.pt\/loja\/categoria\/congelados\/peixeemarisco\/\">Mariscada Congelada Neutura 900g<\/a><\/label><\/p>\n<p><label for=\"ilg-1\"><span class=\"ingredient-qty\" data-qty=\"0.5\">0,5<\/span>\u00a0<a href=\"https:\/\/www.ateti.pt\/loja\/categoria\/frutas-e-legumes\/legumes-frescos\/\">pimento vermelho<\/a><\/label><\/p>\n<p><label for=\"ilg-2\"><span class=\"ingredient-qty\" data-qty=\"0.5\">0,5<\/span>\u00a0<a href=\"https:\/\/www.ateti.pt\/loja\/categoria\/frutas-e-legumes\/legumes-frescos\/\">pimento verde<\/a><\/label><\/p>\n<p><label for=\"ilg-3\"><span class=\"ingredient-qty\" data-qty=\"1\">1<\/span>\u00a0lata de\u00a0<a href=\"https:\/\/www.ateti.pt\/loja\/categoria\/mercearia\/conservas\/\">tomate\u00a0pelado em peda\u00e7os<\/a><\/label><\/p>\n<p><label for=\"ilg-4\"><span class=\"ingredient-qty\" data-qty=\"2\">2<\/span> colheres de sopa de <a href=\"https:\/\/www.ateti.pt\/loja\/categoria\/mercearia\/temperos-e-molhos\/\">polpa de tomate<\/a><\/label><\/p>\n<p><label for=\"ilg-5\"><span class=\"ingredient-qty\" data-qty=\"1\">1<\/span>\u00a0<a href=\"https:\/\/www.ateti.pt\/loja\/categoria\/frutas-e-legumes\/legumes-frescos\/\">cebola<\/a><\/label><\/p>\n<p><label for=\"ilg-6\"><span class=\"ingredient-qty\" data-qty=\"2\">2<\/span>\u00a0dentes de\u00a0<a href=\"https:\/\/www.ateti.pt\/loja\/categoria\/frutas-e-legumes\/legumes-frescos\/\">alho<\/a><\/label><\/p>\n<p><label for=\"ilg-7\"><span class=\"ingredient-qty\" data-qty=\"1\">1<\/span>\u00a0folha de\u00a0<a href=\"https:\/\/www.ateti.pt\/loja\/categoria\/mercearia\/temperos-e-molhos\/\">louro<\/a><\/label><\/p>\n<p><label for=\"ilg-8\"><span class=\"ingredient-qty\" data-qty=\"1\">1<\/span>\u00a0<a href=\"https:\/\/www.ateti.pt\/loja\/categoria\/mercearia\/temperos-e-molhos\/\">knorr de marisco<\/a><\/label><\/p>\n<p><label for=\"ilg-9\"><span class=\"ingredient-qty\" data-qty=\"300\">300<\/span>\u00a0g de <a href=\"https:\/\/www.ateti.pt\/loja\/categoria\/mercearia\/arrozemassas\/\">arroz<\/a><\/label><\/p>\n<p><label for=\"ilg-10\"><a href=\"https:\/\/www.ateti.pt\/loja\/categoria\/bebidas\/garrafeira\/\">Vinho branco<\/a> q.b.<\/label><\/p>\n<p><label for=\"ilg-11\"><a href=\"https:\/\/www.ateti.pt\/loja\/categoria\/mercearia\/azeiteseoleos\/\">Azeite<\/a> q.b<\/label><\/p>\n<p><label for=\"ilg-11\"><a href=\"https:\/\/www.ateti.pt\/loja\/categoria\/mercearia\/temperos-e-molhos\/\">Sal<\/a> q.b.<\/label><\/p>\n<p><label for=\"ilg-12\"><span class=\"ingredient-qty\" data-qty=\"0.5\">0,5<\/span>\u00a0malagueta<\/label><\/p>\n<\/div>\n<\/div>\n<\/div>\n<div class=\"materials\"><strong>Prepara\u00e7\u00e3o<\/strong><\/div>\n<\/div>\n<div class=\"rdisc-right\">\n<div class=\"rd-steps rd-step-list mb10\">\n<p>1-Descaque a cebola e os dentes de alho, pique-os e refogue-os em azeite juntamente com a folha de louro.<\/p>\n<p>2-Adicione-lhes os pimentos cortados em cubinhos, o tomate, a polpa de tomate, a malagueta e o knorr.<\/p>\n<p>3-Deixe refogar um pouco e refresque com o vinho. Junte o marisco e deixe refogar mais um pouco.<\/p>\n<p>4-Acrescente \u00e1gua at\u00e9 cobrir o marisco. Tempere com sal.<\/p>\n<p>5-Quando levantar fervura acrescente o arroz.<\/p>\n<p>6-Tape e coza em lume brando, cerca de 12 minutos.<\/p>\n<p>7-No final, retifique os temperos e polvilhe com coentros picados. Sirva de imediato.<\/p>\n<p>Bom apetite!<\/p>\n<p>Veja mais em <a href=\"https:\/\/www.ateti.pt\/loja\/categoria\/congelados\/peixeemarisco\/\">Peixe e Marisco Congelado<\/a><\/p>\n<p>Veja mais em <a href=\"https:\/\/neutura.pt\/\">Neutura<\/a><\/p>\n<\/div>\n<\/div>\n<p>&nbsp;<\/p>\n<p>&nbsp;<\/p>\n","protected":false},"excerpt":{"rendered":"<p>7.32\u20ac\/kg<\/p>\n","protected":false},"featured_media":32079,"comment_status":"closed","ping_status":"closed","template":"","meta":{"_themeisle_gutenberg_block_has_review":false},"product_brand":[],"product_cat":[177,181],"product_tag":[],"woo-feed-brand":[],"class_list":{"0":"post-13787","1":"product","2":"type-product","3":"status-publish","4":"has-post-thumbnail","6":"product_cat-congelados","7":"product_cat-peixeemarisco","8":"ts_product_brand-neutura","10":"first","11":"instock","12":"taxable","13":"shipping-taxable","14":"purchasable","15":"product-type-simple"},"_links":{"self":[{"href":"https:\/\/www.ateti.pt\/loja\/wp-json\/wp\/v2\/product\/13787","targetHints":{"allow":["GET"]}}],"collection":[{"href":"https:\/\/www.ateti.pt\/loja\/wp-json\/wp\/v2\/product"}],"about":[{"href":"https:\/\/www.ateti.pt\/loja\/wp-json\/wp\/v2\/types\/product"}],"replies":[{"embeddable":true,"href":"https:\/\/www.ateti.pt\/loja\/wp-json\/wp\/v2\/comments?post=13787"}],"wp:featuredmedia":[{"embeddable":true,"href":"https:\/\/www.ateti.pt\/loja\/wp-json\/wp\/v2\/media\/32079"}],"wp:attachment":[{"href":"https:\/\/www.ateti.pt\/loja\/wp-json\/wp\/v2\/media?parent=13787"}],"wp:term":[{"taxonomy":"product_brand","embeddable":true,"href":"https:\/\/www.ateti.pt\/loja\/wp-json\/wp\/v2\/product_brand?post=13787"},{"taxonomy":"product_cat","embeddable":true,"href":"https:\/\/www.ateti.pt\/loja\/wp-json\/wp\/v2\/product_cat?post=13787"},{"taxonomy":"product_tag","embeddable":true,"href":"https:\/\/www.ateti.pt\/loja\/wp-json\/wp\/v2\/product_tag?post=13787"},{"taxonomy":"woo-feed-brand","embeddable":true,"href":"https:\/\/www.ateti.pt\/loja\/wp-json\/wp\/v2\/woo-feed-brand?post=13787"}],"curies":[{"name":"wp","href":"https:\/\/api.w.org\/{rel}","templated":true}]}}