{"id":13767,"date":"2025-07-12T16:21:32","date_gmt":"2025-07-12T15:21:32","guid":{"rendered":"https:\/\/www.ateti.pt\/loja\/?post_type=product&#038;p=13767"},"modified":"2025-10-20T12:57:33","modified_gmt":"2025-10-20T11:57:33","slug":"um-bongo-8-frutos-3x200ml","status":"publish","type":"product","link":"https:\/\/www.ateti.pt\/loja\/produto\/um-bongo-8-frutos-3x200ml\/","title":{"rendered":"Sumo 8 Frutos 3x200mL Um Bongo"},"content":{"rendered":"<h5>Um Bongo 8 Frutos<\/h5>\n<p>Quantidade: 3x200mL<\/p>\n<div class=\"ingridients__item\">\n<p class=\"BrandonText-Bold nutritional-information__title\"><strong>Ingredientes:<\/strong><\/p>\n<p>Sumos de frutos \u00e0 base de concentrados (80%): ma\u00e7\u00e3 (39%), uva (23%), laranja (14%), anan\u00e1s (1,5%), maracuj\u00e1 (1,2%), goiaba (0,6%), manga (0,4%) e banana (0,3%) e \u00e1gua.<\/p>\n<\/div>\n<div class=\"ingridients__item\">\n<p class=\"BrandonText-Bold nutritional-information__title\"><strong>Declara\u00e7\u00e3o Nutricional<\/strong><\/p>\n<div class=\"ingridients__table\">\n<table width=\"100%\">\n<tbody>\n<tr>\n<th><\/th>\n<th>Por 100 ML<\/th>\n<th>Por\u00e7\u00e3o 200 ML<\/th>\n<\/tr>\n<tr>\n<td>Valor Energ\u00e9tico<\/td>\n<td>178 KJ (42 kcal)<\/td>\n<td>356 KJ (84 kcal)<\/td>\n<\/tr>\n<tr>\n<td>L\u00edpidos<\/td>\n<td>0g<\/td>\n<td>0g<\/td>\n<\/tr>\n<tr>\n<td>dos quais saturados<\/td>\n<td>0g<\/td>\n<td>0g<\/td>\n<\/tr>\n<tr>\n<td>Hidratos de Carbono<\/td>\n<td>9.90g<\/td>\n<td>20g<\/td>\n<\/tr>\n<tr>\n<td>dos quais a\u00e7\u00facares<\/td>\n<td>8.80g<\/td>\n<td>18g<\/td>\n<\/tr>\n<tr>\n<td>Fibra<\/td>\n<td>0.80g<\/td>\n<td>1.60g<\/td>\n<\/tr>\n<tr>\n<td>Prote\u00ednas<\/td>\n<td>&lt; 0.50g<\/td>\n<td>&lt; 0.50g<\/td>\n<\/tr>\n<tr>\n<td>Sal<\/td>\n<td>&lt; 0.01g<\/td>\n<td>0.02g<\/td>\n<\/tr>\n<\/tbody>\n<\/table>\n<div class=\"nutritional-information__legenda\"><\/div>\n<\/div>\n<\/div>\n<div class=\"ingridients__item\">\n<p><strong>Teor de frutos:<\/strong> no m\u00ednimo 80%.<\/p>\n<p>Veja mais em <a href=\"https:\/\/www.ateti.pt\/loja\/categoria\/bebidas\/sumos\/\">Sumos<\/a><\/p>\n<\/div>\n","protected":false},"excerpt":{"rendered":"<p>2.48\u20ac\/Litro<\/p>\n","protected":false},"featured_media":57319,"comment_status":"closed","ping_status":"closed","template":"","meta":{"_themeisle_gutenberg_block_has_review":false},"product_brand":[],"product_cat":[158,159],"product_tag":[],"woo-feed-brand":[],"class_list":{"0":"post-13767","1":"product","2":"type-product","3":"status-publish","4":"has-post-thumbnail","6":"product_cat-bebidas","7":"product_cat-sumos","8":"ts_product_brand-um-bongo","10":"first","11":"instock","12":"taxable","13":"shipping-taxable","14":"purchasable","15":"product-type-simple"},"_links":{"self":[{"href":"https:\/\/www.ateti.pt\/loja\/wp-json\/wp\/v2\/product\/13767","targetHints":{"allow":["GET"]}}],"collection":[{"href":"https:\/\/www.ateti.pt\/loja\/wp-json\/wp\/v2\/product"}],"about":[{"href":"https:\/\/www.ateti.pt\/loja\/wp-json\/wp\/v2\/types\/product"}],"replies":[{"embeddable":true,"href":"https:\/\/www.ateti.pt\/loja\/wp-json\/wp\/v2\/comments?post=13767"}],"wp:featuredmedia":[{"embeddable":true,"href":"https:\/\/www.ateti.pt\/loja\/wp-json\/wp\/v2\/media\/57319"}],"wp:attachment":[{"href":"https:\/\/www.ateti.pt\/loja\/wp-json\/wp\/v2\/media?parent=13767"}],"wp:term":[{"taxonomy":"product_brand","embeddable":true,"href":"https:\/\/www.ateti.pt\/loja\/wp-json\/wp\/v2\/product_brand?post=13767"},{"taxonomy":"product_cat","embeddable":true,"href":"https:\/\/www.ateti.pt\/loja\/wp-json\/wp\/v2\/product_cat?post=13767"},{"taxonomy":"product_tag","embeddable":true,"href":"https:\/\/www.ateti.pt\/loja\/wp-json\/wp\/v2\/product_tag?post=13767"},{"taxonomy":"woo-feed-brand","embeddable":true,"href":"https:\/\/www.ateti.pt\/loja\/wp-json\/wp\/v2\/woo-feed-brand?post=13767"}],"curies":[{"name":"wp","href":"https:\/\/api.w.org\/{rel}","templated":true}]}}