{"id":13728,"date":"2021-08-25T08:40:33","date_gmt":"2021-08-25T07:40:33","guid":{"rendered":"https:\/\/www.ateti.pt\/loja\/?post_type=product&#038;p=13728"},"modified":"2026-02-25T16:41:22","modified_gmt":"2026-02-25T16:41:22","slug":"compal-ananas-3x200ml","status":"publish","type":"product","link":"https:\/\/www.ateti.pt\/loja\/produto\/compal-ananas-3x200ml\/","title":{"rendered":"Sumo Anan\u00e1s 3x200mL Compal"},"content":{"rendered":"<p><strong>Compal Anan\u00e1s<\/strong><\/p>\n<p>Quantidade: 3x200mL<\/p>\n<div class=\"ingridients__item\">\n<p><strong>Ingredientes: <\/strong>Sumo de anan\u00e1s: \u00e0 base de concentrado, \u00e1gua, a\u00e7\u00facar, regulador de acidez: \u00e1cido c\u00edtrico e \u00e1cido asc\u00f3rbico (vitamina C).<\/p>\n<\/div>\n<div class=\"ingridients__item\">\n<p><strong>Valores nutricionais:<\/strong><\/p>\n<div class=\"ingridients__table\">\n<table width=\"100%\">\n<tbody>\n<tr>\n<th><\/th>\n<th>Por 100 ML<\/th>\n<th>Por\u00e7\u00e3o 200 ML<\/th>\n<\/tr>\n<tr>\n<td>Valor Energ\u00e9tico<\/td>\n<td>165 KJ (39 kcal)<\/td>\n<td>330 KJ (78 kcal)<\/td>\n<\/tr>\n<tr>\n<td>L\u00edpidos<\/td>\n<td>&lt; 0.50g<\/td>\n<td>&lt; 0.50g<\/td>\n<\/tr>\n<tr>\n<td>dos quais saturados<\/td>\n<td>&lt; 0.10g<\/td>\n<td>&lt; 0.10g<\/td>\n<\/tr>\n<tr>\n<td>Hidratos de Carbono<\/td>\n<td>9.50g<\/td>\n<td>19g<\/td>\n<\/tr>\n<tr>\n<td>dos quais a\u00e7\u00facares<\/td>\n<td>9.40g<\/td>\n<td>18.80g<\/td>\n<\/tr>\n<tr>\n<td>Prote\u00ednas<\/td>\n<td>&lt; 0.50g<\/td>\n<td>&lt; 0.50g<\/td>\n<\/tr>\n<tr>\n<td>Sal<\/td>\n<td>&lt; 0.01g<\/td>\n<td>0.01g<\/td>\n<\/tr>\n<tr>\n<td>Vitamina C<\/td>\n<td>6mg (7% VRN*)<\/td>\n<td>12mg (15% VRN*)<\/td>\n<\/tr>\n<\/tbody>\n<\/table>\n<div class=\"nutritional-information__legenda\">*Valor de Refer\u00eancia do Nutriente<\/div>\n<\/div>\n<\/div>\n<div class=\"ingridients__item\">\n<p class=\"BrandonText-Bold nutritional-information__title\"><strong>Conserva\u00e7\u00e3o:<\/strong> Uma vez aberto conservar no frigor\u00edfico.<\/p>\n<\/div>\n<div class=\"ingridients__item\">\n<p><strong>Teor de frutos:<\/strong> no m\u00ednimo 50%.<\/p>\n<p>Veja mais em <a href=\"https:\/\/www.ateti.pt\/loja\/categoria\/bebidas\/sumos\/\">Sumos<\/a><\/p>\n<\/div>\n","protected":false},"excerpt":{"rendered":"<p>2.65\u20ac\/Litro<\/p>\n","protected":false},"featured_media":33073,"comment_status":"closed","ping_status":"closed","template":"","meta":{"_themeisle_gutenberg_block_has_review":false},"product_brand":[],"product_cat":[158,159],"product_tag":[],"woo-feed-brand":[],"class_list":{"0":"post-13728","1":"product","2":"type-product","3":"status-publish","4":"has-post-thumbnail","6":"product_cat-bebidas","7":"product_cat-sumos","8":"ts_product_brand-compal","10":"first","11":"instock","12":"taxable","13":"shipping-taxable","14":"purchasable","15":"product-type-simple"},"_links":{"self":[{"href":"https:\/\/www.ateti.pt\/loja\/wp-json\/wp\/v2\/product\/13728","targetHints":{"allow":["GET"]}}],"collection":[{"href":"https:\/\/www.ateti.pt\/loja\/wp-json\/wp\/v2\/product"}],"about":[{"href":"https:\/\/www.ateti.pt\/loja\/wp-json\/wp\/v2\/types\/product"}],"replies":[{"embeddable":true,"href":"https:\/\/www.ateti.pt\/loja\/wp-json\/wp\/v2\/comments?post=13728"}],"wp:featuredmedia":[{"embeddable":true,"href":"https:\/\/www.ateti.pt\/loja\/wp-json\/wp\/v2\/media\/33073"}],"wp:attachment":[{"href":"https:\/\/www.ateti.pt\/loja\/wp-json\/wp\/v2\/media?parent=13728"}],"wp:term":[{"taxonomy":"product_brand","embeddable":true,"href":"https:\/\/www.ateti.pt\/loja\/wp-json\/wp\/v2\/product_brand?post=13728"},{"taxonomy":"product_cat","embeddable":true,"href":"https:\/\/www.ateti.pt\/loja\/wp-json\/wp\/v2\/product_cat?post=13728"},{"taxonomy":"product_tag","embeddable":true,"href":"https:\/\/www.ateti.pt\/loja\/wp-json\/wp\/v2\/product_tag?post=13728"},{"taxonomy":"woo-feed-brand","embeddable":true,"href":"https:\/\/www.ateti.pt\/loja\/wp-json\/wp\/v2\/woo-feed-brand?post=13728"}],"curies":[{"name":"wp","href":"https:\/\/api.w.org\/{rel}","templated":true}]}}