{"id":13633,"date":"2024-10-01T11:56:08","date_gmt":"2024-10-01T10:56:08","guid":{"rendered":"https:\/\/www.ateti.pt\/loja\/?post_type=product&#038;p=13633"},"modified":"2026-04-30T22:29:43","modified_gmt":"2026-04-30T21:29:43","slug":"nesquick-po-lata-390gr-nestle","status":"publish","type":"product","link":"https:\/\/www.ateti.pt\/loja\/produto\/nesquick-po-lata-390gr-nestle\/","title":{"rendered":"Nesquik em P\u00f3 Lata 390g Nestl\u00e9 (30-06-2026)"},"content":{"rendered":"<p><strong>Nesquik em P\u00f3 Lata Nestl\u00e9<\/strong><\/p>\n<p>Quantidade: 390g<\/p>\n<div style=\"text-align: justify\">NESQUIK\u00ae \u00e9 uma bebida deliciosa de que os seus filhos poder\u00e3o desfrutar como parte de um pequeno almo\u00e7o equilibrado. E \u00e9 muito f\u00e1cil de preparar, basta adicionar leite quente ou frio, e o resultado \u00e9 uma deliciosa bebida de textura suave e com o sabor a chocolate que as crian\u00e7as adoram.<\/div>\n<div style=\"text-align: justify\">Com NESQUIK\u00ae pode confiar que o seu filho toma um pequeno almo\u00e7o de que gosta enquanto obt\u00e9m nutrientes importantes para enfrentar o seu dia ativo na escola, sendo fundamental assegurar uma alimenta\u00e7\u00e3o variada e equilibrada e praticar atividade f\u00edsica de forma regular.<\/div>\n<div style=\"text-align: justify\">Al\u00e9m de nutritivo, o Achocolatado NESQUIK\u00ae \u00e9 tamb\u00e9m adequado para uma dieta sem gl\u00faten.<\/div>\n<div style=\"text-align: justify\">Come\u00e7ar o pequeno-almo\u00e7o com um copo de leite com chocolate NESQUIK\u00ae, al\u00e9m de uma importante fonte de prote\u00ednas e de c\u00e1lcio, ajuda a satisfazer cerca de 10% da necessidade di\u00e1ria de \u00e1gua, pois cada copo de leite cont\u00e9m mais de 85% de \u00e1gua.<\/div>\n<div><\/div>\n<div><strong>Ingredientes: <\/strong>A\u00e7\u00facar, Cacau* em p\u00f3 magro (23%), emulsionante (lecitina de\u00a0<strong>soja<\/strong>), sal, vitaminas (C e D), aroma natural e canela.<\/div>\n<div>\n<div class=\"field__item\">\n<div class=\"paragraph paragraph--type--titulo-paragrafo paragraph--view-mode--default\">\n<div class=\"titulo-paragrafo__field-titulo\">\n<p><strong>Prepara\u00e7\u00e3o: <\/strong>junta 2 colheres de sobremesa de NESQUIK a um copo de leite quente ou frio e diverte-te a beb\u00ea-lo ao teu pequeno-almo\u00e7o e lanche!<\/p>\n<\/div>\n<\/div>\n<\/div>\n<div class=\"field__item\">\n<div class=\"paragraph paragraph--type--titulo-paragrafo paragraph--view-mode--default\">\n<div class=\"titulo-paragrafo__field-titulo\">\n<p><strong>Conserva\u00e7\u00e3o: <\/strong>conservar embalagem bem fechada em local fresco e seco.<\/p>\n<p><strong>Declara\u00e7\u00e3o Nutricional: <\/strong>Energia: 386kcal; L\u00edpidos:3.6g, dos quais saturados: 1.6g; Hidratos de Carbono: 78.9g, dos quais a\u00e7\u00facares: 75.1g; Fibra: 7.7g; Prote\u00ednas: 5.1g; Sal:0.41g.<\/p>\n<p>Veja mais em <a href=\"https:\/\/www.ateti.pt\/loja\/categoria\/mercearia\/chocolates-biscoitos-e-cereais\/pequeno-almoco-e-cereais\/\">Pequeno-almo\u00e7o e cereais<\/a><\/p>\n<\/div>\n<\/div>\n<\/div>\n<\/div>\n","protected":false},"excerpt":{"rendered":"<p>6.90\u20ac\/kg<\/p>\n","protected":false},"featured_media":57194,"comment_status":"closed","ping_status":"closed","template":"","meta":{"_themeisle_gutenberg_block_has_review":false},"product_brand":[],"product_cat":[144,132,145,265],"product_tag":[],"woo-feed-brand":[],"class_list":{"0":"post-13633","1":"product","2":"type-product","3":"status-publish","4":"has-post-thumbnail","6":"product_cat-chocolates-biscoitos-e-cereais","7":"product_cat-mercearia","8":"product_cat-pequeno-almoco-e-cereais","9":"product_cat-promocoes-outlet-ate-50-desconto-supermercado-online-ate-ti","10":"ts_product_brand-nestle","12":"first","13":"instock","14":"sale","15":"taxable","16":"shipping-taxable","17":"purchasable","18":"product-type-simple"},"_links":{"self":[{"href":"https:\/\/www.ateti.pt\/loja\/wp-json\/wp\/v2\/product\/13633","targetHints":{"allow":["GET"]}}],"collection":[{"href":"https:\/\/www.ateti.pt\/loja\/wp-json\/wp\/v2\/product"}],"about":[{"href":"https:\/\/www.ateti.pt\/loja\/wp-json\/wp\/v2\/types\/product"}],"replies":[{"embeddable":true,"href":"https:\/\/www.ateti.pt\/loja\/wp-json\/wp\/v2\/comments?post=13633"}],"wp:featuredmedia":[{"embeddable":true,"href":"https:\/\/www.ateti.pt\/loja\/wp-json\/wp\/v2\/media\/57194"}],"wp:attachment":[{"href":"https:\/\/www.ateti.pt\/loja\/wp-json\/wp\/v2\/media?parent=13633"}],"wp:term":[{"taxonomy":"product_brand","embeddable":true,"href":"https:\/\/www.ateti.pt\/loja\/wp-json\/wp\/v2\/product_brand?post=13633"},{"taxonomy":"product_cat","embeddable":true,"href":"https:\/\/www.ateti.pt\/loja\/wp-json\/wp\/v2\/product_cat?post=13633"},{"taxonomy":"product_tag","embeddable":true,"href":"https:\/\/www.ateti.pt\/loja\/wp-json\/wp\/v2\/product_tag?post=13633"},{"taxonomy":"woo-feed-brand","embeddable":true,"href":"https:\/\/www.ateti.pt\/loja\/wp-json\/wp\/v2\/woo-feed-brand?post=13633"}],"curies":[{"name":"wp","href":"https:\/\/api.w.org\/{rel}","templated":true}]}}