{"id":13583,"date":"2021-10-03T18:25:32","date_gmt":"2021-10-03T17:25:32","guid":{"rendered":"https:\/\/www.ateti.pt\/loja\/?post_type=product&#038;p=13583"},"modified":"2025-10-23T15:20:01","modified_gmt":"2025-10-23T14:20:01","slug":"cafe-moido-cevada-delta-250gr","status":"publish","type":"product","link":"https:\/\/www.ateti.pt\/loja\/produto\/cafe-moido-cevada-delta-250gr\/","title":{"rendered":"Caf\u00e9 Mo\u00eddo Cevada 220g Delta"},"content":{"rendered":"<h5>Caf\u00e9 Mo\u00eddo Cevada Delta<\/h5>\n<p>Quantidade: 220g<\/p>\n<p>Veja mais em <a href=\"https:\/\/www.ateti.pt\/loja\/categoria\/cafe-moido-em-grao-e-soluvel\/\">Caf\u00e9 mo\u00eddo, sol\u00favel e em gr\u00e3o<\/a><\/p>\n","protected":false},"excerpt":{"rendered":"<p>4.95\u20ac\/kg<\/p>\n","protected":false},"featured_media":34001,"comment_status":"closed","ping_status":"closed","template":"","meta":{"_themeisle_gutenberg_block_has_review":false},"product_brand":[],"product_cat":[169,24,132],"product_tag":[],"woo-feed-brand":[763],"class_list":{"0":"post-13583","1":"product","2":"type-product","3":"status-publish","4":"has-post-thumbnail","6":"product_cat-cafe-moido","7":"product_cat-cafe-moido-em-grao-e-soluvel","8":"product_cat-mercearia","9":"ts_product_brand-delta","10":"woo-feed-brand-delta-cafes","12":"first","13":"instock","14":"taxable","15":"shipping-taxable","16":"purchasable","17":"product-type-simple"},"_links":{"self":[{"href":"https:\/\/www.ateti.pt\/loja\/wp-json\/wp\/v2\/product\/13583","targetHints":{"allow":["GET"]}}],"collection":[{"href":"https:\/\/www.ateti.pt\/loja\/wp-json\/wp\/v2\/product"}],"about":[{"href":"https:\/\/www.ateti.pt\/loja\/wp-json\/wp\/v2\/types\/product"}],"replies":[{"embeddable":true,"href":"https:\/\/www.ateti.pt\/loja\/wp-json\/wp\/v2\/comments?post=13583"}],"wp:featuredmedia":[{"embeddable":true,"href":"https:\/\/www.ateti.pt\/loja\/wp-json\/wp\/v2\/media\/34001"}],"wp:attachment":[{"href":"https:\/\/www.ateti.pt\/loja\/wp-json\/wp\/v2\/media?parent=13583"}],"wp:term":[{"taxonomy":"product_brand","embeddable":true,"href":"https:\/\/www.ateti.pt\/loja\/wp-json\/wp\/v2\/product_brand?post=13583"},{"taxonomy":"product_cat","embeddable":true,"href":"https:\/\/www.ateti.pt\/loja\/wp-json\/wp\/v2\/product_cat?post=13583"},{"taxonomy":"product_tag","embeddable":true,"href":"https:\/\/www.ateti.pt\/loja\/wp-json\/wp\/v2\/product_tag?post=13583"},{"taxonomy":"woo-feed-brand","embeddable":true,"href":"https:\/\/www.ateti.pt\/loja\/wp-json\/wp\/v2\/woo-feed-brand?post=13583"}],"curies":[{"name":"wp","href":"https:\/\/api.w.org\/{rel}","templated":true}]}}