{"id":13568,"date":"2024-10-01T11:41:51","date_gmt":"2024-10-01T10:41:51","guid":{"rendered":"https:\/\/www.ateti.pt\/loja\/?post_type=product&#038;p=13568"},"modified":"2026-03-19T15:17:31","modified_gmt":"2026-03-19T15:17:31","slug":"cafe-lote-chavena-moagem-maquina-delta-250gr","status":"publish","type":"product","link":"https:\/\/www.ateti.pt\/loja\/produto\/cafe-lote-chavena-moagem-maquina-delta-250gr\/","title":{"rendered":"Caf\u00e9 Lote Ch\u00e1vena Moagem M\u00e1quina 250g Delta"},"content":{"rendered":"<p><strong>Caf\u00e9 Lote Ch\u00e1vena Moagem M\u00e1quina Delta<\/strong><\/p>\n<p><strong>Quantidade:<\/strong> 250g<\/p>\n<p><strong>Descri\u00e7\u00e3o: <\/strong>O Caf\u00e9 Lote Ch\u00e1vena Moagem M\u00e1quina Delta 250g tem Um blend equilibrado que combina as mais distintas variedades de caf\u00e9, resultando numa bebida de excepcional qualidade, com um sabor marcante e arom\u00e1tico.<\/p>\n<p><strong>Conserva\u00e7\u00e3o do Caf\u00e9 em Gr\u00e3o<\/strong><\/p>\n<p>Escolha a moagem adequada \u00e0 sua m\u00e1quina:<br \/>\nSe vai utilizar a m\u00e1quina de filtro ou a m\u00e1quina de caf\u00e9 expresso deve obter uma moagem fina.<br \/>\nSe vai utilizar a cafeteira italiana ou bal\u00e3o deve obter uma moagem grossa.<\/p>\n<p>Veja mais em <a href=\"https:\/\/www.ateti.pt\/loja\/categoria\/cafe-moido-em-grao-e-soluvel\/\">Caf\u00e9 mo\u00eddo, em gr\u00e3o e sol\u00favel<\/a><\/p>\n","protected":false},"excerpt":{"rendered":"<p>11.8\u20ac\/Kg<\/p>\n","protected":false},"featured_media":56750,"comment_status":"closed","ping_status":"closed","template":"","meta":{"_themeisle_gutenberg_block_has_review":false},"product_brand":[],"product_cat":[169,24],"product_tag":[],"woo-feed-brand":[763],"class_list":{"0":"post-13568","1":"product","2":"type-product","3":"status-publish","4":"has-post-thumbnail","6":"product_cat-cafe-moido","7":"product_cat-cafe-moido-em-grao-e-soluvel","8":"ts_product_brand-delta","9":"woo-feed-brand-delta-cafes","11":"first","12":"instock","13":"sale","14":"taxable","15":"shipping-taxable","16":"purchasable","17":"product-type-simple"},"_links":{"self":[{"href":"https:\/\/www.ateti.pt\/loja\/wp-json\/wp\/v2\/product\/13568","targetHints":{"allow":["GET"]}}],"collection":[{"href":"https:\/\/www.ateti.pt\/loja\/wp-json\/wp\/v2\/product"}],"about":[{"href":"https:\/\/www.ateti.pt\/loja\/wp-json\/wp\/v2\/types\/product"}],"replies":[{"embeddable":true,"href":"https:\/\/www.ateti.pt\/loja\/wp-json\/wp\/v2\/comments?post=13568"}],"wp:featuredmedia":[{"embeddable":true,"href":"https:\/\/www.ateti.pt\/loja\/wp-json\/wp\/v2\/media\/56750"}],"wp:attachment":[{"href":"https:\/\/www.ateti.pt\/loja\/wp-json\/wp\/v2\/media?parent=13568"}],"wp:term":[{"taxonomy":"product_brand","embeddable":true,"href":"https:\/\/www.ateti.pt\/loja\/wp-json\/wp\/v2\/product_brand?post=13568"},{"taxonomy":"product_cat","embeddable":true,"href":"https:\/\/www.ateti.pt\/loja\/wp-json\/wp\/v2\/product_cat?post=13568"},{"taxonomy":"product_tag","embeddable":true,"href":"https:\/\/www.ateti.pt\/loja\/wp-json\/wp\/v2\/product_tag?post=13568"},{"taxonomy":"woo-feed-brand","embeddable":true,"href":"https:\/\/www.ateti.pt\/loja\/wp-json\/wp\/v2\/woo-feed-brand?post=13568"}],"curies":[{"name":"wp","href":"https:\/\/api.w.org\/{rel}","templated":true}]}}