{"id":13559,"date":"2021-02-02T15:38:18","date_gmt":"2021-02-02T14:38:18","guid":{"rendered":"https:\/\/www.ateti.pt\/loja\/?post_type=product&#038;p=13559"},"modified":"2026-01-27T15:25:26","modified_gmt":"2026-01-27T15:25:26","slug":"mokambo-bebida-soluvel-frasco-200gr","status":"publish","type":"product","link":"https:\/\/www.ateti.pt\/loja\/produto\/mokambo-bebida-soluvel-frasco-200gr\/","title":{"rendered":"Bebida Sol\u00favel Mokambo 200g Nestl\u00e9"},"content":{"rendered":"<p><strong>Bebida Sol\u00favel Cereais e Caf\u00e9 Mokambo Frasco<\/strong><\/p>\n<p>Quantidade: 200g<\/p>\n<p><strong>Descri\u00e7\u00e3o:\u00a0 <\/strong>De sabor \u00fanico e inconfund\u00edvel, MOKAMBO \u00e9 a combina\u00e7\u00e3o de cereais e caf\u00e9 que lidera as prefer\u00eancias de todos.<\/p>\n<p>A cevada, chic\u00f3ria e centeio d\u00e3o-lhe corpo e o sabor t\u00e3o reconfortante dos cereais, e o caf\u00e9 o efeito estimulante com que gostamos de come\u00e7ar um dia, com energia e otimismo.<\/p>\n<div>\n<div style=\"text-align: justify\">\n<p>CEREAIS E CAF\u00c9 PARA COME\u00c7AR O DIA COM OUTRA ENERGIA.<\/p>\n<p><strong>MOKAMBO<\/strong>\u00a0\u00e9 uma bebida de cereais com caf\u00e9, de sabor intenso, ideal para juntar ao leite logo pela manh\u00e3, para um pequeno-almo\u00e7o delicioso. Combina uma variedade de cereais com 20% de caf\u00e9, para come\u00e7ar o dia com energia.\u00a0<strong>MOKAMBO<\/strong>\u00a0\u00e9 fonte de fibra, tem ingredientes naturais e n\u00e3o cont\u00e9m gordura nem a\u00e7\u00facares adicionados, somente os naturalmente presentes nos cereais. Pode ser preparado com leite ou com \u00e1gua, de acordo com o seu gosto pessoal.<\/p>\n<p>Experimente e diga bom dia com\u00a0<strong>MOKAMBO<\/strong>!<\/p>\n<p>A gama de Bebidas de Cereais Nestl\u00e9 tem ainda, para al\u00e9m do\u00a0<strong>MOKAMBO<\/strong>, outras variedades com ou sem caf\u00e9, adequadas para tomar nos v\u00e1rios momentos do dia.<\/p>\n<\/div>\n<div style=\"text-align: justify\">Seja como parte de um pequeno-almo\u00e7o saud\u00e1vel, de um lanche a meio do dia, ou num momento reconfortante antes de dormir, estas bebidas s\u00e3o uma alternativa saborosa e nutritiva. Podem ser reconstitu\u00eddas com leite ou \u00e1gua, conforme a sua prefer\u00eancia. Conhe\u00e7a a gama e experimente a forma mais saborosa de beber cereais.<\/div>\n<div><\/div>\n<div>Produto nacional.<\/div>\n<div>Sem lactose.<\/div>\n<div>Sem leite.<\/div>\n<div><\/div>\n<div>\n<p><strong>Ingredientes:\u00a0<\/strong><\/p>\n<div class=\"field__item\">\n<div class=\"paragraph paragraph--type--titulo-paragrafo paragraph--view-mode--default\">\n<div class=\"titulo-paragrafo__field-paragrafo\">\n<p><strong>Cevada<\/strong>, chic\u00f3ria, caf\u00e9 (20%) e\u00a0<strong>centeio<\/strong>.<\/p>\n<\/div>\n<\/div>\n<\/div>\n<div class=\"field__item\">\n<div class=\"paragraph paragraph--type--titulo-paragrafo paragraph--view-mode--default\">\n<div class=\"titulo-paragrafo__field-titulo\">\n<p><strong>Prepara\u00e7\u00e3o:<\/strong><\/p>\n<p>1. Deitar duas colheres de ch\u00e1 de Mokambo numa caneca.<\/p>\n<\/div>\n<div class=\"titulo-paragrafo__field-paragrafo\"><\/div>\n<div class=\"titulo-paragrafo__field-paragrafo\">2. Juntar leite quente ou frio, ado\u00e7ar a gosto e mexer.<\/div>\n<\/div>\n<\/div>\n<div class=\"field__item\">\n<div class=\"paragraph paragraph--type--titulo-paragrafo paragraph--view-mode--default\">\n<div class=\"titulo-paragrafo__field-titulo\">\n<p><strong>Conserva\u00e7\u00e3o: <\/strong>conservar em local fresco e seco, consumir de prefer\u00eancia antes do fim da data especificada na embalagem.<\/p>\n<p>Valor nutricional: Energia: 351kcal; L\u00edpidos: 0.1g, dos quais saturados:0g; Hidratos de carbono: 77g, dos quais a\u00e7\u00facares: 10,7g; Fibra:5,7g; Prote\u00ednas:7,7g; Sal: 0.3g.<\/p>\n<\/div>\n<\/div>\n<\/div>\n<\/div>\n<\/div>\n<p>Veja mais <a href=\"https:\/\/www.ateti.pt\/loja\/categoria\/cafe-moido-em-grao-e-soluvel\/\">Caf\u00e9 mo\u00eddo, em gr\u00e3o e sol\u00favel<\/a><\/p>\n","protected":false},"excerpt":{"rendered":"<p>20.95\u20ac\/KG<\/p>\n","protected":false},"featured_media":78596,"comment_status":"closed","ping_status":"closed","template":"","meta":{"_themeisle_gutenberg_block_has_review":false},"product_brand":[],"product_cat":[24,171,132],"product_tag":[],"woo-feed-brand":[],"class_list":{"0":"post-13559","1":"product","2":"type-product","3":"status-publish","4":"has-post-thumbnail","6":"product_cat-cafe-moido-em-grao-e-soluvel","7":"product_cat-cafe-soluvel","8":"product_cat-mercearia","9":"ts_product_brand-aquafresh","10":"ts_product_brand-nestle","12":"first","13":"instock","14":"taxable","15":"shipping-taxable","16":"purchasable","17":"product-type-simple"},"_links":{"self":[{"href":"https:\/\/www.ateti.pt\/loja\/wp-json\/wp\/v2\/product\/13559","targetHints":{"allow":["GET"]}}],"collection":[{"href":"https:\/\/www.ateti.pt\/loja\/wp-json\/wp\/v2\/product"}],"about":[{"href":"https:\/\/www.ateti.pt\/loja\/wp-json\/wp\/v2\/types\/product"}],"replies":[{"embeddable":true,"href":"https:\/\/www.ateti.pt\/loja\/wp-json\/wp\/v2\/comments?post=13559"}],"wp:featuredmedia":[{"embeddable":true,"href":"https:\/\/www.ateti.pt\/loja\/wp-json\/wp\/v2\/media\/78596"}],"wp:attachment":[{"href":"https:\/\/www.ateti.pt\/loja\/wp-json\/wp\/v2\/media?parent=13559"}],"wp:term":[{"taxonomy":"product_brand","embeddable":true,"href":"https:\/\/www.ateti.pt\/loja\/wp-json\/wp\/v2\/product_brand?post=13559"},{"taxonomy":"product_cat","embeddable":true,"href":"https:\/\/www.ateti.pt\/loja\/wp-json\/wp\/v2\/product_cat?post=13559"},{"taxonomy":"product_tag","embeddable":true,"href":"https:\/\/www.ateti.pt\/loja\/wp-json\/wp\/v2\/product_tag?post=13559"},{"taxonomy":"woo-feed-brand","embeddable":true,"href":"https:\/\/www.ateti.pt\/loja\/wp-json\/wp\/v2\/woo-feed-brand?post=13559"}],"curies":[{"name":"wp","href":"https:\/\/api.w.org\/{rel}","templated":true}]}}