{"id":13534,"date":"2025-05-06T16:27:25","date_gmt":"2025-05-06T15:27:25","guid":{"rendered":"https:\/\/www.ateti.pt\/loja\/?post_type=product&#038;p=13534"},"modified":"2025-07-08T08:44:19","modified_gmt":"2025-07-08T07:44:19","slug":"oleo-alimentar-fula-1l","status":"publish","type":"product","link":"https:\/\/www.ateti.pt\/loja\/produto\/oleo-alimentar-fula-1l\/","title":{"rendered":"\u00d3leo Alimentar Fula 1L"},"content":{"rendered":"<p><strong>\u00d3leo Alimentar Fula<\/strong><\/p>\n<p>Quantidade: 1L<\/p>\n<p><strong>Descri\u00e7\u00e3o:\u00a0<\/strong><\/p>\n<p><strong>Fula<\/strong>\u00a0\u00e9 um \u00f3leo 100% vegetal de excepcional qualidade, que oferece os melhores resultados em todo o tipo de utiliza\u00e7\u00f5es.<\/p>\n<p>O\u00a0<strong>Fula<\/strong>\u00a0de sempre agora inclui \u00f3leos ess\u00eancias de ervas arom\u00e1ticas que\u00a0<strong>reduzem o cheiro a fritos.<\/strong><\/p>\n<p>Os cozinhados l\u00e1 em casa v\u00e3o continuar deliciosos, porque\u00a0<strong>Fula<\/strong>\u00a0n\u00e3o altera o sabor dos alimentos, mas agora j\u00e1 n\u00e3o tem de se preocupar com os cheiros desagrad\u00e1veis.<\/p>\n<p>9 em cada 10 consumidoras consideram que o\u00a0<strong>Fula<\/strong> \u00e9 de facto eficaz a evitar o cheiro a fritos em casa!<\/p>\n<p><strong>Principal utiliza\u00e7\u00e3o:<\/strong>\u00a0Fritar e temperar<\/p>\n<p><strong>Temperatura m\u00e1xima:<\/strong>\u00a0175\u00baC<\/p>\n<p><strong>Ingredientes:\u00a0<\/strong>\u00d3leo de girassol refinado, \u00f3leo de girassol com alto teor em \u00e1cido oleico refinado, \u00f3leo de milho refinado, aroma natural.<\/p>\n<p><strong>Declara\u00e7\u00e3o nutricional:<\/strong> Energia: 3397kj\/826kcal; L\u00edpidos: 92g, dos quais saturados: 10g; dos quais monoinsaturados: 28g; dos quais polinsaturados: 54g; Hidratos de Carbono:0g; dos quais a\u00e7\u00facares: 0g; Prote\u00ednas:0g; Sal:0g.<\/p>\n<p>Veja mais em <a href=\"https:\/\/www.ateti.pt\/loja\/categoria\/mercearia\/azeiteseoleos\/\">Azeites e \u00d3leos<\/a><\/p>\n<p>&nbsp;<\/p>\n","protected":false},"excerpt":{"rendered":"<p>2.39\u20ac\/Litro<\/p>\n<p>&nbsp;<\/p>\n","protected":false},"featured_media":57090,"comment_status":"closed","ping_status":"closed","template":"","meta":{"_themeisle_gutenberg_block_has_review":false},"product_brand":[],"product_cat":[156,891,132],"product_tag":[],"woo-feed-brand":[],"class_list":{"0":"post-13534","1":"product","2":"type-product","3":"status-publish","4":"has-post-thumbnail","6":"product_cat-azeiteseoleos","7":"product_cat-iva-zero","8":"product_cat-mercearia","9":"ts_product_brand-fula","11":"first","12":"instock","13":"taxable","14":"shipping-taxable","15":"purchasable","16":"product-type-simple"},"_links":{"self":[{"href":"https:\/\/www.ateti.pt\/loja\/wp-json\/wp\/v2\/product\/13534","targetHints":{"allow":["GET"]}}],"collection":[{"href":"https:\/\/www.ateti.pt\/loja\/wp-json\/wp\/v2\/product"}],"about":[{"href":"https:\/\/www.ateti.pt\/loja\/wp-json\/wp\/v2\/types\/product"}],"replies":[{"embeddable":true,"href":"https:\/\/www.ateti.pt\/loja\/wp-json\/wp\/v2\/comments?post=13534"}],"wp:featuredmedia":[{"embeddable":true,"href":"https:\/\/www.ateti.pt\/loja\/wp-json\/wp\/v2\/media\/57090"}],"wp:attachment":[{"href":"https:\/\/www.ateti.pt\/loja\/wp-json\/wp\/v2\/media?parent=13534"}],"wp:term":[{"taxonomy":"product_brand","embeddable":true,"href":"https:\/\/www.ateti.pt\/loja\/wp-json\/wp\/v2\/product_brand?post=13534"},{"taxonomy":"product_cat","embeddable":true,"href":"https:\/\/www.ateti.pt\/loja\/wp-json\/wp\/v2\/product_cat?post=13534"},{"taxonomy":"product_tag","embeddable":true,"href":"https:\/\/www.ateti.pt\/loja\/wp-json\/wp\/v2\/product_tag?post=13534"},{"taxonomy":"woo-feed-brand","embeddable":true,"href":"https:\/\/www.ateti.pt\/loja\/wp-json\/wp\/v2\/woo-feed-brand?post=13534"}],"curies":[{"name":"wp","href":"https:\/\/api.w.org\/{rel}","templated":true}]}}