{"id":13528,"date":"2022-06-10T16:21:46","date_gmt":"2022-06-10T15:21:46","guid":{"rendered":"https:\/\/www.ateti.pt\/loja\/?post_type=product&#038;p=13528"},"modified":"2025-11-12T14:51:46","modified_gmt":"2025-11-12T14:51:46","slug":"azeite-oliveira-da-serra-virgem-pet-0-75l-2","status":"publish","type":"product","link":"https:\/\/www.ateti.pt\/loja\/produto\/azeite-oliveira-da-serra-virgem-pet-0-75l-2\/","title":{"rendered":"Azeite Pet 750ml Serrata"},"content":{"rendered":"<p><strong>Azeite Pet Serrata<\/strong><\/p>\n<p><strong>Quantidade:<\/strong> 750ml<\/p>\n<p><strong>Descri\u00e7\u00e3o:<\/strong> Azeite constitu\u00eddo exclusivamente por azeites submetidos a um tratamento de refina\u00e7\u00e3o e por azeites obtidos diretamente de azeitonas.<\/p>\n<p><strong>Valores Nutricionais:\u00a0<\/strong>Energia: 3367kj\/819kcal; L\u00edpidos: 91g, dos quais aturados: 14g; Hidratos de carbono: 0g, dos quais a\u00e7\u00facares:0g; Prote\u00ednas:0g; Sal: 0g.<\/p>\n<p>Veja mais em<a href=\"https:\/\/www.ateti.pt\/loja\/categoria\/mercearia\/azeiteseoleos\/\"> Azeites e \u00d3leos<\/a><\/p>\n<p>&nbsp;<\/p>\n","protected":false},"excerpt":{"rendered":"<p>5.72\u20ac\/Litro<\/p>\n","protected":false},"featured_media":76967,"comment_status":"closed","ping_status":"closed","template":"","meta":{"_themeisle_gutenberg_block_has_review":false},"product_brand":[],"product_cat":[156,132],"product_tag":[],"woo-feed-brand":[],"class_list":{"0":"post-13528","1":"product","2":"type-product","3":"status-publish","4":"has-post-thumbnail","6":"product_cat-azeiteseoleos","7":"product_cat-mercearia","8":"ts_product_brand-serrata","10":"first","11":"instock","12":"taxable","13":"shipping-taxable","14":"purchasable","15":"product-type-simple"},"_links":{"self":[{"href":"https:\/\/www.ateti.pt\/loja\/wp-json\/wp\/v2\/product\/13528","targetHints":{"allow":["GET"]}}],"collection":[{"href":"https:\/\/www.ateti.pt\/loja\/wp-json\/wp\/v2\/product"}],"about":[{"href":"https:\/\/www.ateti.pt\/loja\/wp-json\/wp\/v2\/types\/product"}],"replies":[{"embeddable":true,"href":"https:\/\/www.ateti.pt\/loja\/wp-json\/wp\/v2\/comments?post=13528"}],"wp:featuredmedia":[{"embeddable":true,"href":"https:\/\/www.ateti.pt\/loja\/wp-json\/wp\/v2\/media\/76967"}],"wp:attachment":[{"href":"https:\/\/www.ateti.pt\/loja\/wp-json\/wp\/v2\/media?parent=13528"}],"wp:term":[{"taxonomy":"product_brand","embeddable":true,"href":"https:\/\/www.ateti.pt\/loja\/wp-json\/wp\/v2\/product_brand?post=13528"},{"taxonomy":"product_cat","embeddable":true,"href":"https:\/\/www.ateti.pt\/loja\/wp-json\/wp\/v2\/product_cat?post=13528"},{"taxonomy":"product_tag","embeddable":true,"href":"https:\/\/www.ateti.pt\/loja\/wp-json\/wp\/v2\/product_tag?post=13528"},{"taxonomy":"woo-feed-brand","embeddable":true,"href":"https:\/\/www.ateti.pt\/loja\/wp-json\/wp\/v2\/woo-feed-brand?post=13528"}],"curies":[{"name":"wp","href":"https:\/\/api.w.org\/{rel}","templated":true}]}}