{"id":13521,"date":"2025-12-07T09:20:31","date_gmt":"2025-12-07T09:20:31","guid":{"rendered":"https:\/\/www.ateti.pt\/loja\/?post_type=product&#038;p=13521"},"modified":"2026-02-04T16:26:12","modified_gmt":"2026-02-04T16:26:12","slug":"azeite-oliveira-da-serra-virgem-pet-0-75l","status":"publish","type":"product","link":"https:\/\/www.ateti.pt\/loja\/produto\/azeite-oliveira-da-serra-virgem-pet-0-75l\/","title":{"rendered":"Azeite Oliveira da Serra c\/Azeite Refinado Pet 750ml (28-02-2026)"},"content":{"rendered":"<p><strong>Azeite Oliveira da Serra c\/Azeite Refinado Pet<\/strong><\/p>\n<p>Quantidade: 750ml<\/p>\n<p><strong>Descri\u00e7\u00e3o: <\/strong>Este azeite possui um sabor extra suave ligeiramente adocicado, com uma quase impercet\u00edvel presen\u00e7a de notas amargas e picantes. Adequado para o uso culin\u00e1rio, em substitui\u00e7\u00e3o de outras gorduras. Substituir as gorduras saturadas por gorduras insaturadas na alimenta\u00e7\u00e3o contribui para a manuten\u00e7\u00e3o de n\u00edveis normais de colesterol no sangue.<\/p>\n<p>Azeite constitu\u00eddo exclusivamente por azeites submetidos a um tratamento de refina\u00e7\u00e3o e por azeites obtidos diretamente de azeitonas. O pl\u00e1stico escuro protege o azeite da luz garantindo que chega \u00e0 sua mesa nas melhores condi\u00e7\u00f5es.<\/p>\n<p><strong>Ideal para:\u00a0<\/strong>Fritar, e para todo o tipo de refogados e cozidos.<\/p>\n<p><strong>Valores nutricionais:\u00a0<\/strong>Energia: 3378kj\/822kcal; L\u00edpidos: 91g, dos quais saturados: 13g; dos quais monoinsaturados: 72g; dos quais polinsaturados:6g; Hidratos de carbono:0g, dos quais a\u00e7\u00facares:0g; Prote\u00ednas: 0g; Sal:0g.<\/p>\n<p>Veja mais em <a href=\"https:\/\/www.ateti.pt\/loja\/categoria\/mercearia\/azeiteseoleos\/\">Azeites e \u00d3leos<\/a><\/p>\n<p>&nbsp;<\/p>\n<p>&nbsp;<\/p>\n","protected":false},"excerpt":{"rendered":"<p>5.59\u20ac\/Litro<\/p>\n","protected":false},"featured_media":60797,"comment_status":"closed","ping_status":"closed","template":"","meta":{"_themeisle_gutenberg_block_has_review":false},"product_brand":[],"product_cat":[691,156,891,132,265],"product_tag":[],"woo-feed-brand":[],"class_list":{"0":"post-13521","1":"product","2":"type-product","3":"status-publish","4":"has-post-thumbnail","6":"product_cat-azeites-oleos","7":"product_cat-azeiteseoleos","8":"product_cat-iva-zero","9":"product_cat-mercearia","10":"product_cat-promocoes-outlet-ate-50-desconto-supermercado-online-ate-ti","11":"ts_product_brand-oliveira-da-serra","13":"first","14":"outofstock","15":"sale","16":"taxable","17":"shipping-taxable","18":"purchasable","19":"product-type-simple"},"_links":{"self":[{"href":"https:\/\/www.ateti.pt\/loja\/wp-json\/wp\/v2\/product\/13521","targetHints":{"allow":["GET"]}}],"collection":[{"href":"https:\/\/www.ateti.pt\/loja\/wp-json\/wp\/v2\/product"}],"about":[{"href":"https:\/\/www.ateti.pt\/loja\/wp-json\/wp\/v2\/types\/product"}],"replies":[{"embeddable":true,"href":"https:\/\/www.ateti.pt\/loja\/wp-json\/wp\/v2\/comments?post=13521"}],"wp:featuredmedia":[{"embeddable":true,"href":"https:\/\/www.ateti.pt\/loja\/wp-json\/wp\/v2\/media\/60797"}],"wp:attachment":[{"href":"https:\/\/www.ateti.pt\/loja\/wp-json\/wp\/v2\/media?parent=13521"}],"wp:term":[{"taxonomy":"product_brand","embeddable":true,"href":"https:\/\/www.ateti.pt\/loja\/wp-json\/wp\/v2\/product_brand?post=13521"},{"taxonomy":"product_cat","embeddable":true,"href":"https:\/\/www.ateti.pt\/loja\/wp-json\/wp\/v2\/product_cat?post=13521"},{"taxonomy":"product_tag","embeddable":true,"href":"https:\/\/www.ateti.pt\/loja\/wp-json\/wp\/v2\/product_tag?post=13521"},{"taxonomy":"woo-feed-brand","embeddable":true,"href":"https:\/\/www.ateti.pt\/loja\/wp-json\/wp\/v2\/woo-feed-brand?post=13521"}],"curies":[{"name":"wp","href":"https:\/\/api.w.org\/{rel}","templated":true}]}}