{"id":13492,"date":"2020-03-24T14:10:13","date_gmt":"2020-03-24T13:10:13","guid":{"rendered":"https:\/\/www.ateti.pt\/loja\/?post_type=product&#038;p=13492"},"modified":"2025-11-12T14:48:58","modified_gmt":"2025-11-12T14:48:58","slug":"azeite-gallo-tradicional-3lt","status":"publish","type":"product","link":"https:\/\/www.ateti.pt\/loja\/produto\/azeite-gallo-tradicional-3lt\/","title":{"rendered":"Azeite Tradicional Gallo 3L"},"content":{"rendered":"<p>Azeite Tradicional Gallo 3L<\/p>\n<p><strong>Quantidade:<\/strong>\u00a03L<\/p>\n<p><strong>Ingredientes:<\/strong><\/p>\n<p>Azeite &#8211; Cont\u00e9m azeite refinado e azeite virgem<\/p>\n<p><strong>Valores nutricionais por 100ml de produto:<\/strong><\/p>\n<p>Energia: 3367.00 kJ \/ 819.00 kcal; L\u00edpidos: 91.00 g, Dos quais \u00e1cidos gordos saturados: 14.00 g, Dos quais \u00e1cidos gordos monoinsaturados: 0.00 g, Dos quais \u00e1cidos gordos poliinsaturados: 0.00 g; Hidratos de carbono: 0.00 g, Dos quais a\u00e7\u00facares: 0.00 g; Prote\u00ednas: 0.00 g; Sal: 0.00 g<\/p>\n<p><strong>Informa\u00e7\u00f5es Gerais:<\/strong><\/p>\n<p>Deve conservar o seu Azeite Tradicional Gallo 3L ao abrigo do calor e num local seco<\/p>\n<p><strong>Sugest\u00e3o de receita de Bacalhau:<\/strong><\/p>\n<p>Ingredientes:<\/p>\n<ul>\n<li class=\"ingredient-wrapper\"><span class=\"ingredient-quantity\">1<\/span>\u00a0<a href=\"https:\/\/www.ateti.pt\/loja\/categoria\/frutas-e-legumes\/legumes-frescos\/\"><span class=\"ingredient-product\">cebola\u00a0<\/span><\/a><\/li>\n<li class=\"ingredient-wrapper\"><span class=\"ingredient-quantity\">2<\/span>\u00a0<a href=\"https:\/\/www.ateti.pt\/loja\/categoria\/frutas-e-legumes\/legumes-frescos\/\"><span class=\"ingredient-unit\">dentes de<\/span>\u00a0<span class=\"ingredient-product\">alho<\/span><\/a><\/li>\n<li class=\"ingredient-wrapper\"><span class=\"ingredient-quantity\">4<\/span>\u00a0<span class=\"ingredient-unit\">c. de sopa<\/span>\u00a0<a href=\"https:\/\/www.ateti.pt\/loja\/categoria\/mercearia\/azeiteseoleos\/\"><span class=\"ingredient-product\">azeite gallo<\/span><\/a><\/li>\n<li class=\"ingredient-wrapper\"><span class=\"ingredient-quantity\">600<\/span>\u00a0<span class=\"ingredient-unit\">g<\/span>\u00a0<a href=\"https:\/\/www.ateti.pt\/loja\/categoria\/frescos-e-congelados\/bacalhau\/\"><span class=\"ingredient-product\">bacalhau\u00a0<\/span><\/a><\/li>\n<li class=\"ingredient-wrapper\"><span class=\"ingredient-quantity\">200<\/span>\u00a0<span class=\"ingredient-unit\">g<\/span>\u00a0<a href=\"https:\/\/www.ateti.pt\/loja\/categoria\/mercearia\/aperitivos\/\"><span class=\"ingredient-product\">batata-palha<\/span><\/a><\/li>\n<li class=\"ingredient-wrapper\"><span class=\"ingredient-quantity\">6<\/span>\u00a0<span class=\"ingredient-product\">ovos M<\/span><\/li>\n<li class=\"ingredient-wrapper\"><span class=\"ingredient-quantity\">qb<\/span>\u00a0<span class=\"ingredient-product\">salsa picada<\/span><\/li>\n<li class=\"ingredient-wrapper\"><span class=\"ingredient-quantity\">50<\/span>\u00a0<span class=\"ingredient-unit\">g<\/span>\u00a0<a href=\"https:\/\/www.ateti.pt\/loja\/categoria\/mercearia\/aperitivos\/\"><span class=\"ingredient-product\">azeitonas pretas<\/span><\/a><\/li>\n<\/ul>\n<p>Prepara\u00e7\u00e3o:<\/p>\n<div class=\"instruction\"><span class=\"instruction-index\">1.\u00a0<\/span><span class=\"instruction-body\">Numa frigideira larga em lume brando, salteie a cebola \u00e0s rodelas e os dentes de alho esmagados no azeite.<\/span><\/div>\n<div class=\"instruction\"><span class=\"instruction-index\">2.\u00a0<\/span><span class=\"instruction-body\">Acrescente o bacalhau e as batatas-palha e misture bem. Deixe as batatas amolecerem um pouco.<\/span><\/div>\n<div class=\"instruction\"><span class=\"instruction-index\">3.\u00a0<\/span><span class=\"instruction-body\">Numa tigela, bata ligeiramente os ovos com um garfo.<\/span><\/div>\n<div class=\"instruction\"><span class=\"instruction-index\">4.\u00a0<\/span><span class=\"instruction-body\">Acrescente os ovos ao bacalhau e misture at\u00e9 estar bem ligado e os ovos estarem cozinhados.<\/span><\/div>\n<div class=\"instruction\"><span class=\"instruction-index\">5.\u00a0<\/span><span class=\"instruction-body\">Prove e afine os temperos. Sirva o bacalhau \u00e0 Br\u00e1s, salpicado com a salsa e as azeitonas.<\/span><\/div>\n<div><\/div>\n<div>Experimente esta receita e bom apetite!<\/div>\n<div>\n<p>&nbsp;<\/p>\n<p>Para ver mais produtos como este v\u00e1 a <a href=\"https:\/\/www.ateti.pt\/loja\/categoria\/ate-ti-negocios\/azeites-oleos\/\" target=\"_blank\" rel=\"noopener\">Azeites\/\u00d3leos<\/a> na Categoria At\u00e9 Ti Neg\u00f3cios.<\/p>\n<p>Pode ainda encontrar no At\u00e9 Ti produtos com descontos at\u00e9 50% na Categoria\u00a0<a href=\"https:\/\/www.ateti.pt\/loja\/categoria\/outlet-ate-50\/\" target=\"_blank\" rel=\"noopener\">Outlet ate 50%<\/a>.<\/p>\n<p>Fa\u00e7a as suas compras no seu supermercado online At\u00e9 Ti e receba a sua encomenda comodamente em casa, no trabalho ou onde quiser.<\/p>\n<\/div>\n<div><\/div>\n<div><\/div>\n<div class=\"nutrition-table\"><\/div>\n","protected":false},"excerpt":{"rendered":"<p>6.36\u20ac\/LT<\/p>\n","protected":false},"featured_media":57137,"comment_status":"closed","ping_status":"closed","template":"","meta":{"_themeisle_gutenberg_block_has_review":false},"product_brand":[],"product_cat":[542,250,691,156,891,132],"product_tag":[],"woo-feed-brand":[],"class_list":{"0":"post-13492","1":"product","2":"type-product","3":"status-publish","4":"has-post-thumbnail","6":"product_cat-alimentacao-office","7":"product_cat-ate-ti-negocios","8":"product_cat-azeites-oleos","9":"product_cat-azeiteseoleos","10":"product_cat-iva-zero","11":"product_cat-mercearia","12":"ts_product_brand-gallo","14":"first","15":"instock","16":"taxable","17":"shipping-taxable","18":"purchasable","19":"product-type-simple"},"_links":{"self":[{"href":"https:\/\/www.ateti.pt\/loja\/wp-json\/wp\/v2\/product\/13492","targetHints":{"allow":["GET"]}}],"collection":[{"href":"https:\/\/www.ateti.pt\/loja\/wp-json\/wp\/v2\/product"}],"about":[{"href":"https:\/\/www.ateti.pt\/loja\/wp-json\/wp\/v2\/types\/product"}],"replies":[{"embeddable":true,"href":"https:\/\/www.ateti.pt\/loja\/wp-json\/wp\/v2\/comments?post=13492"}],"wp:featuredmedia":[{"embeddable":true,"href":"https:\/\/www.ateti.pt\/loja\/wp-json\/wp\/v2\/media\/57137"}],"wp:attachment":[{"href":"https:\/\/www.ateti.pt\/loja\/wp-json\/wp\/v2\/media?parent=13492"}],"wp:term":[{"taxonomy":"product_brand","embeddable":true,"href":"https:\/\/www.ateti.pt\/loja\/wp-json\/wp\/v2\/product_brand?post=13492"},{"taxonomy":"product_cat","embeddable":true,"href":"https:\/\/www.ateti.pt\/loja\/wp-json\/wp\/v2\/product_cat?post=13492"},{"taxonomy":"product_tag","embeddable":true,"href":"https:\/\/www.ateti.pt\/loja\/wp-json\/wp\/v2\/product_tag?post=13492"},{"taxonomy":"woo-feed-brand","embeddable":true,"href":"https:\/\/www.ateti.pt\/loja\/wp-json\/wp\/v2\/woo-feed-brand?post=13492"}],"curies":[{"name":"wp","href":"https:\/\/api.w.org\/{rel}","templated":true}]}}