{"id":13487,"date":"2021-08-20T12:47:19","date_gmt":"2021-08-20T11:47:19","guid":{"rendered":"https:\/\/www.ateti.pt\/loja\/?post_type=product&#038;p=13487"},"modified":"2025-03-06T14:35:25","modified_gmt":"2025-03-06T14:35:25","slug":"feijao-vermelho-frasco-570gr-neutura","status":"publish","type":"product","link":"https:\/\/www.ateti.pt\/loja\/produto\/feijao-vermelho-frasco-570gr-neutura\/","title":{"rendered":"Feij\u00e3o Vermelho Frasco Neutura 570g"},"content":{"rendered":"<h5>Feij\u00e3o Vermelho Neutura<\/h5>\n<p>Quantidade: 570g<\/p>\n<p>Sugest\u00e3o de prepara\u00e7\u00e3o<\/p>\n<p>Frango estufado com feij\u00e3o vermelho<\/p>\n<div id=\"ingredientes\" class=\"col-lg-3 col-md-3\">\n<ul>\n<li>200 g de arroz basmati<\/li>\n<li>2 c. sopa de azeite<\/li>\n<li>1 cebola<\/li>\n<li>1 pimento vermelho<\/li>\n<li>390 g de tomate em peda\u00e7os<\/li>\n<li>400 g de feij\u00e3o vermelho cozido<\/li>\n<li>3 peitos de frango cozidos<\/li>\n<li>coentros q.b.<\/li>\n<\/ul>\n<div id=\"continente\">\n<div id=\"addToBasket\" data-source=\"\" data-medium=\"Parceiros\" data-campaign=\"\" data-content=\"\"><\/div>\n<\/div>\n<\/div>\n<div id=\"preparacao\" class=\"col-lg-9 col-md-9\">\n<h4>Prepara\u00e7\u00e3o<\/h4>\n<ul>\n<li>Coza o arroz de acordo com as instru\u00e7\u00f5es da embalagem.<\/li>\n<li>Escorra-o e reserve.<\/li>\n<li>Numa frigideira, coloque o azeite, a cebola picada e o pimento laminado e cozinhe por 5 minutos.<\/li>\n<li>Adicione o tomate em peda\u00e7os e o feij\u00e3o, envolva e cozinhe por 5 minutos.<\/li>\n<li>Junte o frango desfiado, envolva, e deixe cozinhar por mais 5 minutos.<\/li>\n<li>Sirva o estufado polvilhado com coentros picados e acompanhe com o arroz<\/li>\n<\/ul>\n<p>Bom apetite!<\/p>\n<p>Veja mais em <a href=\"https:\/\/www.ateti.pt\/loja\/categoria\/mercearia\/leguminosas\/\">Leguminosas<\/a><\/p>\n<\/div>\n","protected":false},"excerpt":{"rendered":"<p>1.56\u20ac\/KG<\/p>\n","protected":false},"featured_media":63589,"comment_status":"closed","ping_status":"closed","template":"","meta":{"_themeisle_gutenberg_block_has_review":false},"product_brand":[],"product_cat":[199,196,132],"product_tag":[],"woo-feed-brand":[],"class_list":{"0":"post-13487","1":"product","2":"type-product","3":"status-publish","4":"has-post-thumbnail","6":"product_cat-frascos-e-latas","7":"product_cat-leguminosas","8":"product_cat-mercearia","9":"ts_product_brand-neutura","11":"first","12":"instock","13":"taxable","14":"shipping-taxable","15":"purchasable","16":"product-type-simple"},"_links":{"self":[{"href":"https:\/\/www.ateti.pt\/loja\/wp-json\/wp\/v2\/product\/13487","targetHints":{"allow":["GET"]}}],"collection":[{"href":"https:\/\/www.ateti.pt\/loja\/wp-json\/wp\/v2\/product"}],"about":[{"href":"https:\/\/www.ateti.pt\/loja\/wp-json\/wp\/v2\/types\/product"}],"replies":[{"embeddable":true,"href":"https:\/\/www.ateti.pt\/loja\/wp-json\/wp\/v2\/comments?post=13487"}],"wp:featuredmedia":[{"embeddable":true,"href":"https:\/\/www.ateti.pt\/loja\/wp-json\/wp\/v2\/media\/63589"}],"wp:attachment":[{"href":"https:\/\/www.ateti.pt\/loja\/wp-json\/wp\/v2\/media?parent=13487"}],"wp:term":[{"taxonomy":"product_brand","embeddable":true,"href":"https:\/\/www.ateti.pt\/loja\/wp-json\/wp\/v2\/product_brand?post=13487"},{"taxonomy":"product_cat","embeddable":true,"href":"https:\/\/www.ateti.pt\/loja\/wp-json\/wp\/v2\/product_cat?post=13487"},{"taxonomy":"product_tag","embeddable":true,"href":"https:\/\/www.ateti.pt\/loja\/wp-json\/wp\/v2\/product_tag?post=13487"},{"taxonomy":"woo-feed-brand","embeddable":true,"href":"https:\/\/www.ateti.pt\/loja\/wp-json\/wp\/v2\/woo-feed-brand?post=13487"}],"curies":[{"name":"wp","href":"https:\/\/api.w.org\/{rel}","templated":true}]}}