{"id":13468,"date":"2020-03-24T08:57:08","date_gmt":"2020-03-24T07:57:08","guid":{"rendered":"https:\/\/www.ateti.pt\/loja\/?post_type=product&#038;p=13468"},"modified":"2025-07-31T15:07:01","modified_gmt":"2025-07-31T14:07:01","slug":"agua-frize-limao-pack4-250ml","status":"publish","type":"product","link":"https:\/\/www.ateti.pt\/loja\/produto\/agua-frize-limao-pack4-250ml\/","title":{"rendered":"\u00c1gua Frize Lim\u00e3o Pack4 250mL"},"content":{"rendered":"<h5>\u00c1gua Frize Lim\u00e3o<\/h5>\n<p>O sabor \u00fanico e refrescante do lim\u00e3o veio inaugurar o territ\u00f3rio de prazer nas \u00e1guas com g\u00e1s. Feita \u00e0 base de \u00e1gua mineral natural, \u00e9 o equil\u00edbrio perfeito de do\u00e7ura, n\u00edvel de g\u00e1s (100% natural) e frescura numa bebida de baixo valor cal\u00f3rico.<\/p>\n<p>Quantidade: 4x250mL (1L)<\/p>\n<p><strong>Ingredientes:<\/strong><\/p>\n<div id=\"ingredientStatement\"><span id=\"ingredientStatement\">\u00c1gua mineral natural Frize (98,5%), sumo de ma\u00e7\u00e3: \u00e0 base de concentrado, regulador de acidez: \u00e1cido c\u00edtrico, aromas de lim\u00e3o, conservante: benzoato de s\u00f3dio e edulcorante: sucralose.<\/span><\/div>\n<div><\/div>\n<div><strong>Valores nutricionais:\u00a0<\/strong>Energia: 5kj\/1kcal; Sal: 0.15g.<\/div>\n<div><\/div>\n<div><strong>Conserva\u00e7\u00e3o:\u00a0<\/strong>Manter em lugar fresco e seco, ao abrigo da luz solar e de cheiros intensos.<\/div>\n<div><\/div>\n<div>Veja mais em <a href=\"https:\/\/www.ateti.pt\/loja\/categoria\/bebidas\/aguas\/\">\u00c1guas<\/a><\/div>\n","protected":false},"excerpt":{"rendered":"<p>2,65\u20ac\/LT<\/p>\n","protected":false},"featured_media":57317,"comment_status":"closed","ping_status":"closed","template":"","meta":{"_themeisle_gutenberg_block_has_review":false},"product_brand":[],"product_cat":[162,158],"product_tag":[],"woo-feed-brand":[],"class_list":{"0":"post-13468","1":"product","2":"type-product","3":"status-publish","4":"has-post-thumbnail","6":"product_cat-aguas","7":"product_cat-bebidas","8":"ts_product_brand-frize","10":"first","11":"instock","12":"taxable","13":"shipping-taxable","14":"purchasable","15":"product-type-simple"},"_links":{"self":[{"href":"https:\/\/www.ateti.pt\/loja\/wp-json\/wp\/v2\/product\/13468","targetHints":{"allow":["GET"]}}],"collection":[{"href":"https:\/\/www.ateti.pt\/loja\/wp-json\/wp\/v2\/product"}],"about":[{"href":"https:\/\/www.ateti.pt\/loja\/wp-json\/wp\/v2\/types\/product"}],"replies":[{"embeddable":true,"href":"https:\/\/www.ateti.pt\/loja\/wp-json\/wp\/v2\/comments?post=13468"}],"wp:featuredmedia":[{"embeddable":true,"href":"https:\/\/www.ateti.pt\/loja\/wp-json\/wp\/v2\/media\/57317"}],"wp:attachment":[{"href":"https:\/\/www.ateti.pt\/loja\/wp-json\/wp\/v2\/media?parent=13468"}],"wp:term":[{"taxonomy":"product_brand","embeddable":true,"href":"https:\/\/www.ateti.pt\/loja\/wp-json\/wp\/v2\/product_brand?post=13468"},{"taxonomy":"product_cat","embeddable":true,"href":"https:\/\/www.ateti.pt\/loja\/wp-json\/wp\/v2\/product_cat?post=13468"},{"taxonomy":"product_tag","embeddable":true,"href":"https:\/\/www.ateti.pt\/loja\/wp-json\/wp\/v2\/product_tag?post=13468"},{"taxonomy":"woo-feed-brand","embeddable":true,"href":"https:\/\/www.ateti.pt\/loja\/wp-json\/wp\/v2\/woo-feed-brand?post=13468"}],"curies":[{"name":"wp","href":"https:\/\/api.w.org\/{rel}","templated":true}]}}