{"id":13426,"date":"2020-03-23T16:15:05","date_gmt":"2020-03-23T15:15:05","guid":{"rendered":"https:\/\/www.ateti.pt\/loja\/?post_type=product&#038;p=13426"},"modified":"2026-01-06T16:24:04","modified_gmt":"2026-01-06T16:24:04","slug":"molho-bechamel-parmalat-500ml","status":"publish","type":"product","link":"https:\/\/www.ateti.pt\/loja\/produto\/molho-bechamel-parmalat-500ml\/","title":{"rendered":"Molho Bechamel 500ml Parmalat"},"content":{"rendered":"<p><strong>Molho Bechamel Parmalat<\/strong><\/p>\n<p>Quantidade: 500mL<\/p>\n<p style=\"font-weight: 300\">O B\u00e9chamel, j\u00e1 pronto a usar foi lan\u00e7ado no mercado portugu\u00eas, em primeiro lugar, pela Parmalat.<\/p>\n<p style=\"font-weight: 300\">\u00c9 elaborado a partir de uma receita muito semelhante \u00e0 tradicional mas cont\u00e9m nata que lhe confere um sabor ainda mais delicado.<\/p>\n<p style=\"font-weight: 300\">O B\u00e9chamel Parmalat \u00e9 pr\u00e1tico e funcional, suave, macio e sem grumos sendo ideal para preparar e gratinar os mais variados pratos de peixe, carne, massas, lasanhas, legumes ou sobremesas.<\/p>\n<p style=\"font-weight: 300\">O B\u00e9chamel Parmalat est\u00e1 sempre pronto para quando necessitar de cozinhar algo de diferente e requintado, com a garantia do resultado e com a vantagem de n\u00e3o ter de se preocupar com a sua prepara\u00e7\u00e3o.<\/p>\n<p style=\"font-weight: 300\">Sobra mais tempo para si e para se dedicar ao que lhe d\u00e1 mais prazer!<\/p>\n<p style=\"text-align: justify\">O B\u00e9chamel Parmalat encontra-se dispon\u00edvel na embalagem de 500ml, para uma utiliza\u00e7\u00e3o familiar.<\/p>\n<p><b><strong>Ingredientes: <\/strong><\/b><em><b><strong>LEITE<\/strong><\/b><\/em>,\u00a0<em><b><strong>NATA<\/strong><\/b><\/em>, farinha de\u00a0<em><b><strong>TRIGO<\/strong><\/b><\/em>, amido de milho e sal.<\/p>\n<p><strong>Valores nutricionais:\u00a0<\/strong>Energia: 680kj\/163kcal; L\u00edpidos: 10g, dos quais saturados: 6.8g; Hidratos de Carbono: 14.5g, dos quais a\u00e7\u00facares:3.1g; Fibra:0.3g; Prote\u00ednas: 3.6g; Sal:0.75g.<\/p>\n<p>Sugest\u00e3o de receita<\/p>\n<h5>Salm\u00e3o gratinado com molho bechamel<\/h5>\n<p><strong>Ingredientes:<\/strong><\/p>\n<div>\n<p>800 g de lombos de salm\u00e3o<\/p>\n<p>3 dentes de alho(s)<\/p>\n<div>1 sumo de lim\u00e3o (sumo)<\/div>\n<div><\/div>\n<div>1 c. de sopa de salsa picada<\/div>\n<div><\/div>\n<div>1 c. de caf\u00e9 de aneto<\/div>\n<div><\/div>\n<div>1 pacote molho bechamel parmalat<\/div>\n<div><\/div>\n<div>3 c. de sopa de p\u00e3o ralado<\/div>\n<div><\/div>\n<div>1 c. de sopa de am\u00eandoa mo\u00edda<\/div>\n<div><\/div>\n<div>1 pitada de paprica<\/div>\n<div><\/div>\n<div>30 ml de azeite<\/div>\n<div><\/div>\n<div>sal q.b.<\/div>\n<div><\/div>\n<div>Pimenta preta q.b.<\/div>\n<div><\/div>\n<\/div>\n<div><\/div>\n<div><strong>Prepara\u00e7\u00e3o:<\/strong><\/div>\n<div>\n<p>1. Temperar o salm\u00e3o, numa ta\u00e7a, com sal, pimenta, os dentes de alho bem picados e o sumo de lim\u00e3o. Tapar e deixar a tomar sabor durante aproximadamente 20 minutos.<\/p>\n<p>2. Numa ta\u00e7a misturar o p\u00e3o ralado com a am\u00eandoa e a paprica.<\/p>\n<p>3. Regar um tabuleiro de forno com o azeite. Por cima dispor os lombos de salm\u00e3o.<\/p>\n<p>4. Polvilhar o peixe com a salsa e o aneto. Regar com B\u00e9chamel Parmalat e polvilhar com a mistura de p\u00e3o ralado.<\/p>\n<p>5. Levar ao forno pr\u00e9-aquecido a 200\u00baC durante 20 minutos. De seguida, deixar gratinar durante 5 minutos na op\u00e7\u00e3o grill.<\/p>\n<\/div>\n<div><\/div>\n<div>Bom apetite!<\/div>\n<div>Veja mais em <a href=\"https:\/\/www.ateti.pt\/loja\/categoria\/mercearia\/laticinios\/\">Latic\u00ednios<\/a><\/div>\n","protected":false},"excerpt":{"rendered":"<p>5.38\u20ac\/Litro<\/p>\n","protected":false},"featured_media":57251,"comment_status":"closed","ping_status":"closed","template":"","meta":{"_themeisle_gutenberg_block_has_review":false},"product_brand":[],"product_cat":[157,132],"product_tag":[],"woo-feed-brand":[],"class_list":{"0":"post-13426","1":"product","2":"type-product","3":"status-publish","4":"has-post-thumbnail","6":"product_cat-laticinios","7":"product_cat-mercearia","8":"ts_product_brand-parmalat","10":"first","11":"instock","12":"taxable","13":"shipping-taxable","14":"purchasable","15":"product-type-simple"},"_links":{"self":[{"href":"https:\/\/www.ateti.pt\/loja\/wp-json\/wp\/v2\/product\/13426","targetHints":{"allow":["GET"]}}],"collection":[{"href":"https:\/\/www.ateti.pt\/loja\/wp-json\/wp\/v2\/product"}],"about":[{"href":"https:\/\/www.ateti.pt\/loja\/wp-json\/wp\/v2\/types\/product"}],"replies":[{"embeddable":true,"href":"https:\/\/www.ateti.pt\/loja\/wp-json\/wp\/v2\/comments?post=13426"}],"wp:featuredmedia":[{"embeddable":true,"href":"https:\/\/www.ateti.pt\/loja\/wp-json\/wp\/v2\/media\/57251"}],"wp:attachment":[{"href":"https:\/\/www.ateti.pt\/loja\/wp-json\/wp\/v2\/media?parent=13426"}],"wp:term":[{"taxonomy":"product_brand","embeddable":true,"href":"https:\/\/www.ateti.pt\/loja\/wp-json\/wp\/v2\/product_brand?post=13426"},{"taxonomy":"product_cat","embeddable":true,"href":"https:\/\/www.ateti.pt\/loja\/wp-json\/wp\/v2\/product_cat?post=13426"},{"taxonomy":"product_tag","embeddable":true,"href":"https:\/\/www.ateti.pt\/loja\/wp-json\/wp\/v2\/product_tag?post=13426"},{"taxonomy":"woo-feed-brand","embeddable":true,"href":"https:\/\/www.ateti.pt\/loja\/wp-json\/wp\/v2\/woo-feed-brand?post=13426"}],"curies":[{"name":"wp","href":"https:\/\/api.w.org\/{rel}","templated":true}]}}