{"id":13373,"date":"2026-03-12T09:20:54","date_gmt":"2026-03-12T09:20:54","guid":{"rendered":"https:\/\/www.ateti.pt\/loja\/?post_type=product&#038;p=13373"},"modified":"2026-03-30T12:56:33","modified_gmt":"2026-03-30T11:56:33","slug":"sumo-ananas-1-5lt-sumol","status":"publish","type":"product","link":"https:\/\/www.ateti.pt\/loja\/produto\/sumo-ananas-1-5lt-sumol\/","title":{"rendered":"Sumo Anan\u00e1s 1,5L Sumol (30-04-2026)"},"content":{"rendered":"<p><strong>Sumol Anan\u00e1s<\/strong><\/p>\n<p>Quantidade: 1,5L<\/p>\n<p><strong>Valores nutricionais:<\/strong> Energia: 127kj\/30kcal; L\u00edpidos: 0g, dos quais saturados: 0g; Hidratos de carbono: 7.5g, dos quais a\u00e7\u00facares: 7.4g; Prote\u00ednas: 0g; Sal: 0.01g.<\/p>\n<p><strong>Ingredientes:<\/strong> \u00e1gua e di\u00f3xido de carbono, sumo e polpa de anan\u00e1s proveniente de concentrado, a\u00e7\u00facar, aromas, reguladores de acidez: \u00e1cido c\u00edtrico, \u00e1cido m\u00e1lico e citrato de s\u00f3dio, conservante: sorbato de pot\u00e1ssio, antioxidante: \u00e1cido asc\u00f3rbico, edulcorante: sucralose e estabilizadores: goma ar\u00e1bica e \u00e9steres de glicerol de colof\u00f3nia.<\/p>\n<p><strong>Conserva\u00e7\u00e3o: <\/strong>Proteger da luz e do calor.<\/p>\n<p>Veja mais em <a href=\"https:\/\/www.ateti.pt\/loja\/categoria\/bebidas\/sumos\/\">Sumos<\/a><\/p>\n","protected":false},"excerpt":{"rendered":"<p>0.9\u20ac\/Litro<\/p>\n","protected":false},"featured_media":56957,"comment_status":"closed","ping_status":"closed","template":"","meta":{"_themeisle_gutenberg_block_has_review":false},"product_brand":[],"product_cat":[158,265,159],"product_tag":[],"woo-feed-brand":[],"class_list":{"0":"post-13373","1":"product","2":"type-product","3":"status-publish","4":"has-post-thumbnail","6":"product_cat-bebidas","7":"product_cat-promocoes-outlet-ate-50-desconto-supermercado-online-ate-ti","8":"product_cat-sumos","9":"ts_product_brand-sumol","11":"first","12":"outofstock","13":"sale","14":"taxable","15":"shipping-taxable","16":"purchasable","17":"product-type-simple"},"_links":{"self":[{"href":"https:\/\/www.ateti.pt\/loja\/wp-json\/wp\/v2\/product\/13373","targetHints":{"allow":["GET"]}}],"collection":[{"href":"https:\/\/www.ateti.pt\/loja\/wp-json\/wp\/v2\/product"}],"about":[{"href":"https:\/\/www.ateti.pt\/loja\/wp-json\/wp\/v2\/types\/product"}],"replies":[{"embeddable":true,"href":"https:\/\/www.ateti.pt\/loja\/wp-json\/wp\/v2\/comments?post=13373"}],"wp:featuredmedia":[{"embeddable":true,"href":"https:\/\/www.ateti.pt\/loja\/wp-json\/wp\/v2\/media\/56957"}],"wp:attachment":[{"href":"https:\/\/www.ateti.pt\/loja\/wp-json\/wp\/v2\/media?parent=13373"}],"wp:term":[{"taxonomy":"product_brand","embeddable":true,"href":"https:\/\/www.ateti.pt\/loja\/wp-json\/wp\/v2\/product_brand?post=13373"},{"taxonomy":"product_cat","embeddable":true,"href":"https:\/\/www.ateti.pt\/loja\/wp-json\/wp\/v2\/product_cat?post=13373"},{"taxonomy":"product_tag","embeddable":true,"href":"https:\/\/www.ateti.pt\/loja\/wp-json\/wp\/v2\/product_tag?post=13373"},{"taxonomy":"woo-feed-brand","embeddable":true,"href":"https:\/\/www.ateti.pt\/loja\/wp-json\/wp\/v2\/woo-feed-brand?post=13373"}],"curies":[{"name":"wp","href":"https:\/\/api.w.org\/{rel}","templated":true}]}}