{"id":13371,"date":"2020-03-22T17:52:21","date_gmt":"2020-03-22T16:52:21","guid":{"rendered":"https:\/\/www.ateti.pt\/loja\/?post_type=product&#038;p=13371"},"modified":"2025-12-06T12:04:13","modified_gmt":"2025-12-06T12:04:13","slug":"refrigerante-sem-gas-laranja-joi-15l","status":"publish","type":"product","link":"https:\/\/www.ateti.pt\/loja\/produto\/refrigerante-sem-gas-laranja-joi-15l\/","title":{"rendered":"Refrigerante sem G\u00e1s Laranja Joi 1,5L"},"content":{"rendered":"<p><strong>Refrigerante sem G\u00e1s Laranja Joi<\/strong><\/p>\n<p>Quantidade: 1,5L<\/p>\n<p><strong><span class=\"label\">Ingredientes: <\/span><\/strong><span id=\"ingredientStatement\">\u00e1gua, sumo de laranja a partir de concentrado (8,1%), a\u00e7\u00facar, acidificante: \u00e1cido c\u00edtrico, estabilizadores: E-414 e E-445, conservante: E-202, edulcorantes: E-952 e E-955, aromas, vitamina C, corantes: carotenos e E-160e.<\/span><\/p>\n<p><strong>Valores nutricionais:<\/strong> Energia: 51kj\/12kcal; Hidratos de Carbono:2,60g, dos quais a\u00e7\u00facares: 2,50g; Prote\u00ednas:0,10g; Sal: 0,5g; Vitamina C:12mg.<\/p>\n<p>Veja mais em <a href=\"https:\/\/www.ateti.pt\/loja\/categoria\/bebidas\/sumos\/\">Sumos<\/a><\/p>\n","protected":false},"excerpt":{"rendered":"<p>0.99\u20ac\/Litro<\/p>\n","protected":false},"featured_media":56958,"comment_status":"closed","ping_status":"closed","template":"","meta":{"_themeisle_gutenberg_block_has_review":false},"product_brand":[],"product_cat":[158,159],"product_tag":[],"woo-feed-brand":[],"class_list":{"0":"post-13371","1":"product","2":"type-product","3":"status-publish","4":"has-post-thumbnail","6":"product_cat-bebidas","7":"product_cat-sumos","8":"ts_product_brand-joi","10":"first","11":"instock","12":"sale","13":"taxable","14":"shipping-taxable","15":"purchasable","16":"product-type-simple"},"_links":{"self":[{"href":"https:\/\/www.ateti.pt\/loja\/wp-json\/wp\/v2\/product\/13371","targetHints":{"allow":["GET"]}}],"collection":[{"href":"https:\/\/www.ateti.pt\/loja\/wp-json\/wp\/v2\/product"}],"about":[{"href":"https:\/\/www.ateti.pt\/loja\/wp-json\/wp\/v2\/types\/product"}],"replies":[{"embeddable":true,"href":"https:\/\/www.ateti.pt\/loja\/wp-json\/wp\/v2\/comments?post=13371"}],"wp:featuredmedia":[{"embeddable":true,"href":"https:\/\/www.ateti.pt\/loja\/wp-json\/wp\/v2\/media\/56958"}],"wp:attachment":[{"href":"https:\/\/www.ateti.pt\/loja\/wp-json\/wp\/v2\/media?parent=13371"}],"wp:term":[{"taxonomy":"product_brand","embeddable":true,"href":"https:\/\/www.ateti.pt\/loja\/wp-json\/wp\/v2\/product_brand?post=13371"},{"taxonomy":"product_cat","embeddable":true,"href":"https:\/\/www.ateti.pt\/loja\/wp-json\/wp\/v2\/product_cat?post=13371"},{"taxonomy":"product_tag","embeddable":true,"href":"https:\/\/www.ateti.pt\/loja\/wp-json\/wp\/v2\/product_tag?post=13371"},{"taxonomy":"woo-feed-brand","embeddable":true,"href":"https:\/\/www.ateti.pt\/loja\/wp-json\/wp\/v2\/woo-feed-brand?post=13371"}],"curies":[{"name":"wp","href":"https:\/\/api.w.org\/{rel}","templated":true}]}}