{"id":13360,"date":"2020-03-22T17:39:46","date_gmt":"2020-03-22T16:39:46","guid":{"rendered":"https:\/\/www.ateti.pt\/loja\/?post_type=product&#038;p=13360"},"modified":"2024-03-22T11:51:01","modified_gmt":"2024-03-22T11:51:01","slug":"ice-tea-pessego-lipton-1-5l","status":"publish","type":"product","link":"https:\/\/www.ateti.pt\/loja\/produto\/ice-tea-pessego-lipton-1-5l\/","title":{"rendered":"Ice Tea P\u00eassego Lipton 1,5L"},"content":{"rendered":"<h5>Ice Tea P\u00eassego Lipton<\/h5>\n<p>Quantidade: 1,5L<\/p>\n<p>Lipton Ice Tea P\u00eassego \u00e9 a companhia perfeita para criar mem\u00f3rias com amigos e fam\u00edlia! As nossas folhas de ch\u00e1 e p\u00eassegos amadurecidos ao sol criam o delicioso e refrescante sabor Lipton, baixo em calorias.<\/p>\n<div class=\"component-wrapper section\">\n<div class=\"c-column-control c-column-control--product-details \">\n<div id=\"iea-component-layout-container-335e6d50693d8cbc33ce7e323478c006\">\n<div class=\"section clearfix \">\n<div id=\"container_335e6d50693d8cbc33ce7e323478c006\" class=\"column-container row\">\n<div class=\"col-md-6\">\n<div class=\"container_par_2 parsys\">\n<div class=\"component-wrapper section\">\n<div id=\"accordion-v2-15\" class=\"component accordion-v2\" data-role=\"accordion-v2\">\n<div class=\"accordion-v2 cms-no-top-margin js-accordion-v2--is-multi-expand \" role=\"tablist\" aria-label=\"accordion\" data-componentname=\"accordion\" data-component-variants=\"defaultView\" data-component-experience-variant=\"default\" data-component-positions=\"16\">\n<div class=\"accordion-v2-panel \">\n<div id=\"accordion-v2-panel__body-538\" class=\"accordion-v2-panel__body\" role=\"tabpanel\" aria-labelledby=\"accordion-v2-panel-heading-538\">\n<div class=\"par_tab_538 parsys\">\n<div class=\"component-wrapper section\">\n<div id=\"product-copy-v2-a2805f4f495b2e713e8b915f5dc61d4e\" class=\"clearfix component product-copy-v2\" data-config=\"product-copy-v2-a2805f4f495b2e713e8b915f5dc61d4e-config\" data-server=\"true\" data-role=\"product-copy-v2\">\n<div class=\"c-product-copy-v2 \" data-componentname=\"productCopyV2\" data-component-experience-variant=\"default\" data-component-variants=\"defaultView\" data-component-positions=\"18\">\n<div class=\"container\">\n<div class=\"c-product-copy-v2__wrapper\">\n<div class=\"c-product-copy-v2-content\">\n<div class=\"c-product-copy-v2-content__item\">\n<p>Ice Tea P\u00eassego \u00e9 deliciosamente refrescante e baixo em calorias.<\/p>\n<p>A op\u00e7\u00e3o perfeita para acompanhar todos os momentos inesquec\u00edveis!<\/p>\n<p>Valores nutricionais m\u00e9dios por 100ml: Energia: 82 kJ \/ 19 kcal; L\u00edpidos: &lt;0.50 g, Dos quais \u00e1cidos gordos saturados: &lt;0.50 g; Hidratos de carbono: 4.70 g, Dos quais a\u00e7\u00facares: 4.50 g; Prote\u00ednas: &lt;0.50 g; Sal: 0.05 g.<\/p>\n<p><strong>Ingredientes:<\/strong>\u00a0Ch\u00e1 (\u00e1gua, extrato de ch\u00e1 preto) (4,7%), a\u00e7\u00facar, reguladores de acidez (\u00e1cido c\u00edtrico, citrato de s\u00f3dio), sumo de p\u00eassego \u00e0 base de concentrado (0,1%), aromas, antioxidante (\u00e1cido asc\u00f3rbico), edulcorante (glicos\u00eddeos de esteviol).<\/p>\n<p>Veja mais em <a href=\"https:\/\/www.ateti.pt\/loja\/categoria\/bebidas\/sumos\/\">Sumos<\/a><\/p>\n<\/div>\n<\/div>\n<\/div>\n<\/div>\n<\/div>\n<\/div>\n<\/div>\n<\/div>\n<\/div>\n<\/div>\n<\/div>\n<\/div>\n<\/div>\n<\/div>\n<\/div>\n<\/div>\n<\/div>\n<\/div>\n<\/div>\n<\/div>\n<div class=\"component-wrapper section\">\n<div id=\"related-articles-bc3d4fc35936f4a2a0ea00a475920dbb\" class=\"clearfix component related-articles\" data-config=\"related-articles-bc3d4fc35936f4a2a0ea00a475920dbb-config\" data-server=\"true\" data-role=\"related-articles\"><\/div>\n<\/div>\n","protected":false},"excerpt":{"rendered":"<p>1.33\u20ac\/Litro<\/p>\n","protected":false},"featured_media":57383,"comment_status":"closed","ping_status":"closed","template":"","meta":{"_themeisle_gutenberg_block_has_review":false},"product_brand":[],"product_cat":[158,159],"product_tag":[],"woo-feed-brand":[],"class_list":{"0":"post-13360","1":"product","2":"type-product","3":"status-publish","4":"has-post-thumbnail","6":"product_cat-bebidas","7":"product_cat-sumos","8":"ts_product_brand-lipton","10":"first","11":"instock","12":"sale","13":"taxable","14":"shipping-taxable","15":"purchasable","16":"product-type-simple"},"_links":{"self":[{"href":"https:\/\/www.ateti.pt\/loja\/wp-json\/wp\/v2\/product\/13360","targetHints":{"allow":["GET"]}}],"collection":[{"href":"https:\/\/www.ateti.pt\/loja\/wp-json\/wp\/v2\/product"}],"about":[{"href":"https:\/\/www.ateti.pt\/loja\/wp-json\/wp\/v2\/types\/product"}],"replies":[{"embeddable":true,"href":"https:\/\/www.ateti.pt\/loja\/wp-json\/wp\/v2\/comments?post=13360"}],"wp:featuredmedia":[{"embeddable":true,"href":"https:\/\/www.ateti.pt\/loja\/wp-json\/wp\/v2\/media\/57383"}],"wp:attachment":[{"href":"https:\/\/www.ateti.pt\/loja\/wp-json\/wp\/v2\/media?parent=13360"}],"wp:term":[{"taxonomy":"product_brand","embeddable":true,"href":"https:\/\/www.ateti.pt\/loja\/wp-json\/wp\/v2\/product_brand?post=13360"},{"taxonomy":"product_cat","embeddable":true,"href":"https:\/\/www.ateti.pt\/loja\/wp-json\/wp\/v2\/product_cat?post=13360"},{"taxonomy":"product_tag","embeddable":true,"href":"https:\/\/www.ateti.pt\/loja\/wp-json\/wp\/v2\/product_tag?post=13360"},{"taxonomy":"woo-feed-brand","embeddable":true,"href":"https:\/\/www.ateti.pt\/loja\/wp-json\/wp\/v2\/woo-feed-brand?post=13360"}],"curies":[{"name":"wp","href":"https:\/\/api.w.org\/{rel}","templated":true}]}}