{"id":13354,"date":"2020-03-21T19:25:35","date_gmt":"2020-03-21T18:25:35","guid":{"rendered":"https:\/\/www.ateti.pt\/loja\/?post_type=product&#038;p=13354"},"modified":"2025-09-29T14:37:50","modified_gmt":"2025-09-29T13:37:50","slug":"ice-tea-manga-lipton-1-5lt","status":"publish","type":"product","link":"https:\/\/www.ateti.pt\/loja\/produto\/ice-tea-manga-lipton-1-5lt\/","title":{"rendered":"Ice Tea Manga Lipton 1,5L"},"content":{"rendered":"<h5>Ice Tea Manga Lipton<\/h5>\n<p>Quantidade: 1,5L<\/p>\n<p><b>Ingredientes:<\/b>\u00a0Ch\u00e1 (\u00e1gua, extrato de ch\u00e1 preto) (4,0%), a\u00e7\u00facares (a\u00e7\u00facar, frutose), reguladores de acidez (\u00e1cido c\u00edtrico, citrato de s\u00f3dio), sumo de manga \u00e0 base de concentrado (0,1%), aromas, antioxidante (\u00e1cido asc\u00f3rbico), edulcorante (glicos\u00eddeos de esteviol).<\/p>\n<p><b>Valores nutricionais (por 100 ml):<\/b> Energia: 81KJ\/19Kcal; L\u00edpidos: &lt;0,5g- dos quais saturados: &lt;0,1g; Hidratos de Carbono: 4,6g &#8211; dos quais a\u00e7\u00facares: 4,5g; Prote\u00ednas: &lt;0,5g; Sal: 0,04g.<\/p>\n<p>Veja mais em <a href=\"https:\/\/www.ateti.pt\/loja\/categoria\/bebidas\/sumos\/\">Sumos<\/a><\/p>\n","protected":false},"excerpt":{"rendered":"<p>1.33\u20ac\/Litro<\/p>\n","protected":false},"featured_media":57382,"comment_status":"closed","ping_status":"closed","template":"","meta":{"_themeisle_gutenberg_block_has_review":false},"product_brand":[],"product_cat":[158,159],"product_tag":[],"woo-feed-brand":[],"class_list":{"0":"post-13354","1":"product","2":"type-product","3":"status-publish","4":"has-post-thumbnail","6":"product_cat-bebidas","7":"product_cat-sumos","8":"ts_product_brand-lipton","10":"first","11":"instock","12":"sale","13":"taxable","14":"shipping-taxable","15":"purchasable","16":"product-type-simple"},"_links":{"self":[{"href":"https:\/\/www.ateti.pt\/loja\/wp-json\/wp\/v2\/product\/13354","targetHints":{"allow":["GET"]}}],"collection":[{"href":"https:\/\/www.ateti.pt\/loja\/wp-json\/wp\/v2\/product"}],"about":[{"href":"https:\/\/www.ateti.pt\/loja\/wp-json\/wp\/v2\/types\/product"}],"replies":[{"embeddable":true,"href":"https:\/\/www.ateti.pt\/loja\/wp-json\/wp\/v2\/comments?post=13354"}],"wp:featuredmedia":[{"embeddable":true,"href":"https:\/\/www.ateti.pt\/loja\/wp-json\/wp\/v2\/media\/57382"}],"wp:attachment":[{"href":"https:\/\/www.ateti.pt\/loja\/wp-json\/wp\/v2\/media?parent=13354"}],"wp:term":[{"taxonomy":"product_brand","embeddable":true,"href":"https:\/\/www.ateti.pt\/loja\/wp-json\/wp\/v2\/product_brand?post=13354"},{"taxonomy":"product_cat","embeddable":true,"href":"https:\/\/www.ateti.pt\/loja\/wp-json\/wp\/v2\/product_cat?post=13354"},{"taxonomy":"product_tag","embeddable":true,"href":"https:\/\/www.ateti.pt\/loja\/wp-json\/wp\/v2\/product_tag?post=13354"},{"taxonomy":"woo-feed-brand","embeddable":true,"href":"https:\/\/www.ateti.pt\/loja\/wp-json\/wp\/v2\/woo-feed-brand?post=13354"}],"curies":[{"name":"wp","href":"https:\/\/api.w.org\/{rel}","templated":true}]}}