{"id":13346,"date":"2020-03-21T18:59:23","date_gmt":"2020-03-21T17:59:23","guid":{"rendered":"https:\/\/www.ateti.pt\/loja\/?post_type=product&#038;p=13346"},"modified":"2024-03-22T11:54:58","modified_gmt":"2024-03-22T11:54:58","slug":"ice-tea-limao-lipton-1lt","status":"publish","type":"product","link":"https:\/\/www.ateti.pt\/loja\/produto\/ice-tea-limao-lipton-1lt\/","title":{"rendered":"Ice Tea Lim\u00e3o Lipton 1,5L"},"content":{"rendered":"<h5>Ice Tea Lim\u00e3o Lipton<\/h5>\n<p>Quantidade: 1,5L<\/p>\n<p>Lipton Ice Tea Lim\u00e3o \u00e9 a bebida ideal para partilhar momentos inesquec\u00edveis com amigos e fam\u00edlia! As nossas folhas de ch\u00e1 e lim\u00f5es amadurecidos ao sol criam o delicioso e refrescante sabor Lipton, baixo em calorias.<\/p>\n<p><strong>Valores Nutricionais: <\/strong>Energia: 81kj\/19kcal; L\u00edpidos:\u00ab0.50g, dos quais \u00e1cidos gordos saturados:\u00ab0.10g; Hidratos de Carbono: 4.60g, dos quais a\u00e7\u00facares: 4.50g; Prote\u00ednas: \u00ab0.50g; Sal: 0.06g.<\/p>\n<p><strong>Ingredientes:<\/strong> Ch\u00e1 (\u00e1gua, extrato de ch\u00e1 preto) (4,0%), a\u00e7\u00facares (a\u00e7\u00facar, frutose), reguladores de acidez (\u00e1cido c\u00edtrico, citrato de s\u00f3dio), aromas, sumo de lim\u00e3o \u00e0 base de concentrado (0,1%), antioxidante (\u00e1cido asc\u00f3rbico), edulcorante (glicos\u00eddeos de esteviol).<\/p>\n<p>Veja mais em <a href=\"https:\/\/www.ateti.pt\/loja\/categoria\/bebidas\/sumos\/\">Sumos<\/a><\/p>\n","protected":false},"excerpt":{"rendered":"<p>1.33\u20ac\/Litro<\/p>\n","protected":false},"featured_media":57381,"comment_status":"closed","ping_status":"closed","template":"","meta":{"_themeisle_gutenberg_block_has_review":false},"product_brand":[],"product_cat":[158,159],"product_tag":[],"woo-feed-brand":[],"class_list":{"0":"post-13346","1":"product","2":"type-product","3":"status-publish","4":"has-post-thumbnail","6":"product_cat-bebidas","7":"product_cat-sumos","8":"ts_product_brand-lipton","10":"first","11":"instock","12":"sale","13":"taxable","14":"shipping-taxable","15":"purchasable","16":"product-type-simple"},"_links":{"self":[{"href":"https:\/\/www.ateti.pt\/loja\/wp-json\/wp\/v2\/product\/13346","targetHints":{"allow":["GET"]}}],"collection":[{"href":"https:\/\/www.ateti.pt\/loja\/wp-json\/wp\/v2\/product"}],"about":[{"href":"https:\/\/www.ateti.pt\/loja\/wp-json\/wp\/v2\/types\/product"}],"replies":[{"embeddable":true,"href":"https:\/\/www.ateti.pt\/loja\/wp-json\/wp\/v2\/comments?post=13346"}],"wp:featuredmedia":[{"embeddable":true,"href":"https:\/\/www.ateti.pt\/loja\/wp-json\/wp\/v2\/media\/57381"}],"wp:attachment":[{"href":"https:\/\/www.ateti.pt\/loja\/wp-json\/wp\/v2\/media?parent=13346"}],"wp:term":[{"taxonomy":"product_brand","embeddable":true,"href":"https:\/\/www.ateti.pt\/loja\/wp-json\/wp\/v2\/product_brand?post=13346"},{"taxonomy":"product_cat","embeddable":true,"href":"https:\/\/www.ateti.pt\/loja\/wp-json\/wp\/v2\/product_cat?post=13346"},{"taxonomy":"product_tag","embeddable":true,"href":"https:\/\/www.ateti.pt\/loja\/wp-json\/wp\/v2\/product_tag?post=13346"},{"taxonomy":"woo-feed-brand","embeddable":true,"href":"https:\/\/www.ateti.pt\/loja\/wp-json\/wp\/v2\/woo-feed-brand?post=13346"}],"curies":[{"name":"wp","href":"https:\/\/api.w.org\/{rel}","templated":true}]}}