{"id":13312,"date":"2026-02-10T07:50:59","date_gmt":"2026-02-10T07:50:59","guid":{"rendered":"https:\/\/www.ateti.pt\/loja\/?post_type=product&#038;p=13312"},"modified":"2026-02-10T16:48:06","modified_gmt":"2026-02-10T16:48:06","slug":"sumo-pera-300ml-compal","status":"publish","type":"product","link":"https:\/\/www.ateti.pt\/loja\/produto\/sumo-pera-300ml-compal\/","title":{"rendered":"Sumo P\u00eara 300ml Compal"},"content":{"rendered":"<h5>Compal P\u00eara<\/h5>\n<p>Quantidade: 330mL<\/p>\n<div class=\"ingridients__item\"><strong>Ingredientes: <\/strong>Sumo e polpa de pera, \u00e1gua, a\u00e7\u00facar, regulador de acidez: \u00e1cido c\u00edtrico e \u00e1cido asc\u00f3rbico (vitamina C).<\/div>\n<div class=\"ingridients__item\">\n<p class=\"BrandonText-Bold nutritional-information__title\"><strong>Declara\u00e7\u00e3o Nutricional:<\/strong><\/p>\n<div class=\"ingridients__table\">\n<table width=\"100%\">\n<tbody>\n<tr>\n<th><\/th>\n<th>Por 100 ML<\/th>\n<th>Por\u00e7\u00e3o 200 ML<\/th>\n<\/tr>\n<tr>\n<td>Valor Energ\u00e9tico<\/td>\n<td>196 KJ (46 kcal)<\/td>\n<td>392 KJ (92 kcal)<\/td>\n<\/tr>\n<tr>\n<td>L\u00edpidos<\/td>\n<td>&lt; 0.50g<\/td>\n<td>&lt; 0.50g<\/td>\n<\/tr>\n<tr>\n<td>dos quais saturados<\/td>\n<td>&lt; 0.10g<\/td>\n<td>&lt; 0.10g<\/td>\n<\/tr>\n<tr>\n<td>Hidratos de Carbono<\/td>\n<td>10g<\/td>\n<td>20g<\/td>\n<\/tr>\n<tr>\n<td>dos quais a\u00e7\u00facares<\/td>\n<td>10g<\/td>\n<td>20g<\/td>\n<\/tr>\n<tr>\n<td>Fibra<\/td>\n<td>1.50g<\/td>\n<td>3g<\/td>\n<\/tr>\n<tr>\n<td>Prote\u00ednas<\/td>\n<td>&lt; 0.50g<\/td>\n<td>&lt; 0.50g<\/td>\n<\/tr>\n<tr>\n<td>Sal<\/td>\n<td>&lt; 0.01g<\/td>\n<td>&lt; 0.01g<\/td>\n<\/tr>\n<tr>\n<td>Vitamina C<\/td>\n<td>6mg (7% VRN*)<\/td>\n<td>12mg (15% VRN*)<\/td>\n<\/tr>\n<\/tbody>\n<\/table>\n<div class=\"nutritional-information__legenda\">*Valor de Refer\u00eancia do Nutriente<\/div>\n<\/div>\n<\/div>\n<div class=\"ingridients__item\">\n<p><strong>Teor de frutos:<\/strong> no m\u00ednimo 55%.<\/p>\n<p>Veja mais em <a href=\"https:\/\/www.ateti.pt\/loja\/categoria\/bebidas\/sumos\/\">Sumos<\/a><\/p>\n<\/div>\n","protected":false},"excerpt":{"rendered":"<p>1.97\u20ac\/Litro<\/p>\n","protected":false},"featured_media":60954,"comment_status":"closed","ping_status":"closed","template":"","meta":{"_themeisle_gutenberg_block_has_review":false},"product_brand":[],"product_cat":[158,159],"product_tag":[],"woo-feed-brand":[],"class_list":{"0":"post-13312","1":"product","2":"type-product","3":"status-publish","4":"has-post-thumbnail","6":"product_cat-bebidas","7":"product_cat-sumos","8":"ts_product_brand-compal","10":"first","11":"instock","12":"taxable","13":"shipping-taxable","14":"purchasable","15":"product-type-simple"},"_links":{"self":[{"href":"https:\/\/www.ateti.pt\/loja\/wp-json\/wp\/v2\/product\/13312","targetHints":{"allow":["GET"]}}],"collection":[{"href":"https:\/\/www.ateti.pt\/loja\/wp-json\/wp\/v2\/product"}],"about":[{"href":"https:\/\/www.ateti.pt\/loja\/wp-json\/wp\/v2\/types\/product"}],"replies":[{"embeddable":true,"href":"https:\/\/www.ateti.pt\/loja\/wp-json\/wp\/v2\/comments?post=13312"}],"wp:featuredmedia":[{"embeddable":true,"href":"https:\/\/www.ateti.pt\/loja\/wp-json\/wp\/v2\/media\/60954"}],"wp:attachment":[{"href":"https:\/\/www.ateti.pt\/loja\/wp-json\/wp\/v2\/media?parent=13312"}],"wp:term":[{"taxonomy":"product_brand","embeddable":true,"href":"https:\/\/www.ateti.pt\/loja\/wp-json\/wp\/v2\/product_brand?post=13312"},{"taxonomy":"product_cat","embeddable":true,"href":"https:\/\/www.ateti.pt\/loja\/wp-json\/wp\/v2\/product_cat?post=13312"},{"taxonomy":"product_tag","embeddable":true,"href":"https:\/\/www.ateti.pt\/loja\/wp-json\/wp\/v2\/product_tag?post=13312"},{"taxonomy":"woo-feed-brand","embeddable":true,"href":"https:\/\/www.ateti.pt\/loja\/wp-json\/wp\/v2\/woo-feed-brand?post=13312"}],"curies":[{"name":"wp","href":"https:\/\/api.w.org\/{rel}","templated":true}]}}