{"id":13308,"date":"2024-06-21T16:56:12","date_gmt":"2024-06-21T15:56:12","guid":{"rendered":"https:\/\/www.ateti.pt\/loja\/?post_type=product&#038;p=13308"},"modified":"2026-02-10T16:49:34","modified_gmt":"2026-02-10T16:49:34","slug":"compal-manga-300ml","status":"publish","type":"product","link":"https:\/\/www.ateti.pt\/loja\/produto\/compal-manga-300ml\/","title":{"rendered":"Sumo Manga 300mL Compal"},"content":{"rendered":"<h5>Compal Manga<\/h5>\n<p>Quantidade: 330mL<\/p>\n<div class=\"ingridients__item\"><strong>Ingredientes: <\/strong>\u00c1gua, sumo e polpa de manga: \u00e0 base de concentrado, a\u00e7\u00facar, regulador de acidez: \u00e1cido c\u00edtrico e \u00e1cido asc\u00f3rbico (vitamina C).<\/div>\n<div class=\"ingridients__item\">\n<p class=\"BrandonText-Bold nutritional-information__title\"><strong>Declara\u00e7\u00e3o Nutricional<\/strong><\/p>\n<div class=\"ingridients__table\">\n<table width=\"100%\">\n<tbody>\n<tr>\n<th><\/th>\n<th>Por 100 ML<\/th>\n<th>Por\u00e7\u00e3o 200 ML<\/th>\n<\/tr>\n<tr>\n<td>Valor Energ\u00e9tico<\/td>\n<td>180 KJ (42 kcal)<\/td>\n<td>360 KJ (84 kcal)<\/td>\n<\/tr>\n<tr>\n<td>L\u00edpidos<\/td>\n<td>&lt; 0.50g<\/td>\n<td>&lt; 0.50g<\/td>\n<\/tr>\n<tr>\n<td>dos quais saturados<\/td>\n<td>&lt; 0.10g<\/td>\n<td>&lt; 0.10g<\/td>\n<\/tr>\n<tr>\n<td>Hidratos de Carbono<\/td>\n<td>10.40g<\/td>\n<td>20.80g<\/td>\n<\/tr>\n<tr>\n<td>dos quais a\u00e7\u00facares<\/td>\n<td>10.40g<\/td>\n<td>20.80g<\/td>\n<\/tr>\n<tr>\n<td>Prote\u00ednas<\/td>\n<td>&lt; 0.50g<\/td>\n<td>&lt; 0.50g<\/td>\n<\/tr>\n<tr>\n<td>Sal<\/td>\n<td>&lt; 0.01g<\/td>\n<td>&lt; 0.01g<\/td>\n<\/tr>\n<tr>\n<td>Vitamina C<\/td>\n<td>6mg (7% VRN*)<\/td>\n<td>12mg (15% VRN*)<\/td>\n<\/tr>\n<\/tbody>\n<\/table>\n<div class=\"nutritional-information__legenda\"><\/div>\n<\/div>\n<\/div>\n<div class=\"ingridients__item\"><strong>Conserva\u00e7\u00e3o: <\/strong>Uma vez aberto conservar no frigor\u00edfico.<\/div>\n<div class=\"ingridients__item\">\n<p><strong>Teor de frutos:<\/strong> no m\u00ednimo 30%.<\/p>\n<p>Veja mais em <a href=\"https:\/\/www.ateti.pt\/loja\/categoria\/bebidas\/sumos\/\">Sumos<\/a><\/p>\n<\/div>\n","protected":false},"excerpt":{"rendered":"<p>2.27\u20ac\/Litro<\/p>\n","protected":false},"featured_media":57015,"comment_status":"closed","ping_status":"closed","template":"","meta":{"_themeisle_gutenberg_block_has_review":false},"product_brand":[],"product_cat":[158,159],"product_tag":[],"woo-feed-brand":[],"class_list":{"0":"post-13308","1":"product","2":"type-product","3":"status-publish","4":"has-post-thumbnail","6":"product_cat-bebidas","7":"product_cat-sumos","8":"ts_product_brand-compal","10":"first","11":"instock","12":"taxable","13":"shipping-taxable","14":"purchasable","15":"product-type-simple"},"_links":{"self":[{"href":"https:\/\/www.ateti.pt\/loja\/wp-json\/wp\/v2\/product\/13308","targetHints":{"allow":["GET"]}}],"collection":[{"href":"https:\/\/www.ateti.pt\/loja\/wp-json\/wp\/v2\/product"}],"about":[{"href":"https:\/\/www.ateti.pt\/loja\/wp-json\/wp\/v2\/types\/product"}],"replies":[{"embeddable":true,"href":"https:\/\/www.ateti.pt\/loja\/wp-json\/wp\/v2\/comments?post=13308"}],"wp:featuredmedia":[{"embeddable":true,"href":"https:\/\/www.ateti.pt\/loja\/wp-json\/wp\/v2\/media\/57015"}],"wp:attachment":[{"href":"https:\/\/www.ateti.pt\/loja\/wp-json\/wp\/v2\/media?parent=13308"}],"wp:term":[{"taxonomy":"product_brand","embeddable":true,"href":"https:\/\/www.ateti.pt\/loja\/wp-json\/wp\/v2\/product_brand?post=13308"},{"taxonomy":"product_cat","embeddable":true,"href":"https:\/\/www.ateti.pt\/loja\/wp-json\/wp\/v2\/product_cat?post=13308"},{"taxonomy":"product_tag","embeddable":true,"href":"https:\/\/www.ateti.pt\/loja\/wp-json\/wp\/v2\/product_tag?post=13308"},{"taxonomy":"woo-feed-brand","embeddable":true,"href":"https:\/\/www.ateti.pt\/loja\/wp-json\/wp\/v2\/woo-feed-brand?post=13308"}],"curies":[{"name":"wp","href":"https:\/\/api.w.org\/{rel}","templated":true}]}}