{"id":13297,"date":"2025-12-07T07:18:31","date_gmt":"2025-12-07T07:18:31","guid":{"rendered":"https:\/\/www.ateti.pt\/loja\/?post_type=product&#038;p=13297"},"modified":"2026-02-10T16:44:45","modified_gmt":"2026-02-10T16:44:45","slug":"sumo-classico-100-maca-300-ml-compal","status":"publish","type":"product","link":"https:\/\/www.ateti.pt\/loja\/produto\/sumo-classico-100-maca-300-ml-compal\/","title":{"rendered":"Sumo Cl\u00e1ssico 100% Ma\u00e7\u00e3 300ml Compal"},"content":{"rendered":"<p><strong>Compal Cl\u00e1ssico 100% Ma\u00e7\u00e3<\/strong><\/p>\n<p>Quantidade: 330mL<\/p>\n<p><b>Benef\u00edcios:<\/b><\/p>\n<p>&#8211; Sumo 100%, apenas fruta;<\/p>\n<p>&#8211; Sem adi\u00e7\u00e3o de \u00e1gua e a\u00e7\u00facar.<\/p>\n<p><strong>Ingredientes:<\/strong> Sumos de ma\u00e7\u00e3 (99,5%) e lim\u00e3o (0,5%): \u00e0 base de concentrados.<\/p>\n<p><strong>Valores nutricionais: <\/strong>Energia: 184kj\/43kcal; L\u00edpidos: \u00ab0,50g, dos quais saturados: \u00ab0,10g; Hidratos de carbono: 10,50g, dos quais a\u00e7\u00facares: 10,50g; Prote\u00ednas: \u00ab0,50g; Sal: \u00ab0,01g.<\/p>\n<p>Veja mais em <a href=\"https:\/\/www.ateti.pt\/loja\/categoria\/bebidas\/sumos\/\">Sumos<\/a><\/p>\n","protected":false},"excerpt":{"rendered":"<p>2.27\u20ac\/Litro<\/p>\n","protected":false},"featured_media":57019,"comment_status":"closed","ping_status":"closed","template":"","meta":{"_themeisle_gutenberg_block_has_review":false},"product_brand":[],"product_cat":[158,159],"product_tag":[],"woo-feed-brand":[],"class_list":{"0":"post-13297","1":"product","2":"type-product","3":"status-publish","4":"has-post-thumbnail","6":"product_cat-bebidas","7":"product_cat-sumos","8":"ts_product_brand-compal","10":"first","11":"instock","12":"taxable","13":"shipping-taxable","14":"purchasable","15":"product-type-simple"},"_links":{"self":[{"href":"https:\/\/www.ateti.pt\/loja\/wp-json\/wp\/v2\/product\/13297","targetHints":{"allow":["GET"]}}],"collection":[{"href":"https:\/\/www.ateti.pt\/loja\/wp-json\/wp\/v2\/product"}],"about":[{"href":"https:\/\/www.ateti.pt\/loja\/wp-json\/wp\/v2\/types\/product"}],"replies":[{"embeddable":true,"href":"https:\/\/www.ateti.pt\/loja\/wp-json\/wp\/v2\/comments?post=13297"}],"wp:featuredmedia":[{"embeddable":true,"href":"https:\/\/www.ateti.pt\/loja\/wp-json\/wp\/v2\/media\/57019"}],"wp:attachment":[{"href":"https:\/\/www.ateti.pt\/loja\/wp-json\/wp\/v2\/media?parent=13297"}],"wp:term":[{"taxonomy":"product_brand","embeddable":true,"href":"https:\/\/www.ateti.pt\/loja\/wp-json\/wp\/v2\/product_brand?post=13297"},{"taxonomy":"product_cat","embeddable":true,"href":"https:\/\/www.ateti.pt\/loja\/wp-json\/wp\/v2\/product_cat?post=13297"},{"taxonomy":"product_tag","embeddable":true,"href":"https:\/\/www.ateti.pt\/loja\/wp-json\/wp\/v2\/product_tag?post=13297"},{"taxonomy":"woo-feed-brand","embeddable":true,"href":"https:\/\/www.ateti.pt\/loja\/wp-json\/wp\/v2\/woo-feed-brand?post=13297"}],"curies":[{"name":"wp","href":"https:\/\/api.w.org\/{rel}","templated":true}]}}