{"id":13284,"date":"2020-03-21T14:58:12","date_gmt":"2020-03-21T13:58:12","guid":{"rendered":"https:\/\/www.ateti.pt\/loja\/?post_type=product&#038;p=13284"},"modified":"2025-10-28T17:30:27","modified_gmt":"2025-10-28T17:30:27","slug":"coca-cola-lata-330ml","status":"publish","type":"product","link":"https:\/\/www.ateti.pt\/loja\/produto\/coca-cola-lata-330ml\/","title":{"rendered":"Coca Cola Lata 330mL"},"content":{"rendered":"<h5>Coca Cola Lata<\/h5>\n<p>Quantidade: 330mL<\/p>\n<p>\u00c9 recomend\u00e1vel seguir uma alimenta\u00e7\u00e3o variada, moderada e equilibrada, assim como um estilo de vida ativo e saud\u00e1vel.<\/p>\n<p>A de sempre, original e deliciosa, que refresca a milh\u00f5es de pessoas em todo o mundo. Foi criada em 1886 pelo farmac\u00eautico Dr. John Pemberton, sendo a bebida que h\u00e1 mais de 130 anos te acompanha de uma forma especial em alguns dos momentos quotidianos da tua vida.<\/p>\n<p><strong>Ingredientes:\u00a0<\/strong>\u00c1gua, a\u00e7\u00facar, di\u00f3xido de carbono, corante: caramelo E-150d, acidificante: \u00e1cido fosf\u00f3rico e aromas naturais (incluindo cafe\u00edna).<\/p>\n<p><strong>Valores nutricionais:<\/strong> Energia:180kJ \/ 42kcal; L\u00edpidos:0g, dos quais saturados:0g Hidratos de carbono: 10,6g, dos quais a\u00e7\u00facares: 10,6g; Prote\u00ednas:0g; Sodium:0g; Niacina (Vitamina B3): 1,6mg; Vitamina B6: 0,15mg.<\/p>\n<p>Veja mais em <a href=\"https:\/\/www.ateti.pt\/loja\/categoria\/bebidas\/sumos\/\">Sumos<\/a><\/p>\n<p>&nbsp;<\/p>\n","protected":false},"excerpt":{"rendered":"<p>2.58\u20ac\/Litro<\/p>\n","protected":false},"featured_media":60575,"comment_status":"closed","ping_status":"closed","template":"","meta":{"_themeisle_gutenberg_block_has_review":false},"product_brand":[],"product_cat":[158,159],"product_tag":[],"woo-feed-brand":[],"class_list":{"0":"post-13284","1":"product","2":"type-product","3":"status-publish","4":"has-post-thumbnail","6":"product_cat-bebidas","7":"product_cat-sumos","8":"ts_product_brand-coca-cola","10":"first","11":"instock","12":"taxable","13":"shipping-taxable","14":"purchasable","15":"product-type-simple"},"_links":{"self":[{"href":"https:\/\/www.ateti.pt\/loja\/wp-json\/wp\/v2\/product\/13284","targetHints":{"allow":["GET"]}}],"collection":[{"href":"https:\/\/www.ateti.pt\/loja\/wp-json\/wp\/v2\/product"}],"about":[{"href":"https:\/\/www.ateti.pt\/loja\/wp-json\/wp\/v2\/types\/product"}],"replies":[{"embeddable":true,"href":"https:\/\/www.ateti.pt\/loja\/wp-json\/wp\/v2\/comments?post=13284"}],"wp:featuredmedia":[{"embeddable":true,"href":"https:\/\/www.ateti.pt\/loja\/wp-json\/wp\/v2\/media\/60575"}],"wp:attachment":[{"href":"https:\/\/www.ateti.pt\/loja\/wp-json\/wp\/v2\/media?parent=13284"}],"wp:term":[{"taxonomy":"product_brand","embeddable":true,"href":"https:\/\/www.ateti.pt\/loja\/wp-json\/wp\/v2\/product_brand?post=13284"},{"taxonomy":"product_cat","embeddable":true,"href":"https:\/\/www.ateti.pt\/loja\/wp-json\/wp\/v2\/product_cat?post=13284"},{"taxonomy":"product_tag","embeddable":true,"href":"https:\/\/www.ateti.pt\/loja\/wp-json\/wp\/v2\/product_tag?post=13284"},{"taxonomy":"woo-feed-brand","embeddable":true,"href":"https:\/\/www.ateti.pt\/loja\/wp-json\/wp\/v2\/woo-feed-brand?post=13284"}],"curies":[{"name":"wp","href":"https:\/\/api.w.org\/{rel}","templated":true}]}}