{"id":13256,"date":"2020-03-20T19:06:19","date_gmt":"2020-03-20T18:06:19","guid":{"rendered":"https:\/\/www.ateti.pt\/loja\/?post_type=product&#038;p=13256"},"modified":"2024-11-05T12:40:59","modified_gmt":"2024-11-05T12:40:59","slug":"agua-mineral-luso-50cl","status":"publish","type":"product","link":"https:\/\/www.ateti.pt\/loja\/produto\/agua-mineral-luso-50cl\/","title":{"rendered":"\u00c1gua Mineral Luso 50cL"},"content":{"rendered":"<p><strong>\u00c1gua Mineral Luso<\/strong><\/p>\n<p>Quantidade: 50cL<\/p>\n<p>Sabia que&#8230;<\/p>\n<p>Beber \u00e1gua pode ter diversos benef\u00edcios para a sa\u00fade, uma vez que \u00e9 essencial para v\u00e1rias fun\u00e7\u00f5es no corpo. Al\u00e9m de ajudar a manter a\u00a0pele e cabelos saud\u00e1veis e ajudar a regular o intestino, diminuindo a pris\u00e3o de ventre, manter uma boa ingest\u00e3o de l\u00edquidos tamb\u00e9m tem outros benef\u00edcios para o equil\u00edbrio\u00a0do organismo que s\u00e3o muito importantes para a manuten\u00e7\u00e3o da sa\u00fade em geral, como:<\/p>\n<p>-Regular a temperatura corporal;<\/p>\n<p>-Combater acne, estrias e celulite;<\/p>\n<p>-Melhorar o funcionamento dos rins;<\/p>\n<p>-Prevenir o aparecimento de pedras nos rins;<\/p>\n<p>-Facilitar a digest\u00e3o;<\/p>\n<p>-Diminuir o incha\u00e7o;<\/p>\n<p>-Melhorar a circula\u00e7\u00e3o sangu\u00ednea;<\/p>\n<p>-Ajudar a emagrecer.<\/p>\n<p>Para ter todos os benef\u00edcios da \u00e1gua, \u00e9 recomendado consumir pelo menos\u00a02 litros de \u00e1gua por dia, que n\u00e3o devem ser substitu\u00eddos por sucos ou refrigerantes. Al\u00e9m de beber \u00e1gua, uma boa estrat\u00e9gia \u00e9 investir nos alimentos que cont\u00e9m \u00e1gua, como melancia, rabanete, abacaxi e couve-flor, por exemplo.<\/p>\n<p>A \u00e1gua mineral de Luso \u00e9 um recurso de exce\u00e7\u00e3o. Nasce a 28\u00baC de temperatura na povoa\u00e7\u00e3o de Luso. Tem origem na \u00e1gua da chuva infiltrada na Serra do Bussaco, em rochas formadas, quase exclusivamente, por quartzo, designadas quartzitos. A topografia cimeira dos quartzitos permite-lhes beneficiar de elevada pluviosidade orogr\u00e1fica<\/p>\n<p>A \u00e1gua mineral Luso \u00e9 aconselhada para a prepara\u00e7\u00e3o dos alimentos para lactentes.<\/p>\n<p>Ao ser muito pouco mineralizada, \u00e9 adequada para a prepara\u00e7\u00e3o de leites infantis, papas, sumos e sopas.<\/p>\n<p>\u00c1gua Mineral Luso \u00e9 adequada para dietas com baixo teor de s\u00f3dio, e pr\u00e1tica, pois n\u00e3o precisa ser fervida ap\u00f3s abertura.<\/p>\n<p><strong>Conserva\u00e7\u00e3o:\u00a0<\/strong>Proteger da luz solar. Conservar em local fresco, seco e inodoro.<\/p>\n<p><strong>Composi\u00e7\u00e3o qu\u00edmica:<\/strong><\/p>\n<p>Relat\u00f3rio 02\/H\/2016 LNEG &#8211; Portugal- Jan.2016pH &#8211; 7,77 +\/- 0,19Silica (Si02) &#8211; 14 +\/- 1,3mg\/lRes\u00edduo Seco 180\u00baC &#8211; 43 +\/- 4mg\/lMineraliza\u00e7\u00e3o Total &#8211; 49 +\/- 7mg\/lDureza Total &#8211; 9,0 \u00b1 1,0 mg\/lAni\u00f5es (mg\/l) Cloreto CI &#8211; 9,0 \u00b1 0,5 Bicabornato HCO3 &#8211; 13 +\/- 4Sulfato SO4(2-) &#8211; 1,5 +\/- 0,2Nitrato NO3 &#8211; 1,6 +\/- 0,2Cati\u00f5es (mg\/l)S\u00f3dio Na+ (Sodium) 7,3 \u00b1 1,1Nagn\u00e9sio Mg2+ &#8211; 1,7 +\/- 0,2C\u00e1lcio Ca2+ &#8211; 0,74 +\/- 0,12<\/p>\n<p>Veja mais em <a href=\"https:\/\/www.ateti.pt\/loja\/categoria\/bebidas\/aguas\/\">\u00c1guas<\/a><\/p>\n","protected":false},"excerpt":{"rendered":"<p>0.98\u20ac\/Litro<\/p>\n","protected":false},"featured_media":57025,"comment_status":"closed","ping_status":"closed","template":"","meta":{"_themeisle_gutenberg_block_has_review":false},"product_brand":[],"product_cat":[162,542,250,158,687],"product_tag":[],"woo-feed-brand":[],"class_list":{"0":"post-13256","1":"product","2":"type-product","3":"status-publish","4":"has-post-thumbnail","6":"product_cat-aguas","7":"product_cat-alimentacao-office","8":"product_cat-ate-ti-negocios","9":"product_cat-bebidas","10":"product_cat-bebidas-alimentacao-office","11":"ts_product_brand-luso","13":"first","14":"instock","15":"sale","16":"taxable","17":"shipping-taxable","18":"purchasable","19":"product-type-simple"},"_links":{"self":[{"href":"https:\/\/www.ateti.pt\/loja\/wp-json\/wp\/v2\/product\/13256","targetHints":{"allow":["GET"]}}],"collection":[{"href":"https:\/\/www.ateti.pt\/loja\/wp-json\/wp\/v2\/product"}],"about":[{"href":"https:\/\/www.ateti.pt\/loja\/wp-json\/wp\/v2\/types\/product"}],"replies":[{"embeddable":true,"href":"https:\/\/www.ateti.pt\/loja\/wp-json\/wp\/v2\/comments?post=13256"}],"wp:featuredmedia":[{"embeddable":true,"href":"https:\/\/www.ateti.pt\/loja\/wp-json\/wp\/v2\/media\/57025"}],"wp:attachment":[{"href":"https:\/\/www.ateti.pt\/loja\/wp-json\/wp\/v2\/media?parent=13256"}],"wp:term":[{"taxonomy":"product_brand","embeddable":true,"href":"https:\/\/www.ateti.pt\/loja\/wp-json\/wp\/v2\/product_brand?post=13256"},{"taxonomy":"product_cat","embeddable":true,"href":"https:\/\/www.ateti.pt\/loja\/wp-json\/wp\/v2\/product_cat?post=13256"},{"taxonomy":"product_tag","embeddable":true,"href":"https:\/\/www.ateti.pt\/loja\/wp-json\/wp\/v2\/product_tag?post=13256"},{"taxonomy":"woo-feed-brand","embeddable":true,"href":"https:\/\/www.ateti.pt\/loja\/wp-json\/wp\/v2\/woo-feed-brand?post=13256"}],"curies":[{"name":"wp","href":"https:\/\/api.w.org\/{rel}","templated":true}]}}